


{"id":242683,"date":"2021-05-07T11:50:04","date_gmt":"2021-05-07T11:50:04","guid":{"rendered":"https:\/\/mci-implants.de\/dentegris_wp\/?page_id=242683"},"modified":"2026-02-12T14:05:46","modified_gmt":"2026-02-12T14:05:46","slug":"karriere","status":"publish","type":"page","link":"https:\/\/mci-implants.de\/en\/karriere\/","title":{"rendered":"Career"},"content":{"rendered":"<p>[et_pb_section fb_built=&#8221;1&#8243; admin_label=&#8221;B\u00fchne Unterseiten&#8221; _builder_version=&#8221;4.17.0&#8243; _module_preset=&#8221;9fe933c4-c187-4cb0-8b2f-81e4d839b598&#8243; background_image=&#8221;https:\/\/mci-implants.de\/wp-content\/uploads\/2022\/05\/shutterstock_530135791-scaled.jpg&#8221; background_last_edited=&#8221;on|desktop&#8221; global_colors_info=&#8221;{}&#8221;][et_pb_row admin_label=&#8221;H1 Headline&#8221; _builder_version=&#8221;4.16&#8243; _module_preset=&#8221;default&#8221; global_colors_info=&#8221;{}&#8221;][et_pb_column type=&#8221;4_4&#8243; _builder_version=&#8221;4.16&#8243; _module_preset=&#8221;default&#8221; global_colors_info=&#8221;{}&#8221;][et_pb_text content_last_edited=&#8221;off|desktop&#8221; admin_label=&#8221;H1 Headline&#8221; _builder_version=&#8221;4.17.0&#8243; _module_preset=&#8221;fe30ee57-8281-47cf-9af8-339269cdf523&#8243; custom_margin=&#8221;||0px||false|false&#8221; custom_margin_last_edited=&#8221;off|desktop&#8221; custom_padding_last_edited=&#8221;off|desktop&#8221; global_colors_info=&#8221;{}&#8221;]<\/p>\n<h1><span style=\"color: #003366;\">Karriere<\/span><br \/><span style=\"color: #003366;\">bei MCI<\/span><\/h1>\n<div id=\"gtx-trans\" style=\"position: absolute; left: -40px; top: -1.1108px;\">\n<div class=\"gtx-trans-icon\"><\/div>\n<\/div>\n<p>[\/et_pb_text][et_pb_divider color=&#8221;#011f3c&#8221; divider_weight=&#8221;3px&#8221; color_tablet=&#8221;&#8221; color_phone=&#8221;&#8221; color_last_edited=&#8221;on|desktop&#8221; show_divider_last_edited=&#8221;off|desktop&#8221; divider_style_tablet=&#8221;&#8221; divider_style_phone=&#8221;&#8221; divider_style_last_edited=&#8221;on|desktop&#8221; divider_position_tablet=&#8221;&#8221; divider_position_phone=&#8221;&#8221; divider_position_last_edited=&#8221;on|desktop&#8221; divider_weight_last_edited=&#8221;off|phone&#8221; _builder_version=&#8221;4.18.0&#8243; _module_preset=&#8221;default&#8221; width=&#8221;230px&#8221; width_tablet=&#8221;&#8221; width_phone=&#8221;&#8221; width_last_edited=&#8221;on|desktop&#8221; max_width_tablet=&#8221;&#8221; max_width_phone=&#8221;&#8221; max_width_last_edited=&#8221;on|desktop&#8221; min_height_tablet=&#8221;&#8221; min_height_phone=&#8221;&#8221; min_height_last_edited=&#8221;on|desktop&#8221; height_tablet=&#8221;&#8221; height_phone=&#8221;&#8221; height_last_edited=&#8221;on|desktop&#8221; max_height_tablet=&#8221;&#8221; max_height_phone=&#8221;&#8221; max_height_last_edited=&#8221;on|desktop&#8221; custom_margin_tablet=&#8221;&#8221; custom_margin_phone=&#8221;&#8221; custom_margin_last_edited=&#8221;on|desktop&#8221; custom_padding_tablet=&#8221;&#8221; custom_padding_phone=&#8221;&#8221; custom_padding_last_edited=&#8221;on|desktop&#8221; module_alignment_tablet=&#8221;&#8221; module_alignment_phone=&#8221;&#8221; module_alignment_last_edited=&#8221;on|desktop&#8221; global_colors_info=&#8221;{}&#8221;][\/et_pb_divider][et_pb_text content_last_edited=&#8221;off|desktop&#8221; _builder_version=&#8221;4.18.0&#8243; _module_preset=&#8221;default&#8221; text_font=&#8221;|600|||||||&#8221; text_text_color=&#8221;#FFFFFF&#8221; text_font_size=&#8221;17px&#8221; text_line_height=&#8221;1.1em&#8221; custom_margin=&#8221;-9px||||false|false&#8221; custom_margin_last_edited=&#8221;off|desktop&#8221; custom_padding=&#8221;0px||||false|false&#8221; custom_padding_tablet=&#8221;&#8221; custom_padding_phone=&#8221;&#8221; custom_padding_last_edited=&#8221;on|desktop&#8221; text_font_tablet=&#8221;&#8221; text_font_phone=&#8221;&#8221; text_font_last_edited=&#8221;on|desktop&#8221; text_text_color_tablet=&#8221;&#8221; text_text_color_phone=&#8221;&#8221; text_text_color_last_edited=&#8221;on|phone&#8221; text_font_size_tablet=&#8221;&#8221; text_font_size_phone=&#8221;&#8221; text_font_size_last_edited=&#8221;on|desktop&#8221; text_letter_spacing_tablet=&#8221;&#8221; text_letter_spacing_phone=&#8221;&#8221; text_letter_spacing_last_edited=&#8221;on|desktop&#8221; text_line_height_tablet=&#8221;&#8221; text_line_height_phone=&#8221;&#8221; text_line_height_last_edited=&#8221;on|desktop&#8221; text_orientation_tablet=&#8221;&#8221; text_orientation_phone=&#8221;&#8221; text_orientation_last_edited=&#8221;on|desktop&#8221; background_layout_tablet=&#8221;&#8221; background_layout_phone=&#8221;&#8221; background_layout_last_edited=&#8221;on|desktop&#8221; text_text_shadow_style=&#8221;preset5&#8243; text_text_shadow_color=&#8221;gcid-39fc4bda-5374-403f-bd94-c6231afcbfa4&#8243; global_colors_info=&#8221;{%22gcid-542558db-d4c5-4cf8-9e03-8c8fe393f10f%22:%91%22header_3_text_color%22%93,%22gcid-39fc4bda-5374-403f-bd94-c6231afcbfa4%22:%91%22text_text_shadow_color%22%93}&#8221;]<\/p>\n<p><span style=\"color: #10295d;\">Unser Implantat Ihre Zukunft<\/span><\/p>\n<p>[\/et_pb_text][\/et_pb_column][\/et_pb_row][\/et_pb_section][et_pb_section fb_built=&#8221;1&#8243; disabled_on=&#8221;off|off|off&#8221; admin_label=&#8221;Desktop Ansicht&#8221; _builder_version=&#8221;4.16&#8243; background_color=&#8221;gcid-d1d156f3-6c43-4c06-8615-2be414244329&#8243; custom_padding=&#8221;26px||12px|||&#8221; collapsed=&#8221;off&#8221; global_colors_info=&#8221;{%22gcid-d1d156f3-6c43-4c06-8615-2be414244329%22:%91%22background_color%22%93}&#8221;][et_pb_row column_structure=&#8221;2_3,1_3&#8243; custom_padding_last_edited=&#8221;on|desktop&#8221; _builder_version=&#8221;4.16&#8243; _module_preset=&#8221;default&#8221; custom_margin=&#8221;-10px|auto|-9px|auto|false|false&#8221; custom_margin_tablet=&#8221;&#8221; custom_margin_phone=&#8221;&#8221; custom_margin_last_edited=&#8221;on|desktop&#8221; custom_padding=&#8221;0px||0px||false|false&#8221; custom_padding_tablet=&#8221;&#8221; custom_padding_phone=&#8221;&#8221; global_colors_info=&#8221;{}&#8221;][et_pb_column type=&#8221;2_3&#8243; _builder_version=&#8221;4.16&#8243; _module_preset=&#8221;default&#8221; global_colors_info=&#8221;{}&#8221;][et_pb_text content_tablet=&#8221;&#8221; content_phone=&#8221;<\/p>\n<h3 style=%22text-align: left;%22>Gut aufgestellt<\/h3>\n<h3 style=%22text-align: left;%22><span style=%22color: #ea6a09;%22>in die Zukunft schauen<br \/><\/span><\/h3>\n<p>&#8221; content_last_edited=&#8221;on|phone&#8221; _builder_version=&#8221;4.18.0&#8243; _module_preset=&#8221;default&#8221; header_font=&#8221;Open Sans|600|||||||&#8221; header_text_color=&#8221;gcid-542558db-d4c5-4cf8-9e03-8c8fe393f10f&#8221; header_font_size=&#8221;50px&#8221; header_line_height=&#8221;0.8em&#8221; header_2_font=&#8221;|600|||||||&#8221; header_2_text_color=&#8221;gcid-542558db-d4c5-4cf8-9e03-8c8fe393f10f&#8221; header_2_font_size=&#8221;55px&#8221; header_font_size_last_edited=&#8221;off|desktop&#8221; header_2_font_last_edited=&#8221;off|desktop&#8221; header_2_text_align_last_edited=&#8221;off|desktop&#8221; header_2_text_color_last_edited=&#8221;off|desktop&#8221; header_2_font_size_last_edited=&#8221;off|desktop&#8221; header_2_letter_spacing_last_edited=&#8221;off|desktop&#8221; header_2_line_height_last_edited=&#8221;off|desktop&#8221; global_colors_info=&#8221;{%22gcid-542558db-d4c5-4cf8-9e03-8c8fe393f10f%22:%91%22header_2_text_color%22,%22header_text_color%22%93}&#8221;]<\/p>\n<h1 style=\"text-align: left;\">Gut aufgestellt<\/h1>\n<h1 style=\"text-align: left;\"><span style=\"color: #ea6a09;\">in die Zukunft schauen<br \/><\/span><\/h1>\n<p>[\/et_pb_text][et_pb_divider color=&#8221;gcid-568cb0db-1d11-4944-8850-97481de056ec&#8221; divider_weight=&#8221;3px&#8221; color_tablet=&#8221;&#8221; color_phone=&#8221;&#8221; color_last_edited=&#8221;on|desktop&#8221; show_divider_last_edited=&#8221;off|desktop&#8221; divider_style_tablet=&#8221;&#8221; divider_style_phone=&#8221;&#8221; divider_style_last_edited=&#8221;on|desktop&#8221; divider_position_tablet=&#8221;&#8221; divider_position_phone=&#8221;&#8221; divider_position_last_edited=&#8221;on|desktop&#8221; divider_weight_tablet=&#8221;&#8221; divider_weight_phone=&#8221;&#8221; divider_weight_last_edited=&#8221;on|desktop&#8221; _builder_version=&#8221;4.18.0&#8243; _module_preset=&#8221;default&#8221; width_tablet=&#8221;&#8221; width_phone=&#8221;&#8221; width_last_edited=&#8221;on|desktop&#8221; max_width=&#8221;180px&#8221; max_width_tablet=&#8221;&#8221; max_width_phone=&#8221;&#8221; max_width_last_edited=&#8221;on|desktop&#8221; min_height_tablet=&#8221;&#8221; min_height_phone=&#8221;&#8221; min_height_last_edited=&#8221;on|desktop&#8221; height_tablet=&#8221;&#8221; height_phone=&#8221;&#8221; height_last_edited=&#8221;on|desktop&#8221; max_height_tablet=&#8221;&#8221; max_height_phone=&#8221;&#8221; max_height_last_edited=&#8221;on|desktop&#8221; custom_margin_tablet=&#8221;&#8221; custom_margin_phone=&#8221;&#8221; custom_margin_last_edited=&#8221;on|desktop&#8221; custom_padding_tablet=&#8221;&#8221; custom_padding_phone=&#8221;&#8221; custom_padding_last_edited=&#8221;on|desktop&#8221; module_alignment_tablet=&#8221;&#8221; module_alignment_phone=&#8221;&#8221; module_alignment_last_edited=&#8221;on|desktop&#8221; global_colors_info=&#8221;{%22gcid-568cb0db-1d11-4944-8850-97481de056ec%22:%91%22color%22%93}&#8221;][\/et_pb_divider][et_pb_text content_last_edited=&#8221;off|desktop&#8221; _builder_version=&#8221;4.18.0&#8243; _module_preset=&#8221;e3b26f58-7404-4c45-b4e9-34af16fd4fd5&#8243; hover_enabled=&#8221;0&#8243; global_colors_info=&#8221;{}&#8221; sticky_enabled=&#8221;0&#8243;]<\/p>\n<p><span style=\"font-weight: 400;\">Es gibt eine Menge guter Gr\u00fcnde ein Teil der MCI zu werden. Die Mitarbeit in unserem dynamischen Team bietet viel Potential f\u00fcr Ihre pers\u00f6nliche Entwicklung. Wir sch\u00e4tzen Kollegen, die gerne als Teil eines Teams selbst\u00e4ndig arbeiten und mit vollem Einsatz die MCI weiterentwickeln wollen. Wenn Sie uns unterst\u00fctzen m\u00f6chten, freuen wir uns, Sie bald bei uns Willkommen zu hei\u00dfen.<\/span><\/p>\n<p><span style=\"font-weight: 400;\"><\/span><\/p>\n<figure class=\"wpmf-block-embed\"><div class=\"wpmf-block-embed__wrapper\"><iframe src=\"https:\/\/www.youtube.com\/embed\/gN3xj58fCrM\" frameborder=\"0\" allowfullscreen><\/iframe><\/div><\/figure> \n<p>&nbsp;<\/p>\n<p><span style=\"font-weight: 400;\"><\/span><\/p>\n<p><span style=\"font-weight: 400;\">Bewerbung\u00a0<\/span><\/p>\n<p><span style=\"font-weight: 400;\">Bitte bewerben Sie sich unter Angabe Ihres fr\u00fchestm\u00f6glichen Eintrittstermins talente@mci-implants.de<\/span><\/p>\n<p><span style=\"font-weight: 400;\">Zur besseren Lesbarkeit verwenden wir auf unserer Karriereseite nur eine Schreibweise (generisches Maskulinum).<\/span><\/p>\n<p><span style=\"font-weight: 400;\">Wir sprechen so alle Geschlechter gleicherma\u00dfen an, denn bei MCI wissen wir Vielfalt zu sch\u00e4tzen.\u00a0<\/span><\/p>\n<p>[\/et_pb_text][et_pb_text content_last_edited=&#8221;off|desktop&#8221; _builder_version=&#8221;4.18.0&#8243; _module_preset=&#8221;e3b26f58-7404-4c45-b4e9-34af16fd4fd5&#8243; global_colors_info=&#8221;{}&#8221;]<\/p>\n<h2>Hier finden Sie unsere offenen Stellen:<\/h2>\n<p>[\/et_pb_text][divi_wpfd_file_category category_id=&#8221;{%22categoryId%22:%22360%22,%22categoryPath%22:%22Jobs%22}&#8221; _builder_version=&#8221;4.17.0&#8243; _module_preset=&#8221;default&#8221; global_colors_info=&#8221;{}&#8221;][\/divi_wpfd_file_category][\/et_pb_column][et_pb_column type=&#8221;1_3&#8243; _builder_version=&#8221;4.16&#8243; _module_preset=&#8221;default&#8221; global_colors_info=&#8221;{}&#8221;][\/et_pb_column][\/et_pb_row][\/et_pb_section]<\/p>\n","protected":false},"excerpt":{"rendered":"<p>Karrierebei MCI Unser Implantat Ihre ZukunftGut aufgestellt in die Zukunft schauenEs gibt eine Menge guter Gr\u00fcnde ein Teil der MCI zu werden. Die Mitarbeit in unserem dynamischen Team bietet viel Potential f\u00fcr Ihre pers\u00f6nliche Entwicklung. Wir sch\u00e4tzen Kollegen, die gerne als Teil eines Teams selbst\u00e4ndig arbeiten und mit vollem Einsatz die MCI weiterentwickeln wollen. Wenn [&hellip;]<\/p>\n","protected":false},"author":6,"featured_media":0,"parent":0,"menu_order":70,"comment_status":"closed","ping_status":"closed","template":"","meta":{"_et_pb_use_builder":"on","_et_pb_old_content":"<p>\u00a0<\/p>\r\n<!-- wp:divi\/placeholder \/-->","_et_gb_content_width":"","footnotes":""},"class_list":["post-242683","page","type-page","status-publish","hentry"],"yoast_head":"<!-- This site is optimized with the Yoast SEO plugin v27.3 - https:\/\/yoast.com\/product\/yoast-seo-wordpress\/ -->\n<title>Karriere - MCI Dental Implants<\/title>\n<meta name=\"description\" content=\"Es gibt eine Menge guter Gr\u00fcnde ein Teil der MCI zu werden. Die Mitarbeit in unserem dynamischen Team bietet viel Potential f\u00fcr Ihre pers\u00f6nliche Entwicklung.\" \/>\n<meta name=\"robots\" content=\"index, follow, max-snippet:-1, max-image-preview:large, max-video-preview:-1\" \/>\n<link rel=\"canonical\" href=\"https:\/\/mci-implants.de\/en\/karriere\/\" \/>\n<meta property=\"og:locale\" content=\"en_GB\" \/>\n<meta property=\"og:type\" content=\"article\" \/>\n<meta property=\"og:title\" content=\"Karriere - MCI Dental Implants\" \/>\n<meta property=\"og:description\" content=\"Es gibt eine Menge guter Gr\u00fcnde ein Teil der MCI zu werden. Die Mitarbeit in unserem dynamischen Team bietet viel Potential f\u00fcr Ihre pers\u00f6nliche Entwicklung.\" \/>\n<meta property=\"og:url\" content=\"https:\/\/mci-implants.de\/en\/karriere\/\" \/>\n<meta property=\"og:site_name\" content=\"MCI Dental Implants\" \/>\n<meta property=\"article:modified_time\" content=\"2026-02-12T14:05:46+00:00\" \/>\n<meta property=\"og:image\" content=\"https:\/\/mci-implants.de\/wp-content\/uploads\/wpmf_remote_video\/mci-recruiting-video-2026-1-300x225.jpg\" \/>\n<meta name=\"twitter:label1\" content=\"Estimated reading time\" \/>\n\t<meta name=\"twitter:data1\" content=\"1 minute\" \/>\n<script type=\"application\/ld+json\" class=\"yoast-schema-graph\">{\"@context\":\"https:\\\/\\\/schema.org\",\"@graph\":[{\"@type\":\"WebPage\",\"@id\":\"https:\\\/\\\/mci-implants.de\\\/karriere\\\/\",\"url\":\"https:\\\/\\\/mci-implants.de\\\/karriere\\\/\",\"name\":\"Karriere - MCI Dental Implants\",\"isPartOf\":{\"@id\":\"https:\\\/\\\/mci-implants.de\\\/#website\"},\"primaryImageOfPage\":{\"@id\":\"https:\\\/\\\/mci-implants.de\\\/karriere\\\/#primaryimage\"},\"image\":{\"@id\":\"https:\\\/\\\/mci-implants.de\\\/karriere\\\/#primaryimage\"},\"thumbnailUrl\":\"https:\\\/\\\/mci-implants.de\\\/wp-content\\\/uploads\\\/wpmf_remote_video\\\/mci-recruiting-video-2026-1-300x225.jpg\",\"datePublished\":\"2021-05-07T11:50:04+00:00\",\"dateModified\":\"2026-02-12T14:05:46+00:00\",\"description\":\"Es gibt eine Menge guter Gr\u00fcnde ein Teil der MCI zu werden. Die Mitarbeit in unserem dynamischen Team bietet viel Potential f\u00fcr Ihre pers\u00f6nliche Entwicklung.\",\"breadcrumb\":{\"@id\":\"https:\\\/\\\/mci-implants.de\\\/karriere\\\/#breadcrumb\"},\"inLanguage\":\"en-GB\",\"potentialAction\":[{\"@type\":\"ReadAction\",\"target\":[\"https:\\\/\\\/mci-implants.de\\\/karriere\\\/\"]}]},{\"@type\":\"ImageObject\",\"inLanguage\":\"en-GB\",\"@id\":\"https:\\\/\\\/mci-implants.de\\\/karriere\\\/#primaryimage\",\"url\":\"https:\\\/\\\/mci-implants.de\\\/wp-content\\\/uploads\\\/wpmf_remote_video\\\/mci-recruiting-video-2026-1-300x225.jpg\",\"contentUrl\":\"https:\\\/\\\/mci-implants.de\\\/wp-content\\\/uploads\\\/wpmf_remote_video\\\/mci-recruiting-video-2026-1-300x225.jpg\"},{\"@type\":\"BreadcrumbList\",\"@id\":\"https:\\\/\\\/mci-implants.de\\\/karriere\\\/#breadcrumb\",\"itemListElement\":[{\"@type\":\"ListItem\",\"position\":1,\"name\":\"Home\",\"item\":\"https:\\\/\\\/mci-implants.de\\\/\"},{\"@type\":\"ListItem\",\"position\":2,\"name\":\"Karriere\"}]},{\"@type\":\"WebSite\",\"@id\":\"https:\\\/\\\/mci-implants.de\\\/#website\",\"url\":\"https:\\\/\\\/mci-implants.de\\\/\",\"name\":\"MCI Dental Implants\",\"description\":\"\",\"potentialAction\":[{\"@type\":\"SearchAction\",\"target\":{\"@type\":\"EntryPoint\",\"urlTemplate\":\"https:\\\/\\\/mci-implants.de\\\/?s={search_term_string}\"},\"query-input\":{\"@type\":\"PropertyValueSpecification\",\"valueRequired\":true,\"valueName\":\"search_term_string\"}}],\"inLanguage\":\"en-GB\"}]}<\/script>\n<!-- \/ Yoast SEO plugin. -->","yoast_head_json":{"title":"Karriere - MCI Dental Implants","description":"Es gibt eine Menge guter Gr\u00fcnde ein Teil der MCI zu werden. Die Mitarbeit in unserem dynamischen Team bietet viel Potential f\u00fcr Ihre pers\u00f6nliche Entwicklung.","robots":{"index":"index","follow":"follow","max-snippet":"max-snippet:-1","max-image-preview":"max-image-preview:large","max-video-preview":"max-video-preview:-1"},"canonical":"https:\/\/mci-implants.de\/en\/karriere\/","og_locale":"en_GB","og_type":"article","og_title":"Karriere - MCI Dental Implants","og_description":"Es gibt eine Menge guter Gr\u00fcnde ein Teil der MCI zu werden. Die Mitarbeit in unserem dynamischen Team bietet viel Potential f\u00fcr Ihre pers\u00f6nliche Entwicklung.","og_url":"https:\/\/mci-implants.de\/en\/karriere\/","og_site_name":"MCI Dental Implants","article_modified_time":"2026-02-12T14:05:46+00:00","og_image":[{"url":"https:\/\/mci-implants.de\/wp-content\/uploads\/wpmf_remote_video\/mci-recruiting-video-2026-1-300x225.jpg","type":"","width":"","height":""}],"twitter_misc":{"Estimated reading time":"1 minute"},"schema":{"@context":"https:\/\/schema.org","@graph":[{"@type":"WebPage","@id":"https:\/\/mci-implants.de\/karriere\/","url":"https:\/\/mci-implants.de\/karriere\/","name":"Karriere - MCI Dental Implants","isPartOf":{"@id":"https:\/\/mci-implants.de\/#website"},"primaryImageOfPage":{"@id":"https:\/\/mci-implants.de\/karriere\/#primaryimage"},"image":{"@id":"https:\/\/mci-implants.de\/karriere\/#primaryimage"},"thumbnailUrl":"https:\/\/mci-implants.de\/wp-content\/uploads\/wpmf_remote_video\/mci-recruiting-video-2026-1-300x225.jpg","datePublished":"2021-05-07T11:50:04+00:00","dateModified":"2026-02-12T14:05:46+00:00","description":"Es gibt eine Menge guter Gr\u00fcnde ein Teil der MCI zu werden. Die Mitarbeit in unserem dynamischen Team bietet viel Potential f\u00fcr Ihre pers\u00f6nliche Entwicklung.","breadcrumb":{"@id":"https:\/\/mci-implants.de\/karriere\/#breadcrumb"},"inLanguage":"en-GB","potentialAction":[{"@type":"ReadAction","target":["https:\/\/mci-implants.de\/karriere\/"]}]},{"@type":"ImageObject","inLanguage":"en-GB","@id":"https:\/\/mci-implants.de\/karriere\/#primaryimage","url":"https:\/\/mci-implants.de\/wp-content\/uploads\/wpmf_remote_video\/mci-recruiting-video-2026-1-300x225.jpg","contentUrl":"https:\/\/mci-implants.de\/wp-content\/uploads\/wpmf_remote_video\/mci-recruiting-video-2026-1-300x225.jpg"},{"@type":"BreadcrumbList","@id":"https:\/\/mci-implants.de\/karriere\/#breadcrumb","itemListElement":[{"@type":"ListItem","position":1,"name":"Home","item":"https:\/\/mci-implants.de\/"},{"@type":"ListItem","position":2,"name":"Karriere"}]},{"@type":"WebSite","@id":"https:\/\/mci-implants.de\/#website","url":"https:\/\/mci-implants.de\/","name":"MCI Dental Implants","description":"","potentialAction":[{"@type":"SearchAction","target":{"@type":"EntryPoint","urlTemplate":"https:\/\/mci-implants.de\/?s={search_term_string}"},"query-input":{"@type":"PropertyValueSpecification","valueRequired":true,"valueName":"search_term_string"}}],"inLanguage":"en-GB"}]}},"_links":{"self":[{"href":"https:\/\/mci-implants.de\/en\/wp-json\/wp\/v2\/pages\/242683","targetHints":{"allow":["GET"]}}],"collection":[{"href":"https:\/\/mci-implants.de\/en\/wp-json\/wp\/v2\/pages"}],"about":[{"href":"https:\/\/mci-implants.de\/en\/wp-json\/wp\/v2\/types\/page"}],"author":[{"embeddable":true,"href":"https:\/\/mci-implants.de\/en\/wp-json\/wp\/v2\/users\/6"}],"replies":[{"embeddable":true,"href":"https:\/\/mci-implants.de\/en\/wp-json\/wp\/v2\/comments?post=242683"}],"version-history":[{"count":16,"href":"https:\/\/mci-implants.de\/en\/wp-json\/wp\/v2\/pages\/242683\/revisions"}],"predecessor-version":[{"id":251313,"href":"https:\/\/mci-implants.de\/en\/wp-json\/wp\/v2\/pages\/242683\/revisions\/251313"}],"wp:attachment":[{"href":"https:\/\/mci-implants.de\/en\/wp-json\/wp\/v2\/media?parent=242683"}],"curies":[{"name":"wp","href":"https:\/\/api.w.org\/{rel}","templated":true}]}}