


{"id":242700,"date":"2021-05-10T06:44:56","date_gmt":"2021-05-10T06:44:56","guid":{"rendered":"https:\/\/mci-implants.de\/dentegris_wp\/mein-konto\/"},"modified":"2024-12-20T11:38:27","modified_gmt":"2024-12-20T11:38:27","slug":"mein-konto","status":"publish","type":"page","link":"https:\/\/mci-implants.de\/en\/shop\/mein-konto\/","title":{"rendered":"My account"},"content":{"rendered":"[et_pb_section fb_built=&#8221;1&#8243; admin_label=&#8221;section&#8221; _builder_version=&#8221;4.16&#8243; global_colors_info=&#8221;{}&#8221;][et_pb_row admin_label=&#8221;row&#8221; _builder_version=&#8221;4.16&#8243; background_size=&#8221;initial&#8221; background_position=&#8221;top_left&#8221; background_repeat=&#8221;repeat&#8221; global_colors_info=&#8221;{}&#8221;][et_pb_column type=&#8221;4_4&#8243; _builder_version=&#8221;4.16&#8243; custom_padding=&#8221;|||&#8221; global_colors_info=&#8221;{}&#8221; custom_padding__hover=&#8221;|||&#8221;][et_pb_text admin_label=&#8221;Text&#8221; _builder_version=&#8221;4.16&#8243; background_size=&#8221;initial&#8221; background_position=&#8221;top_left&#8221; background_repeat=&#8221;repeat&#8221; global_colors_info=&#8221;{}&#8221;]<div class=\"woocommerce\"><\/div>\n[\/et_pb_text][et_pb_text content_tablet=&#8221;<p>Um Preise im Onlineshop sehen und Bestellungen t\u00e4tigen zu k\u00f6nnen, m\u00fcssen Sie Ihre Kontodetails und Adresse vervollst\u00e4ndigen. Unsere Mitarbeiter werden Ihre Daten pr\u00fcfen und Sie anschlie\u00dfend freischalten. Dieser Vorgang kann in Einzelf\u00e4llen bis zu 48 Stunden dauern.<\/p>&#8221; content_phone=&#8221;<p>Um Preise im Onlineshop sehen und Bestellungen t\u00e4tigen zu k\u00f6nnen, m\u00fcssen Sie Ihre Kontodetails und Adresse vervollst\u00e4ndigen. Unsere Mitarbeiter werden Ihre Daten pr\u00fcfen und Sie anschlie\u00dfend freischalten. Dieser Vorgang kann in Einzelf\u00e4llen bis zu 48 Stunden dauern.<\/p>&#8221; content_last_edited=&#8221;on|desktop&#8221; _builder_version=&#8221;4.18.0&#8243; _module_preset=&#8221;default&#8221; display_conditions=&#8221;W3siaWQiOiIxMTdiODZlOC1jZGU4LTQ4ZGUtYjcxNS02YWYzOWVhZGVkZjciLCJjb25kaXRpb24iOiJ1c2VyUm9sZSIsImNvbmRpdGlvblNldHRpbmdzIjp7ImRpc3BsYXlSdWxlIjoiaXNOb3QiLCJ1c2VyUm9sZXMiOlt7ImxhYmVsIjoiUHJheGlzIHZlcmlmaXppZXJ0IiwidmFsdWUiOiJwcmF4aXMifSx7ImxhYmVsIjoiTGFib3IgdmVyaWZpemllcnQiLCJ2YWx1ZSI6ImxhYm9yLXZlcmlmaXppZXJ0In1dLCJ1c2VySWRzIjoiVXNlciBJRHMgc2VwYXJhdGVkIGJ5IGNvbW1hcyIsImFkbWluTGFiZWwiOiJVc2VyIFJvbGUiLCJlbmFibGVDb25kaXRpb24iOiJvbiJ9LCJvcGVyYXRvciI6Ik9SIn1d&#8221; overflow-x_tablet=&#8221;&#8221; overflow-x_phone=&#8221;&#8221; overflow-x_last_edited=&#8221;on|desktop&#8221; overflow-y_tablet=&#8221;&#8221; overflow-y_phone=&#8221;&#8221; overflow-y_last_edited=&#8221;on|desktop&#8221; global_colors_info=&#8221;{}&#8221;]<p>Um Preise im Onlineshop sehen und Bestellungen t\u00e4tigen zu k\u00f6nnen, m\u00fcssen Sie Ihre Kontodetails und Adresse vervollst\u00e4ndigen. Unsere Mitarbeiter werden Ihre Daten pr\u00fcfen und Sie anschlie\u00dfend freischalten. Dieser Vorgang kann in Einzelf\u00e4llen bis zu 48 Stunden dauern.<\/p>[\/et_pb_text][\/et_pb_column][\/et_pb_row][\/et_pb_section]","protected":false},"excerpt":{"rendered":"<p><div class=\"woocommerce\"><\/div> To view prices in the online store and place orders, you must complete your account details and address. Our employees will check your data and then activate it. In individual cases, this process can take up to 48 hours.<\/p>","protected":false},"author":6,"featured_media":0,"parent":242697,"menu_order":0,"comment_status":"closed","ping_status":"closed","template":"","meta":{"_et_pb_use_builder":"on","_et_pb_old_content":"<!-- wp:shortcode -->\n[woocommerce_my_account]\n<!-- \/wp:shortcode -->","_et_gb_content_width":"1200","footnotes":""},"class_list":["post-242700","page","type-page","status-publish","hentry"],"yoast_head":"<!-- This site is optimized with the Yoast SEO plugin v27.3 - https:\/\/yoast.com\/product\/yoast-seo-wordpress\/ -->\n<title>Mein Konto - MCI Dental Implants<\/title>\n<meta name=\"robots\" content=\"index, follow, max-snippet:-1, max-image-preview:large, max-video-preview:-1\" \/>\n<link rel=\"canonical\" href=\"https:\/\/mci-implants.de\/en\/shop\/mein-konto\/\" \/>\n<meta property=\"og:locale\" content=\"en_GB\" \/>\n<meta property=\"og:type\" content=\"article\" \/>\n<meta property=\"og:title\" content=\"Mein Konto - MCI Dental Implants\" \/>\n<meta property=\"og:description\" content=\"Um Preise im Onlineshop sehen und Bestellungen t\u00e4tigen zu k\u00f6nnen, m\u00fcssen Sie Ihre Kontodetails und Adresse vervollst\u00e4ndigen. Unsere Mitarbeiter werden Ihre Daten pr\u00fcfen und Sie anschlie\u00dfend freischalten. Dieser Vorgang kann in Einzelf\u00e4llen bis zu 48 Stunden dauern.\" \/>\n<meta property=\"og:url\" content=\"https:\/\/mci-implants.de\/en\/shop\/mein-konto\/\" \/>\n<meta property=\"og:site_name\" content=\"MCI Dental Implants\" \/>\n<meta property=\"article:modified_time\" content=\"2024-12-20T11:38:27+00:00\" \/>\n<meta name=\"twitter:label1\" content=\"Estimated reading time\" \/>\n\t<meta name=\"twitter:data1\" content=\"1 minute\" \/>\n<script type=\"application\/ld+json\" class=\"yoast-schema-graph\">{\"@context\":\"https:\\\/\\\/schema.org\",\"@graph\":[{\"@type\":\"WebPage\",\"@id\":\"https:\\\/\\\/mci-implants.de\\\/shop\\\/mein-konto\\\/\",\"url\":\"https:\\\/\\\/mci-implants.de\\\/shop\\\/mein-konto\\\/\",\"name\":\"Mein Konto - MCI Dental Implants\",\"isPartOf\":{\"@id\":\"https:\\\/\\\/mci-implants.de\\\/#website\"},\"datePublished\":\"2021-05-10T06:44:56+00:00\",\"dateModified\":\"2024-12-20T11:38:27+00:00\",\"breadcrumb\":{\"@id\":\"https:\\\/\\\/mci-implants.de\\\/shop\\\/mein-konto\\\/#breadcrumb\"},\"inLanguage\":\"en-GB\",\"potentialAction\":[{\"@type\":\"ReadAction\",\"target\":[\"https:\\\/\\\/mci-implants.de\\\/shop\\\/mein-konto\\\/\"]}]},{\"@type\":\"BreadcrumbList\",\"@id\":\"https:\\\/\\\/mci-implants.de\\\/shop\\\/mein-konto\\\/#breadcrumb\",\"itemListElement\":[{\"@type\":\"ListItem\",\"position\":1,\"name\":\"Home\",\"item\":\"https:\\\/\\\/mci-implants.de\\\/\"},{\"@type\":\"ListItem\",\"position\":2,\"name\":\"Shop\",\"item\":\"https:\\\/\\\/mci-implants.de\\\/shop\\\/\"},{\"@type\":\"ListItem\",\"position\":3,\"name\":\"Mein Konto\"}]},{\"@type\":\"WebSite\",\"@id\":\"https:\\\/\\\/mci-implants.de\\\/#website\",\"url\":\"https:\\\/\\\/mci-implants.de\\\/\",\"name\":\"MCI Dental Implants\",\"description\":\"\",\"potentialAction\":[{\"@type\":\"SearchAction\",\"target\":{\"@type\":\"EntryPoint\",\"urlTemplate\":\"https:\\\/\\\/mci-implants.de\\\/?s={search_term_string}\"},\"query-input\":{\"@type\":\"PropertyValueSpecification\",\"valueRequired\":true,\"valueName\":\"search_term_string\"}}],\"inLanguage\":\"en-GB\"}]}<\/script>\n<!-- \/ Yoast SEO plugin. -->","yoast_head_json":{"title":"Mein Konto - MCI Dental Implants","robots":{"index":"index","follow":"follow","max-snippet":"max-snippet:-1","max-image-preview":"max-image-preview:large","max-video-preview":"max-video-preview:-1"},"canonical":"https:\/\/mci-implants.de\/en\/shop\/mein-konto\/","og_locale":"en_GB","og_type":"article","og_title":"Mein Konto - MCI Dental Implants","og_description":"Um Preise im Onlineshop sehen und Bestellungen t\u00e4tigen zu k\u00f6nnen, m\u00fcssen Sie Ihre Kontodetails und Adresse vervollst\u00e4ndigen. Unsere Mitarbeiter werden Ihre Daten pr\u00fcfen und Sie anschlie\u00dfend freischalten. Dieser Vorgang kann in Einzelf\u00e4llen bis zu 48 Stunden dauern.","og_url":"https:\/\/mci-implants.de\/en\/shop\/mein-konto\/","og_site_name":"MCI Dental Implants","article_modified_time":"2024-12-20T11:38:27+00:00","twitter_misc":{"Estimated reading time":"1 minute"},"schema":{"@context":"https:\/\/schema.org","@graph":[{"@type":"WebPage","@id":"https:\/\/mci-implants.de\/shop\/mein-konto\/","url":"https:\/\/mci-implants.de\/shop\/mein-konto\/","name":"Mein Konto - MCI Dental Implants","isPartOf":{"@id":"https:\/\/mci-implants.de\/#website"},"datePublished":"2021-05-10T06:44:56+00:00","dateModified":"2024-12-20T11:38:27+00:00","breadcrumb":{"@id":"https:\/\/mci-implants.de\/shop\/mein-konto\/#breadcrumb"},"inLanguage":"en-GB","potentialAction":[{"@type":"ReadAction","target":["https:\/\/mci-implants.de\/shop\/mein-konto\/"]}]},{"@type":"BreadcrumbList","@id":"https:\/\/mci-implants.de\/shop\/mein-konto\/#breadcrumb","itemListElement":[{"@type":"ListItem","position":1,"name":"Home","item":"https:\/\/mci-implants.de\/"},{"@type":"ListItem","position":2,"name":"Shop","item":"https:\/\/mci-implants.de\/shop\/"},{"@type":"ListItem","position":3,"name":"Mein Konto"}]},{"@type":"WebSite","@id":"https:\/\/mci-implants.de\/#website","url":"https:\/\/mci-implants.de\/","name":"MCI Dental Implants","description":"","potentialAction":[{"@type":"SearchAction","target":{"@type":"EntryPoint","urlTemplate":"https:\/\/mci-implants.de\/?s={search_term_string}"},"query-input":{"@type":"PropertyValueSpecification","valueRequired":true,"valueName":"search_term_string"}}],"inLanguage":"en-GB"}]}},"_links":{"self":[{"href":"https:\/\/mci-implants.de\/en\/wp-json\/wp\/v2\/pages\/242700","targetHints":{"allow":["GET"]}}],"collection":[{"href":"https:\/\/mci-implants.de\/en\/wp-json\/wp\/v2\/pages"}],"about":[{"href":"https:\/\/mci-implants.de\/en\/wp-json\/wp\/v2\/types\/page"}],"author":[{"embeddable":true,"href":"https:\/\/mci-implants.de\/en\/wp-json\/wp\/v2\/users\/6"}],"replies":[{"embeddable":true,"href":"https:\/\/mci-implants.de\/en\/wp-json\/wp\/v2\/comments?post=242700"}],"version-history":[{"count":9,"href":"https:\/\/mci-implants.de\/en\/wp-json\/wp\/v2\/pages\/242700\/revisions"}],"predecessor-version":[{"id":250698,"href":"https:\/\/mci-implants.de\/en\/wp-json\/wp\/v2\/pages\/242700\/revisions\/250698"}],"up":[{"embeddable":true,"href":"https:\/\/mci-implants.de\/en\/wp-json\/wp\/v2\/pages\/242697"}],"wp:attachment":[{"href":"https:\/\/mci-implants.de\/en\/wp-json\/wp\/v2\/media?parent=242700"}],"curies":[{"name":"wp","href":"https:\/\/api.w.org\/{rel}","templated":true}]}}