


{"id":243678,"date":"2021-07-09T12:31:19","date_gmt":"2021-07-09T12:31:19","guid":{"rendered":"https:\/\/mci-implants.de\/dentegris_wp\/?page_id=243678"},"modified":"2021-07-09T12:32:26","modified_gmt":"2021-07-09T12:32:26","slug":"pflege-wartung","status":"publish","type":"page","link":"https:\/\/mci-implants.de\/en\/service\/produktservice\/pflege-wartung\/","title":{"rendered":"Pflege &#038; Wartung"},"content":{"rendered":"<p>[et_pb_section fb_built=&#8221;1&#8243; admin_label=&#8221;B\u00fchne Unterseiten&#8221; _builder_version=&#8221;4.9.4&#8243; _module_preset=&#8221;9fe933c4-c187-4cb0-8b2f-81e4d839b598&#8243;][et_pb_row admin_label=&#8221;H1 Headline&#8221; _builder_version=&#8221;4.9.4&#8243; _module_preset=&#8221;default&#8221;][et_pb_column type=&#8221;4_4&#8243; _builder_version=&#8221;4.9.4&#8243; _module_preset=&#8221;default&#8221;][et_pb_text content_last_edited=&#8221;off|desktop&#8221; admin_label=&#8221;H1 Headline&#8221; _builder_version=&#8221;4.9.7&#8243; _module_preset=&#8221;fe30ee57-8281-47cf-9af8-339269cdf523&#8243; custom_margin=&#8221;||0px||false|false&#8221; custom_margin_last_edited=&#8221;off|desktop&#8221; custom_padding_last_edited=&#8221;off|desktop&#8221; hover_enabled=&#8221;0&#8243; sticky_enabled=&#8221;0&#8243;]<\/p>\n<h1>Service<\/h1>\n<p>[\/et_pb_text][et_pb_divider color=&#8221;#FFFFFF&#8221; divider_weight=&#8221;3px&#8221; color_tablet=&#8221;&#8221; color_phone=&#8221;&#8221; color_last_edited=&#8221;on|desktop&#8221; show_divider_tablet=&#8221;&#8221; show_divider_phone=&#8221;&#8221; show_divider_last_edited=&#8221;on|desktop&#8221; divider_style_tablet=&#8221;&#8221; divider_style_phone=&#8221;&#8221; divider_style_last_edited=&#8221;on|desktop&#8221; divider_position_tablet=&#8221;&#8221; divider_position_phone=&#8221;&#8221; divider_position_last_edited=&#8221;on|desktop&#8221; divider_weight_last_edited=&#8221;off|phone&#8221; _builder_version=&#8221;4.9.4&#8243; _module_preset=&#8221;default&#8221; width=&#8221;230px&#8221; width_tablet=&#8221;&#8221; width_phone=&#8221;&#8221; width_last_edited=&#8221;on|desktop&#8221; max_width_tablet=&#8221;&#8221; max_width_phone=&#8221;&#8221; max_width_last_edited=&#8221;on|desktop&#8221; min_height_tablet=&#8221;&#8221; min_height_phone=&#8221;&#8221; min_height_last_edited=&#8221;on|desktop&#8221; height_tablet=&#8221;&#8221; height_phone=&#8221;&#8221; height_last_edited=&#8221;on|desktop&#8221; max_height_tablet=&#8221;&#8221; max_height_phone=&#8221;&#8221; max_height_last_edited=&#8221;on|desktop&#8221; custom_margin_tablet=&#8221;&#8221; custom_margin_phone=&#8221;&#8221; custom_margin_last_edited=&#8221;on|desktop&#8221; custom_padding_tablet=&#8221;&#8221; custom_padding_phone=&#8221;&#8221; custom_padding_last_edited=&#8221;on|desktop&#8221; module_alignment_tablet=&#8221;&#8221; module_alignment_phone=&#8221;&#8221; module_alignment_last_edited=&#8221;on|desktop&#8221;][\/et_pb_divider][et_pb_text content_last_edited=&#8221;off|desktop&#8221; _builder_version=&#8221;4.9.7&#8243; _module_preset=&#8221;default&#8221; text_font=&#8221;|600|||||||&#8221; text_text_color=&#8221;#FFFFFF&#8221; text_font_size=&#8221;17px&#8221; text_line_height=&#8221;1.1em&#8221; custom_margin=&#8221;-9px||||false|false&#8221; custom_margin_last_edited=&#8221;off|desktop&#8221; custom_padding=&#8221;0px||||false|false&#8221; custom_padding_tablet=&#8221;&#8221; custom_padding_phone=&#8221;&#8221; custom_padding_last_edited=&#8221;on|desktop&#8221; hover_enabled=&#8221;0&#8243; text_font_tablet=&#8221;&#8221; text_font_phone=&#8221;&#8221; text_font_last_edited=&#8221;on|desktop&#8221; text_text_color_tablet=&#8221;&#8221; text_text_color_phone=&#8221;&#8221; text_text_color_last_edited=&#8221;on|desktop&#8221; text_font_size_tablet=&#8221;&#8221; text_font_size_phone=&#8221;&#8221; text_font_size_last_edited=&#8221;on|desktop&#8221; text_letter_spacing_tablet=&#8221;&#8221; text_letter_spacing_phone=&#8221;&#8221; text_letter_spacing_last_edited=&#8221;on|desktop&#8221; text_line_height_tablet=&#8221;&#8221; text_line_height_phone=&#8221;&#8221; text_line_height_last_edited=&#8221;on|desktop&#8221; text_orientation_tablet=&#8221;&#8221; text_orientation_phone=&#8221;&#8221; text_orientation_last_edited=&#8221;on|desktop&#8221; background_layout_tablet=&#8221;&#8221; background_layout_phone=&#8221;&#8221; background_layout_last_edited=&#8221;on|desktop&#8221; sticky_enabled=&#8221;0&#8243;]<\/p>\n<p>Dentegris OP-Support<\/p>\n<p>[\/et_pb_text][\/et_pb_column][\/et_pb_row][\/et_pb_section][et_pb_section fb_built=&#8221;1&#8243; disabled_on=&#8221;off|off|off&#8221; admin_label=&#8221;Desktop Ansicht&#8221; _builder_version=&#8221;4.9.4&#8243; background_color=&#8221;gcid-d1d156f3-6c43-4c06-8615-2be414244329&#8243; background_enable_color=&#8221;off&#8221; custom_padding=&#8221;26px||12px|||&#8221; background_last_edited=&#8221;on|desktop&#8221; collapsed=&#8221;off&#8221; global_colors_info=&#8221;{%22gcid-d1d156f3-6c43-4c06-8615-2be414244329%22:%91%22background_color%22%93}&#8221;][et_pb_row column_structure=&#8221;2_3,1_3&#8243; custom_padding_last_edited=&#8221;on|desktop&#8221; _builder_version=&#8221;4.9.2&#8243; _module_preset=&#8221;default&#8221; custom_margin=&#8221;-10px|auto|-9px|auto|false|false&#8221; custom_margin_tablet=&#8221;&#8221; custom_margin_phone=&#8221;&#8221; custom_margin_last_edited=&#8221;on|desktop&#8221; custom_padding=&#8221;0px||0px||false|false&#8221; custom_padding_tablet=&#8221;&#8221; custom_padding_phone=&#8221;&#8221;][et_pb_column type=&#8221;2_3&#8243; _builder_version=&#8221;4.9.2&#8243; _module_preset=&#8221;default&#8221;][et_pb_text content_tablet=&#8221;&#8221; content_phone=&#8221;&#8221; content_last_edited=&#8221;on|desktop&#8221; _builder_version=&#8221;4.9.7&#8243; _module_preset=&#8221;default&#8221; header_font=&#8221;Open Sans|600|||||||&#8221; header_text_color=&#8221;gcid-542558db-d4c5-4cf8-9e03-8c8fe393f10f&#8221; header_font_size=&#8221;50px&#8221; header_line_height=&#8221;0.8em&#8221; header_2_font=&#8221;|600|||||||&#8221; header_2_text_color=&#8221;gcid-542558db-d4c5-4cf8-9e03-8c8fe393f10f&#8221; header_2_font_size=&#8221;55px&#8221; hover_enabled=&#8221;0&#8243; header_font_size_last_edited=&#8221;off|desktop&#8221; header_2_font_last_edited=&#8221;off|desktop&#8221; header_2_text_align_last_edited=&#8221;off|desktop&#8221; header_2_text_color_last_edited=&#8221;off|desktop&#8221; header_2_font_size_last_edited=&#8221;off|desktop&#8221; header_2_letter_spacing_last_edited=&#8221;off|desktop&#8221; header_2_line_height_last_edited=&#8221;off|desktop&#8221; global_colors_info=&#8221;{%22gcid-542558db-d4c5-4cf8-9e03-8c8fe393f10f%22:%91%22header_2_text_color%22,%22header_text_color%22%93}&#8221; sticky_enabled=&#8221;0&#8243;]<\/p>\n<h1 style=\"text-align: left;\">OP-Betreuung<\/h1>\n<h1 style=\"text-align: left;\"><span style=\"color: #ea6a09;\">durch Dentegris-Fachpersonal<br \/><\/span><\/h1>\n<p>[\/et_pb_text][et_pb_divider color=&#8221;gcid-568cb0db-1d11-4944-8850-97481de056ec&#8221; divider_weight=&#8221;3px&#8221; color_tablet=&#8221;&#8221; color_phone=&#8221;&#8221; color_last_edited=&#8221;on|desktop&#8221; show_divider_tablet=&#8221;&#8221; show_divider_phone=&#8221;&#8221; show_divider_last_edited=&#8221;on|desktop&#8221; divider_style_tablet=&#8221;&#8221; divider_style_phone=&#8221;&#8221; divider_style_last_edited=&#8221;on|desktop&#8221; divider_position_tablet=&#8221;&#8221; divider_position_phone=&#8221;&#8221; divider_position_last_edited=&#8221;on|desktop&#8221; divider_weight_tablet=&#8221;&#8221; divider_weight_phone=&#8221;&#8221; divider_weight_last_edited=&#8221;on|desktop&#8221; _builder_version=&#8221;4.9.2&#8243; _module_preset=&#8221;default&#8221; width_tablet=&#8221;&#8221; width_phone=&#8221;&#8221; width_last_edited=&#8221;on|desktop&#8221; max_width=&#8221;180px&#8221; max_width_tablet=&#8221;&#8221; max_width_phone=&#8221;&#8221; max_width_last_edited=&#8221;on|desktop&#8221; min_height_tablet=&#8221;&#8221; min_height_phone=&#8221;&#8221; min_height_last_edited=&#8221;on|desktop&#8221; height_tablet=&#8221;&#8221; height_phone=&#8221;&#8221; height_last_edited=&#8221;on|desktop&#8221; max_height_tablet=&#8221;&#8221; max_height_phone=&#8221;&#8221; max_height_last_edited=&#8221;on|desktop&#8221; custom_margin_tablet=&#8221;&#8221; custom_margin_phone=&#8221;&#8221; custom_margin_last_edited=&#8221;on|desktop&#8221; custom_padding_tablet=&#8221;&#8221; custom_padding_phone=&#8221;&#8221; custom_padding_last_edited=&#8221;on|desktop&#8221; module_alignment_tablet=&#8221;&#8221; module_alignment_phone=&#8221;&#8221; module_alignment_last_edited=&#8221;on|desktop&#8221; global_colors_info=&#8221;{%22gcid-568cb0db-1d11-4944-8850-97481de056ec%22:%91%22color%22%93}&#8221;][\/et_pb_divider][\/et_pb_column][et_pb_column type=&#8221;1_3&#8243; _builder_version=&#8221;4.9.2&#8243; _module_preset=&#8221;default&#8221;][\/et_pb_column][\/et_pb_row][et_pb_row _builder_version=&#8221;4.9.7&#8243; _module_preset=&#8221;default&#8221; column_structure=&#8221;3_5,2_5&#8243;][et_pb_column _builder_version=&#8221;4.9.7&#8243; _module_preset=&#8221;default&#8221; type=&#8221;3_5&#8243;][et_pb_text _builder_version=&#8221;4.9.7&#8243; _module_preset=&#8221;default&#8221; hover_enabled=&#8221;0&#8243; sticky_enabled=&#8221;0&#8243;]<\/p>\n<p>Wir freuen uns, dass Ihre Wahl auf das Dentegris Implantatsystem gefallen ist!<\/p>\n<p>Egal, ob Sie gerade erst neu in die Implantologie einsteigen oder Systemumsteiger mit Implantaterfahrung sind &#8211; in der praktischen Anwendung des neuen Instrumentariums w\u00e4hrend einer OP k\u00f6nnen sich f\u00fcr den Behandler und seine Assistenz Fragestellungen ergeben, die akut beantwortet werden wollen. Vermeiden Sie Stressmomente, indem Sie bei Ihrer ersten OP mit dem Dentegris-Implantat-System auf unseren OP-Support zur\u00fcckgreifen! Folgende Arten der Unterst\u00fctzung bieten wir Ihnen an:<\/p>\n<ul>\n<li>OP-Betreuung durch geschulte Dentegris-Mitarbeiter bei Ihrer(n) ersten OP(s) mit dem Dentegris-Implantat-System (Von Dentegris empfohlen!)<\/li>\n<li>Schulung Ihrer OP-Assistenz durch Dentegris-Fachpersonal<\/li>\n<\/ul>\n<p>F\u00fcr alle Fragen zu diesem Thema erreichten Sie uns direkt unter 02841-882710 oder sie wenden sich direkt an den f\u00fcr Sie zust\u00e4ndigen Vertriebsmitarbeiter.<\/p>\n<p>[\/et_pb_text][\/et_pb_column][et_pb_column _builder_version=&#8221;4.9.7&#8243; _module_preset=&#8221;default&#8221; type=&#8221;2_5&#8243;][\/et_pb_column][\/et_pb_row][\/et_pb_section]<\/p>\n","protected":false},"excerpt":{"rendered":"<p>ServiceDentegris OP-SupportOP-Betreuung durch Dentegris-FachpersonalWir freuen uns, dass Ihre Wahl auf das Dentegris Implantatsystem gefallen ist! Egal, ob Sie gerade erst neu in die Implantologie einsteigen oder Systemumsteiger mit Implantaterfahrung sind &#8211; in der praktischen Anwendung des neuen Instrumentariums w\u00e4hrend einer OP k\u00f6nnen sich f\u00fcr den Behandler und seine Assistenz Fragestellungen ergeben, die akut beantwortet werden [&hellip;]<\/p>\n","protected":false},"author":6,"featured_media":0,"parent":243669,"menu_order":60,"comment_status":"closed","ping_status":"closed","template":"","meta":{"_et_pb_use_builder":"on","_et_pb_old_content":"<!-- wp:divi\/placeholder \/-->","_et_gb_content_width":"","footnotes":""},"class_list":["post-243678","page","type-page","status-publish","hentry"],"yoast_head":"<!-- This site is optimized with the Yoast SEO plugin v27.3 - https:\/\/yoast.com\/product\/yoast-seo-wordpress\/ -->\n<title>Pflege &amp; Wartung - MCI Dental Implants<\/title>\n<meta name=\"robots\" content=\"index, follow, max-snippet:-1, max-image-preview:large, max-video-preview:-1\" \/>\n<link rel=\"canonical\" href=\"https:\/\/mci-implants.de\/en\/service\/produktservice\/pflege-wartung\/\" \/>\n<meta property=\"og:locale\" content=\"en_GB\" \/>\n<meta property=\"og:type\" content=\"article\" \/>\n<meta property=\"og:title\" content=\"Pflege &amp; Wartung - MCI Dental Implants\" \/>\n<meta property=\"og:description\" content=\"ServiceDentegris OP-SupportOP-Betreuung durch Dentegris-FachpersonalWir freuen uns, dass Ihre Wahl auf das Dentegris Implantatsystem gefallen ist! Egal, ob Sie gerade erst neu in die Implantologie einsteigen oder Systemumsteiger mit Implantaterfahrung sind - in der praktischen Anwendung des neuen Instrumentariums w\u00e4hrend einer OP k\u00f6nnen sich f\u00fcr den Behandler und seine Assistenz Fragestellungen ergeben, die akut beantwortet werden [&hellip;]\" \/>\n<meta property=\"og:url\" content=\"https:\/\/mci-implants.de\/en\/service\/produktservice\/pflege-wartung\/\" \/>\n<meta property=\"og:site_name\" content=\"MCI Dental Implants\" \/>\n<meta property=\"article:modified_time\" content=\"2021-07-09T12:32:26+00:00\" \/>\n<script type=\"application\/ld+json\" class=\"yoast-schema-graph\">{\"@context\":\"https:\\\/\\\/schema.org\",\"@graph\":[{\"@type\":\"WebPage\",\"@id\":\"https:\\\/\\\/mci-implants.de\\\/service\\\/produktservice\\\/pflege-wartung\\\/\",\"url\":\"https:\\\/\\\/mci-implants.de\\\/service\\\/produktservice\\\/pflege-wartung\\\/\",\"name\":\"Pflege & Wartung - MCI Dental Implants\",\"isPartOf\":{\"@id\":\"https:\\\/\\\/mci-implants.de\\\/#website\"},\"datePublished\":\"2021-07-09T12:31:19+00:00\",\"dateModified\":\"2021-07-09T12:32:26+00:00\",\"breadcrumb\":{\"@id\":\"https:\\\/\\\/mci-implants.de\\\/service\\\/produktservice\\\/pflege-wartung\\\/#breadcrumb\"},\"inLanguage\":\"en-GB\",\"potentialAction\":[{\"@type\":\"ReadAction\",\"target\":[\"https:\\\/\\\/mci-implants.de\\\/service\\\/produktservice\\\/pflege-wartung\\\/\"]}]},{\"@type\":\"BreadcrumbList\",\"@id\":\"https:\\\/\\\/mci-implants.de\\\/service\\\/produktservice\\\/pflege-wartung\\\/#breadcrumb\",\"itemListElement\":[{\"@type\":\"ListItem\",\"position\":1,\"name\":\"Home\",\"item\":\"https:\\\/\\\/mci-implants.de\\\/\"},{\"@type\":\"ListItem\",\"position\":2,\"name\":\"Service\",\"item\":\"https:\\\/\\\/mci-implants.de\\\/service\\\/\"},{\"@type\":\"ListItem\",\"position\":3,\"name\":\"Produktservice\",\"item\":\"https:\\\/\\\/mci-implants.de\\\/service\\\/produktservice\\\/\"},{\"@type\":\"ListItem\",\"position\":4,\"name\":\"Pflege &#038; Wartung\"}]},{\"@type\":\"WebSite\",\"@id\":\"https:\\\/\\\/mci-implants.de\\\/#website\",\"url\":\"https:\\\/\\\/mci-implants.de\\\/\",\"name\":\"MCI Dental Implants\",\"description\":\"\",\"potentialAction\":[{\"@type\":\"SearchAction\",\"target\":{\"@type\":\"EntryPoint\",\"urlTemplate\":\"https:\\\/\\\/mci-implants.de\\\/?s={search_term_string}\"},\"query-input\":{\"@type\":\"PropertyValueSpecification\",\"valueRequired\":true,\"valueName\":\"search_term_string\"}}],\"inLanguage\":\"en-GB\"}]}<\/script>\n<!-- \/ Yoast SEO plugin. -->","yoast_head_json":{"title":"Pflege & Wartung - MCI Dental Implants","robots":{"index":"index","follow":"follow","max-snippet":"max-snippet:-1","max-image-preview":"max-image-preview:large","max-video-preview":"max-video-preview:-1"},"canonical":"https:\/\/mci-implants.de\/en\/service\/produktservice\/pflege-wartung\/","og_locale":"en_GB","og_type":"article","og_title":"Pflege & Wartung - MCI Dental Implants","og_description":"ServiceDentegris OP-SupportOP-Betreuung durch Dentegris-FachpersonalWir freuen uns, dass Ihre Wahl auf das Dentegris Implantatsystem gefallen ist! Egal, ob Sie gerade erst neu in die Implantologie einsteigen oder Systemumsteiger mit Implantaterfahrung sind - in der praktischen Anwendung des neuen Instrumentariums w\u00e4hrend einer OP k\u00f6nnen sich f\u00fcr den Behandler und seine Assistenz Fragestellungen ergeben, die akut beantwortet werden [&hellip;]","og_url":"https:\/\/mci-implants.de\/en\/service\/produktservice\/pflege-wartung\/","og_site_name":"MCI Dental Implants","article_modified_time":"2021-07-09T12:32:26+00:00","schema":{"@context":"https:\/\/schema.org","@graph":[{"@type":"WebPage","@id":"https:\/\/mci-implants.de\/service\/produktservice\/pflege-wartung\/","url":"https:\/\/mci-implants.de\/service\/produktservice\/pflege-wartung\/","name":"Pflege & Wartung - MCI Dental Implants","isPartOf":{"@id":"https:\/\/mci-implants.de\/#website"},"datePublished":"2021-07-09T12:31:19+00:00","dateModified":"2021-07-09T12:32:26+00:00","breadcrumb":{"@id":"https:\/\/mci-implants.de\/service\/produktservice\/pflege-wartung\/#breadcrumb"},"inLanguage":"en-GB","potentialAction":[{"@type":"ReadAction","target":["https:\/\/mci-implants.de\/service\/produktservice\/pflege-wartung\/"]}]},{"@type":"BreadcrumbList","@id":"https:\/\/mci-implants.de\/service\/produktservice\/pflege-wartung\/#breadcrumb","itemListElement":[{"@type":"ListItem","position":1,"name":"Home","item":"https:\/\/mci-implants.de\/"},{"@type":"ListItem","position":2,"name":"Service","item":"https:\/\/mci-implants.de\/service\/"},{"@type":"ListItem","position":3,"name":"Produktservice","item":"https:\/\/mci-implants.de\/service\/produktservice\/"},{"@type":"ListItem","position":4,"name":"Pflege &#038; Wartung"}]},{"@type":"WebSite","@id":"https:\/\/mci-implants.de\/#website","url":"https:\/\/mci-implants.de\/","name":"MCI Dental Implants","description":"","potentialAction":[{"@type":"SearchAction","target":{"@type":"EntryPoint","urlTemplate":"https:\/\/mci-implants.de\/?s={search_term_string}"},"query-input":{"@type":"PropertyValueSpecification","valueRequired":true,"valueName":"search_term_string"}}],"inLanguage":"en-GB"}]}},"_links":{"self":[{"href":"https:\/\/mci-implants.de\/en\/wp-json\/wp\/v2\/pages\/243678","targetHints":{"allow":["GET"]}}],"collection":[{"href":"https:\/\/mci-implants.de\/en\/wp-json\/wp\/v2\/pages"}],"about":[{"href":"https:\/\/mci-implants.de\/en\/wp-json\/wp\/v2\/types\/page"}],"author":[{"embeddable":true,"href":"https:\/\/mci-implants.de\/en\/wp-json\/wp\/v2\/users\/6"}],"replies":[{"embeddable":true,"href":"https:\/\/mci-implants.de\/en\/wp-json\/wp\/v2\/comments?post=243678"}],"version-history":[{"count":1,"href":"https:\/\/mci-implants.de\/en\/wp-json\/wp\/v2\/pages\/243678\/revisions"}],"predecessor-version":[{"id":243682,"href":"https:\/\/mci-implants.de\/en\/wp-json\/wp\/v2\/pages\/243678\/revisions\/243682"}],"up":[{"embeddable":true,"href":"https:\/\/mci-implants.de\/en\/wp-json\/wp\/v2\/pages\/243669"}],"wp:attachment":[{"href":"https:\/\/mci-implants.de\/en\/wp-json\/wp\/v2\/media?parent=243678"}],"curies":[{"name":"wp","href":"https:\/\/api.w.org\/{rel}","templated":true}]}}