


{"id":243823,"date":"2021-07-13T05:25:34","date_gmt":"2021-07-13T05:25:34","guid":{"rendered":"https:\/\/mci-implants.de\/dentegris_wp\/?page_id=243823"},"modified":"2024-05-24T13:50:03","modified_gmt":"2024-05-24T13:50:03","slug":"partner","status":"publish","type":"page","link":"https:\/\/mci-implants.de\/en\/unternehmen\/partner\/","title":{"rendered":"partner"},"content":{"rendered":"\n[et_pb_section fb_built=&#8221;1&#8243; admin_label=&#8221;B\u00fchne Unterseiten&#8221; _builder_version=&#8221;4.16&#8243; _module_preset=&#8221;9fe933c4-c187-4cb0-8b2f-81e4d839b598&#8243; background_image=&#8221;https:\/\/mci-implants.de\/wp-content\/uploads\/2021\/09\/Dentegris-Vertriebspartner-werden.jpg&#8221; background_last_edited=&#8221;off|desktop&#8221; collapsed=&#8221;off&#8221; global_colors_info=&#8221;{}&#8221;][et_pb_row admin_label=&#8221;H1 Headline&#8221; _builder_version=&#8221;4.16&#8243; _module_preset=&#8221;default&#8221; collapsed=&#8221;on&#8221; global_colors_info=&#8221;{}&#8221;][et_pb_column type=&#8221;4_4&#8243; _builder_version=&#8221;4.16&#8243; _module_preset=&#8221;default&#8221; global_colors_info=&#8221;{}&#8221;][et_pb_text content_last_edited=&#8221;off|desktop&#8221; admin_label=&#8221;H1 Headline&#8221; _builder_version=&#8221;4.16&#8243; _module_preset=&#8221;fe30ee57-8281-47cf-9af8-339269cdf523&#8243; custom_margin=&#8221;||0px||false|false&#8221; custom_margin_last_edited=&#8221;off|desktop&#8221; custom_padding_last_edited=&#8221;off|desktop&#8221; global_colors_info=&#8221;{}&#8221;]<h1>MCI-Global<\/h1>[\/et_pb_text][et_pb_divider color=&#8221;#FFFFFF&#8221; divider_weight=&#8221;3px&#8221; color_tablet=&#8221;&#8221; color_phone=&#8221;&#8221; color_last_edited=&#8221;on|desktop&#8221; show_divider_tablet=&#8221;&#8221; show_divider_phone=&#8221;&#8221; show_divider_last_edited=&#8221;on|desktop&#8221; divider_style_tablet=&#8221;&#8221; divider_style_phone=&#8221;&#8221; divider_style_last_edited=&#8221;on|desktop&#8221; divider_position_tablet=&#8221;&#8221; divider_position_phone=&#8221;&#8221; divider_position_last_edited=&#8221;on|desktop&#8221; divider_weight_last_edited=&#8221;off|phone&#8221; _builder_version=&#8221;4.16&#8243; _module_preset=&#8221;default&#8221; width=&#8221;230px&#8221; width_tablet=&#8221;&#8221; width_phone=&#8221;&#8221; width_last_edited=&#8221;on|desktop&#8221; max_width_tablet=&#8221;&#8221; max_width_phone=&#8221;&#8221; max_width_last_edited=&#8221;on|desktop&#8221; min_height_tablet=&#8221;&#8221; min_height_phone=&#8221;&#8221; min_height_last_edited=&#8221;on|desktop&#8221; height_tablet=&#8221;&#8221; height_phone=&#8221;&#8221; height_last_edited=&#8221;on|desktop&#8221; max_height_tablet=&#8221;&#8221; max_height_phone=&#8221;&#8221; max_height_last_edited=&#8221;on|desktop&#8221; custom_margin_tablet=&#8221;&#8221; custom_margin_phone=&#8221;&#8221; custom_margin_last_edited=&#8221;on|desktop&#8221; custom_padding_tablet=&#8221;&#8221; custom_padding_phone=&#8221;&#8221; custom_padding_last_edited=&#8221;on|desktop&#8221; module_alignment_tablet=&#8221;&#8221; module_alignment_phone=&#8221;&#8221; module_alignment_last_edited=&#8221;on|desktop&#8221; global_colors_info=&#8221;{}&#8221;][\/et_pb_divider][et_pb_text content_last_edited=&#8221;off|desktop&#8221; _builder_version=&#8221;4.16&#8243; _module_preset=&#8221;default&#8221; text_font=&#8221;|600|||||||&#8221; text_text_color=&#8221;#FFFFFF&#8221; text_font_size=&#8221;17px&#8221; text_line_height=&#8221;1.1em&#8221; custom_margin=&#8221;-9px||||false|false&#8221; custom_margin_last_edited=&#8221;off|desktop&#8221; custom_padding=&#8221;0px||||false|false&#8221; custom_padding_tablet=&#8221;&#8221; custom_padding_phone=&#8221;&#8221; custom_padding_last_edited=&#8221;on|desktop&#8221; text_font_tablet=&#8221;&#8221; text_font_phone=&#8221;&#8221; text_font_last_edited=&#8221;on|desktop&#8221; text_text_color_tablet=&#8221;&#8221; text_text_color_phone=&#8221;&#8221; text_text_color_last_edited=&#8221;on|desktop&#8221; text_font_size_tablet=&#8221;&#8221; text_font_size_phone=&#8221;&#8221; text_font_size_last_edited=&#8221;on|desktop&#8221; text_letter_spacing_tablet=&#8221;&#8221; text_letter_spacing_phone=&#8221;&#8221; text_letter_spacing_last_edited=&#8221;on|desktop&#8221; text_line_height_tablet=&#8221;&#8221; text_line_height_phone=&#8221;&#8221; text_line_height_last_edited=&#8221;on|desktop&#8221; text_orientation_tablet=&#8221;&#8221; text_orientation_phone=&#8221;&#8221; text_orientation_last_edited=&#8221;on|desktop&#8221; background_layout_tablet=&#8221;&#8221; background_layout_phone=&#8221;&#8221; background_layout_last_edited=&#8221;on|desktop&#8221; global_colors_info=&#8221;{}&#8221;]<p>Finden Sie Ihren Vertriebspartner<\/p>[\/et_pb_text][\/et_pb_column][\/et_pb_row][\/et_pb_section][et_pb_section fb_built=&#8221;1&#8243; disabled_on=&#8221;off|off|off&#8221; admin_label=&#8221;Desktop Ansicht&#8221; _builder_version=&#8221;4.16&#8243; background_color=&#8221;gcid-d1d156f3-6c43-4c06-8615-2be414244329&#8243; custom_padding=&#8221;26px||12px|||&#8221; collapsed=&#8221;off&#8221; global_colors_info=&#8221;{%22gcid-d1d156f3-6c43-4c06-8615-2be414244329%22:%91%22background_color%22%93}&#8221;][et_pb_row _builder_version=&#8221;4.16&#8243; _module_preset=&#8221;default&#8221; global_colors_info=&#8221;{}&#8221;][et_pb_column type=&#8221;4_4&#8243; _builder_version=&#8221;4.16&#8243; _module_preset=&#8221;default&#8221; global_colors_info=&#8221;{}&#8221;][et_pb_text _builder_version=&#8221;4.16&#8243; _module_preset=&#8221;default&#8221; global_colors_info=&#8221;{}&#8221;]<p>Mit einem globalen Netzwerk von zertifizierten Vertriebspartnern stehen wir Ihnen in vielen L\u00e4ndern der Welt zur Verf\u00fcgung.<br \/>Unser globales Vertriebsnetz bietet Ihnen die bestm\u00f6gliche Beratung und Unterst\u00fctzung in der Landessprache vor Ort.<\/p>\n<p>Sie m\u00f6chten mehr \u00fcber unsere Vertriebspartner erfahren oder haben Interesse selbst Vertriebspartner zu werden? Nutzen Sie unser Kontaktformular und schreiben Sie uns eine Nachricht. Wir beraten Sie gerne.<\/p>[\/et_pb_text][et_pb_button button_url=&#8221;\/kontakt\/&#8221; button_text=&#8221;Zum Kontaktformular&#8221; button_text_tablet=&#8221;Zum Kontaktformular&#8221; button_text_phone=&#8221;Zum Kontaktformular&#8221; button_text_last_edited=&#8221;on|desktop&#8221; _builder_version=&#8221;4.16&#8243; _module_preset=&#8221;default&#8221; button_bg_color=&#8221;gcid-568cb0db-1d11-4944-8850-97481de056ec&#8221; button_text_size_tablet=&#8221;&#8221; button_text_size_phone=&#8221;&#8221; button_text_size_last_edited=&#8221;on|desktop&#8221; button_text_color_tablet=&#8221;&#8221; button_text_color_phone=&#8221;&#8221; button_text_color_last_edited=&#8221;on|desktop&#8221; button_bg_color_tablet=&#8221;gcid-568cb0db-1d11-4944-8850-97481de056ec&#8221; button_bg_color_phone=&#8221;gcid-568cb0db-1d11-4944-8850-97481de056ec&#8221; button_bg_color_last_edited=&#8221;on|desktop&#8221; button_border_width_tablet=&#8221;&#8221; button_border_width_phone=&#8221;&#8221; button_border_width_last_edited=&#8221;on|desktop&#8221; button_border_color_tablet=&#8221;&#8221; button_border_color_phone=&#8221;&#8221; button_border_color_last_edited=&#8221;on|desktop&#8221; button_border_radius_tablet=&#8221;&#8221; button_border_radius_phone=&#8221;&#8221; button_border_radius_last_edited=&#8221;on|desktop&#8221; button_letter_spacing_tablet=&#8221;&#8221; button_letter_spacing_phone=&#8221;&#8221; button_letter_spacing_last_edited=&#8221;on|desktop&#8221; button_font_tablet=&#8221;&#8221; button_font_phone=&#8221;&#8221; button_font_last_edited=&#8221;on|desktop&#8221; button_icon_tablet=&#8221;&#8221; button_icon_phone=&#8221;&#8221; button_icon_last_edited=&#8221;on|desktop&#8221; button_icon_color_tablet=&#8221;&#8221; button_icon_color_phone=&#8221;&#8221; button_icon_color_last_edited=&#8221;on|desktop&#8221; button_icon_placement_tablet=&#8221;&#8221; button_icon_placement_phone=&#8221;&#8221; button_icon_placement_last_edited=&#8221;on|desktop&#8221; button_on_hover_tablet=&#8221;&#8221; button_on_hover_phone=&#8221;&#8221; button_on_hover_last_edited=&#8221;on|desktop&#8221; global_colors_info=&#8221;{%22gcid-568cb0db-1d11-4944-8850-97481de056ec%22:%91%22button_bg_color%22%93}&#8221;][\/et_pb_button][et_pb_code _builder_version=&#8221;4.16&#8243; _module_preset=&#8221;default&#8221; global_colors_info=&#8221;{}&#8221;]<iframe loading=\"lazy\" src=\"https:\/\/www.google.com\/maps\/d\/embed?mid=1pLrp5Db70XzjxDj1W9MpVDbRSF6n5SZc\" width=\"100%\" height=\"600\"><\/iframe>[\/et_pb_code][\/et_pb_column][\/et_pb_row][\/et_pb_section]\n","protected":false},"excerpt":{"rendered":"<p>MCI-GlobalFinden Sie Ihren VertriebspartnerMit einem globalen Netzwerk von zertifizierten Vertriebspartnern stehen wir Ihnen in vielen L\u00e4ndern der Welt zur Verf\u00fcgung.Unser globales Vertriebsnetz bietet Ihnen die bestm\u00f6gliche Beratung und Unterst\u00fctzung in der Landessprache vor Ort. Sie m\u00f6chten mehr \u00fcber unsere Vertriebspartner erfahren oder haben Interesse selbst Vertriebspartner zu werden? Nutzen Sie unser Kontaktformular und schreiben Sie [&hellip;]<\/p>\n","protected":false},"author":6,"featured_media":0,"parent":242671,"menu_order":50,"comment_status":"closed","ping_status":"closed","template":"","meta":{"_et_pb_use_builder":"on","_et_pb_old_content":"<p>\u00a0<\/p>\r\n<!-- wp:table --><!-- \/wp:table --><!-- wp:divi\/placeholder \/-->","_et_gb_content_width":"","footnotes":""},"class_list":["post-243823","page","type-page","status-publish","hentry"],"yoast_head":"<!-- This site is optimized with the Yoast SEO plugin v27.3 - https:\/\/yoast.com\/product\/yoast-seo-wordpress\/ -->\n<title>Partner - MCI Dental Implants<\/title>\n<meta name=\"description\" content=\"Mit einem globalen Netzwerk zertifizierter Partner stehen wir Ihnen in vielen L\u00e4ndern der Welt zur Verf\u00fcgung.Unser globales Vertriebsnetz bietet Ihnen die bestm\u00f6gliche Beratung und Unterst\u00fctzung in der Landessprache vor Ort.\" \/>\n<meta name=\"robots\" content=\"index, follow, max-snippet:-1, max-image-preview:large, max-video-preview:-1\" \/>\n<link rel=\"canonical\" href=\"https:\/\/mci-implants.de\/en\/unternehmen\/partner\/\" \/>\n<meta property=\"og:locale\" content=\"en_GB\" \/>\n<meta property=\"og:type\" content=\"article\" \/>\n<meta property=\"og:title\" content=\"Partner - MCI Dental Implants\" \/>\n<meta property=\"og:description\" content=\"Mit einem globalen Netzwerk zertifizierter Partner stehen wir Ihnen in vielen L\u00e4ndern der Welt zur Verf\u00fcgung.Unser globales Vertriebsnetz bietet Ihnen die bestm\u00f6gliche Beratung und Unterst\u00fctzung in der Landessprache vor Ort.\" \/>\n<meta property=\"og:url\" content=\"https:\/\/mci-implants.de\/en\/unternehmen\/partner\/\" \/>\n<meta property=\"og:site_name\" content=\"MCI Dental Implants\" \/>\n<meta property=\"article:modified_time\" content=\"2024-05-24T13:50:03+00:00\" \/>\n<meta name=\"twitter:label1\" content=\"Estimated reading time\" \/>\n\t<meta name=\"twitter:data1\" content=\"1 minute\" \/>\n<script type=\"application\/ld+json\" class=\"yoast-schema-graph\">{\"@context\":\"https:\\\/\\\/schema.org\",\"@graph\":[{\"@type\":\"WebPage\",\"@id\":\"https:\\\/\\\/mci-implants.de\\\/unternehmen\\\/partner\\\/\",\"url\":\"https:\\\/\\\/mci-implants.de\\\/unternehmen\\\/partner\\\/\",\"name\":\"Partner - MCI Dental Implants\",\"isPartOf\":{\"@id\":\"https:\\\/\\\/mci-implants.de\\\/#website\"},\"datePublished\":\"2021-07-13T05:25:34+00:00\",\"dateModified\":\"2024-05-24T13:50:03+00:00\",\"description\":\"Mit einem globalen Netzwerk zertifizierter Partner stehen wir Ihnen in vielen L\u00e4ndern der Welt zur Verf\u00fcgung.Unser globales Vertriebsnetz bietet Ihnen die bestm\u00f6gliche Beratung und Unterst\u00fctzung in der Landessprache vor Ort.\",\"breadcrumb\":{\"@id\":\"https:\\\/\\\/mci-implants.de\\\/unternehmen\\\/partner\\\/#breadcrumb\"},\"inLanguage\":\"en-GB\",\"potentialAction\":[{\"@type\":\"ReadAction\",\"target\":[\"https:\\\/\\\/mci-implants.de\\\/unternehmen\\\/partner\\\/\"]}]},{\"@type\":\"BreadcrumbList\",\"@id\":\"https:\\\/\\\/mci-implants.de\\\/unternehmen\\\/partner\\\/#breadcrumb\",\"itemListElement\":[{\"@type\":\"ListItem\",\"position\":1,\"name\":\"Home\",\"item\":\"https:\\\/\\\/mci-implants.de\\\/\"},{\"@type\":\"ListItem\",\"position\":2,\"name\":\"Unternehmen\",\"item\":\"https:\\\/\\\/mci-implants.de\\\/unternehmen\\\/\"},{\"@type\":\"ListItem\",\"position\":3,\"name\":\"Partner\"}]},{\"@type\":\"WebSite\",\"@id\":\"https:\\\/\\\/mci-implants.de\\\/#website\",\"url\":\"https:\\\/\\\/mci-implants.de\\\/\",\"name\":\"MCI Dental Implants\",\"description\":\"\",\"potentialAction\":[{\"@type\":\"SearchAction\",\"target\":{\"@type\":\"EntryPoint\",\"urlTemplate\":\"https:\\\/\\\/mci-implants.de\\\/?s={search_term_string}\"},\"query-input\":{\"@type\":\"PropertyValueSpecification\",\"valueRequired\":true,\"valueName\":\"search_term_string\"}}],\"inLanguage\":\"en-GB\"}]}<\/script>\n<!-- \/ Yoast SEO plugin. -->","yoast_head_json":{"title":"Partner - MCI Dental Implants","description":"Mit einem globalen Netzwerk zertifizierter Partner stehen wir Ihnen in vielen L\u00e4ndern der Welt zur Verf\u00fcgung.Unser globales Vertriebsnetz bietet Ihnen die bestm\u00f6gliche Beratung und Unterst\u00fctzung in der Landessprache vor Ort.","robots":{"index":"index","follow":"follow","max-snippet":"max-snippet:-1","max-image-preview":"max-image-preview:large","max-video-preview":"max-video-preview:-1"},"canonical":"https:\/\/mci-implants.de\/en\/unternehmen\/partner\/","og_locale":"en_GB","og_type":"article","og_title":"Partner - MCI Dental Implants","og_description":"Mit einem globalen Netzwerk zertifizierter Partner stehen wir Ihnen in vielen L\u00e4ndern der Welt zur Verf\u00fcgung.Unser globales Vertriebsnetz bietet Ihnen die bestm\u00f6gliche Beratung und Unterst\u00fctzung in der Landessprache vor Ort.","og_url":"https:\/\/mci-implants.de\/en\/unternehmen\/partner\/","og_site_name":"MCI Dental Implants","article_modified_time":"2024-05-24T13:50:03+00:00","twitter_misc":{"Estimated reading time":"1 minute"},"schema":{"@context":"https:\/\/schema.org","@graph":[{"@type":"WebPage","@id":"https:\/\/mci-implants.de\/unternehmen\/partner\/","url":"https:\/\/mci-implants.de\/unternehmen\/partner\/","name":"Partner - MCI Dental Implants","isPartOf":{"@id":"https:\/\/mci-implants.de\/#website"},"datePublished":"2021-07-13T05:25:34+00:00","dateModified":"2024-05-24T13:50:03+00:00","description":"Mit einem globalen Netzwerk zertifizierter Partner stehen wir Ihnen in vielen L\u00e4ndern der Welt zur Verf\u00fcgung.Unser globales Vertriebsnetz bietet Ihnen die bestm\u00f6gliche Beratung und Unterst\u00fctzung in der Landessprache vor Ort.","breadcrumb":{"@id":"https:\/\/mci-implants.de\/unternehmen\/partner\/#breadcrumb"},"inLanguage":"en-GB","potentialAction":[{"@type":"ReadAction","target":["https:\/\/mci-implants.de\/unternehmen\/partner\/"]}]},{"@type":"BreadcrumbList","@id":"https:\/\/mci-implants.de\/unternehmen\/partner\/#breadcrumb","itemListElement":[{"@type":"ListItem","position":1,"name":"Home","item":"https:\/\/mci-implants.de\/"},{"@type":"ListItem","position":2,"name":"Unternehmen","item":"https:\/\/mci-implants.de\/unternehmen\/"},{"@type":"ListItem","position":3,"name":"Partner"}]},{"@type":"WebSite","@id":"https:\/\/mci-implants.de\/#website","url":"https:\/\/mci-implants.de\/","name":"MCI Dental Implants","description":"","potentialAction":[{"@type":"SearchAction","target":{"@type":"EntryPoint","urlTemplate":"https:\/\/mci-implants.de\/?s={search_term_string}"},"query-input":{"@type":"PropertyValueSpecification","valueRequired":true,"valueName":"search_term_string"}}],"inLanguage":"en-GB"}]}},"_links":{"self":[{"href":"https:\/\/mci-implants.de\/en\/wp-json\/wp\/v2\/pages\/243823","targetHints":{"allow":["GET"]}}],"collection":[{"href":"https:\/\/mci-implants.de\/en\/wp-json\/wp\/v2\/pages"}],"about":[{"href":"https:\/\/mci-implants.de\/en\/wp-json\/wp\/v2\/types\/page"}],"author":[{"embeddable":true,"href":"https:\/\/mci-implants.de\/en\/wp-json\/wp\/v2\/users\/6"}],"replies":[{"embeddable":true,"href":"https:\/\/mci-implants.de\/en\/wp-json\/wp\/v2\/comments?post=243823"}],"version-history":[{"count":10,"href":"https:\/\/mci-implants.de\/en\/wp-json\/wp\/v2\/pages\/243823\/revisions"}],"predecessor-version":[{"id":250424,"href":"https:\/\/mci-implants.de\/en\/wp-json\/wp\/v2\/pages\/243823\/revisions\/250424"}],"up":[{"embeddable":true,"href":"https:\/\/mci-implants.de\/en\/wp-json\/wp\/v2\/pages\/242671"}],"wp:attachment":[{"href":"https:\/\/mci-implants.de\/en\/wp-json\/wp\/v2\/media?parent=243823"}],"curies":[{"name":"wp","href":"https:\/\/api.w.org\/{rel}","templated":true}]}}