


{"id":243900,"date":"2020-03-02T14:57:07","date_gmt":"2020-03-02T14:57:07","guid":{"rendered":"https:\/\/mci-implants.de\/dentegris_wp\/datenschutzseite\/"},"modified":"2021-07-14T09:51:37","modified_gmt":"2021-07-14T09:51:37","slug":"privacy-policy","status":"publish","type":"page","link":"https:\/\/mci-implants.de\/en\/privacy-policy\/","title":{"rendered":"Privacy Policy"},"content":{"rendered":"<p>[et_pb_section fb_built=&#8221;1&#8243; fullwidth=&#8221;on&#8221; _builder_version=&#8221;4.9.2&#8243; _module_preset=&#8221;default&#8221;][et_pb_fullwidth_image src=&#8221;https:\/\/mci-implants.de\/wp-content\/uploads\/2021\/05\/Rechteck-1194.jpg&#8221; title_text=&#8221;Rechteck 1194&#8243; _builder_version=&#8221;4.9.7&#8243; _module_preset=&#8221;default&#8221;][\/et_pb_fullwidth_image][\/et_pb_section][et_pb_section fb_built=&#8221;1&#8243; _builder_version=&#8221;3.22&#8243; custom_padding=&#8221;18px||12px|||&#8221;][et_pb_row _builder_version=&#8221;4.9.2&#8243; custom_margin=&#8221;-100px|auto||auto|false|false&#8221;][et_pb_column type=&#8221;4_4&#8243; _builder_version=&#8221;4.0.11&#8243;][et_pb_text _builder_version=&#8221;4.9.7&#8243; header_font=&#8221;Arial|800|||||||&#8221; header_text_color=&#8221;#FFFFFF&#8221; hover_enabled=&#8221;0&#8243; sticky_enabled=&#8221;0&#8243;]<\/p>\n<h1><a href=\"https:\/\/www.cmt-net.org\/privacy-policy\/?lang=en\">Privacy Policy<\/a><\/h1>\n<p>&nbsp;<\/p>\n<p>[\/et_pb_text][\/et_pb_column][\/et_pb_row][et_pb_row _builder_version=&#8221;4.0.11&#8243;][et_pb_column type=&#8221;4_4&#8243; _builder_version=&#8221;4.0.11&#8243;][et_pb_text _builder_version=&#8221;4.9.2&#8243;]<\/p>\n<h2>Angaben gem\u00e4\u00df \u00a7 5 TMG<\/h2>\n<h3 style=\"box-sizing: border-box; margin: 0px; padding: 0px 0px 10px; border: 0px; outline: 0px; font-size: 22px; text-size-adjust: 100%; vertical-align: baseline; background: #ffffff; color: #7f7f7f; line-height: 1em; font-weight: 500; font-family: 'Open Sans', Arial, sans-serif; font-style: normal; font-variant-ligatures: normal; font-variant-caps: normal; letter-spacing: normal; orphans: 2; text-align: left; text-indent: 0px; text-transform: none; white-space: normal; widows: 2; word-spacing: 0px; -webkit-text-stroke-width: 0px; text-decoration-thickness: initial; text-decoration-style: initial; text-decoration-color: initial;\">Haftung f\u00fcr Inhalte<\/h3>\n<p style=\"box-sizing: border-box; margin: 0px; padding: 0px 0px 1em; border: 0px; outline: 0px; font-size: 16px; text-size-adjust: 100%; vertical-align: baseline; background: #ffffff; line-height: 1.4em; color: #7f7f7f; font-family: 'Open Sans', Arial, sans-serif; font-style: normal; font-variant-ligatures: normal; font-variant-caps: normal; font-weight: 500; letter-spacing: normal; orphans: 2; text-align: left; text-indent: 0px; text-transform: none; white-space: normal; widows: 2; word-spacing: 0px; -webkit-text-stroke-width: 0px; text-decoration-thickness: initial; text-decoration-style: initial; text-decoration-color: initial;\">Als Diensteanbieter sind wir gem\u00e4\u00df \u00a7 7 Abs.1 TMG f\u00fcr eigene Inhalte auf diesen Seiten nach den allgemeinen Gesetzen verantwortlich. Nach \u00a7\u00a7 8 bis 10 TMG sind wir als Diensteanbieter jedoch nicht verpflichtet, \u00fcbermittelte oder gespeicherte fremde Informationen zu \u00fcberwachen oder nach Umst\u00e4nden zu forschen, die auf eine rechtswidrige T\u00e4tigkeit hinweisen.<\/p>\n<p style=\"box-sizing: border-box; margin: 0px; padding: 0px 0px 1em; border: 0px; outline: 0px; font-size: 16px; text-size-adjust: 100%; vertical-align: baseline; background: #ffffff; line-height: 1.4em; color: #7f7f7f; font-family: 'Open Sans', Arial, sans-serif; font-style: normal; font-variant-ligatures: normal; font-variant-caps: normal; font-weight: 500; letter-spacing: normal; orphans: 2; text-align: left; text-indent: 0px; text-transform: none; white-space: normal; widows: 2; word-spacing: 0px; -webkit-text-stroke-width: 0px; text-decoration-thickness: initial; text-decoration-style: initial; text-decoration-color: initial;\">Verpflichtungen zur Entfernung oder Sperrung der Nutzung von Informationen nach den allgemeinen Gesetzen bleiben hiervon unber\u00fchrt. Eine diesbez\u00fcgliche Haftung ist jedoch erst ab dem Zeitpunkt der Kenntnis einer konkreten Rechtsverletzung m\u00f6glich. Bei Bekanntwerden von entsprechenden Rechtsverletzungen werden wir diese Inhalte umgehend entfernen.<\/p>\n<h3 style=\"box-sizing: border-box; margin: 0px; padding: 0px 0px 10px; border: 0px; outline: 0px; font-size: 22px; text-size-adjust: 100%; vertical-align: baseline; background: #ffffff; color: #7f7f7f; line-height: 1em; font-weight: 500; font-family: 'Open Sans', Arial, sans-serif; font-style: normal; font-variant-ligatures: normal; font-variant-caps: normal; letter-spacing: normal; orphans: 2; text-align: left; text-indent: 0px; text-transform: none; white-space: normal; widows: 2; word-spacing: 0px; -webkit-text-stroke-width: 0px; text-decoration-thickness: initial; text-decoration-style: initial; text-decoration-color: initial;\">Haftung f\u00fcr Links<\/h3>\n<p style=\"box-sizing: border-box; margin: 0px; padding: 0px 0px 1em; border: 0px; outline: 0px; font-size: 16px; text-size-adjust: 100%; vertical-align: baseline; background: #ffffff; line-height: 1.4em; color: #7f7f7f; font-family: 'Open Sans', Arial, sans-serif; font-style: normal; font-variant-ligatures: normal; font-variant-caps: normal; font-weight: 500; letter-spacing: normal; orphans: 2; text-align: left; text-indent: 0px; text-transform: none; white-space: normal; widows: 2; word-spacing: 0px; -webkit-text-stroke-width: 0px; text-decoration-thickness: initial; text-decoration-style: initial; text-decoration-color: initial;\">Unser Angebot enth\u00e4lt Links zu externen Websites Dritter, auf deren Inhalte wir keinen Einfluss haben. Deshalb k\u00f6nnen wir f\u00fcr diese fremden Inhalte auch keine Gew\u00e4hr \u00fcbernehmen. F\u00fcr die Inhalte der verlinkten Seiten ist stets der jeweilige Anbieter oder Betreiber der Seiten verantwortlich. Die verlinkten Seiten wurden zum Zeitpunkt der Verlinkung auf m\u00f6gliche Rechtsverst\u00f6\u00dfe \u00fcberpr\u00fcft. Rechtswidrige Inhalte waren zum Zeitpunkt der Verlinkung nicht erkennbar.<\/p>\n<p style=\"box-sizing: border-box; margin: 0px; padding: 0px 0px 1em; border: 0px; outline: 0px; font-size: 16px; text-size-adjust: 100%; vertical-align: baseline; background: #ffffff; line-height: 1.4em; color: #7f7f7f; font-family: 'Open Sans', Arial, sans-serif; font-style: normal; font-variant-ligatures: normal; font-variant-caps: normal; font-weight: 500; letter-spacing: normal; orphans: 2; text-align: left; text-indent: 0px; text-transform: none; white-space: normal; widows: 2; word-spacing: 0px; -webkit-text-stroke-width: 0px; text-decoration-thickness: initial; text-decoration-style: initial; text-decoration-color: initial;\">Eine permanente inhaltliche Kontrolle der verlinkten Seiten ist jedoch ohne konkrete Anhaltspunkte einer Rechtsverletzung nicht zumutbar. Bei Bekanntwerden von Rechtsverletzungen werden wir derartige Links umgehend entfernen.<\/p>\n<h3 style=\"box-sizing: border-box; margin: 0px; padding: 0px 0px 10px; border: 0px; outline: 0px; font-size: 22px; text-size-adjust: 100%; vertical-align: baseline; background: #ffffff; color: #7f7f7f; line-height: 1em; font-weight: 500; font-family: 'Open Sans', Arial, sans-serif; font-style: normal; font-variant-ligatures: normal; font-variant-caps: normal; letter-spacing: normal; orphans: 2; text-align: left; text-indent: 0px; text-transform: none; white-space: normal; widows: 2; word-spacing: 0px; -webkit-text-stroke-width: 0px; text-decoration-thickness: initial; text-decoration-style: initial; text-decoration-color: initial;\">Urheberrecht<\/h3>\n<p style=\"box-sizing: border-box; margin: 0px; padding: 0px 0px 1em; border: 0px; outline: 0px; font-size: 16px; text-size-adjust: 100%; vertical-align: baseline; background: #ffffff; line-height: 1.4em; color: #7f7f7f; font-family: 'Open Sans', Arial, sans-serif; font-style: normal; font-variant-ligatures: normal; font-variant-caps: normal; font-weight: 500; letter-spacing: normal; orphans: 2; text-align: left; text-indent: 0px; text-transform: none; white-space: normal; widows: 2; word-spacing: 0px; -webkit-text-stroke-width: 0px; text-decoration-thickness: initial; text-decoration-style: initial; text-decoration-color: initial;\">Die durch die Seitenbetreiber erstellten Inhalte und Werke auf diesen Seiten unterliegen dem deutschen Urheberrecht. Die Vervielf\u00e4ltigung, Bearbeitung, Verbreitung und jede Art der Verwertung au\u00dferhalb der Grenzen des Urheberrechtes bed\u00fcrfen der schriftlichen Zustimmung des jeweiligen Autors bzw. Erstellers. Downloads und Kopien dieser Seite sind nur f\u00fcr den privaten, nicht kommerziellen Gebrauch gestattet.<\/p>\n<p style=\"box-sizing: border-box; margin: 0px; padding: 0px; border: 0px; outline: 0px; font-size: 16px; text-size-adjust: 100%; vertical-align: baseline; background: #ffffff; line-height: 1.4em; color: #7f7f7f; font-family: 'Open Sans', Arial, sans-serif; font-style: normal; font-variant-ligatures: normal; font-variant-caps: normal; font-weight: 500; letter-spacing: normal; orphans: 2; text-align: left; text-indent: 0px; text-transform: none; white-space: normal; widows: 2; word-spacing: 0px; -webkit-text-stroke-width: 0px; text-decoration-thickness: initial; text-decoration-style: initial; text-decoration-color: initial;\">Soweit die Inhalte auf dieser Seite nicht vom Betreiber erstellt wurden, werden die Urheberrechte Dritter beachtet. Insbesondere werden Inhalte Dritter als solche gekennzeichnet. Sollten Sie trotzdem auf eine Urheberrechtsverletzung aufmerksam werden, bitten wir um einen entsprechenden Hinweis. Bei Bekanntwerden von Rechtsverletzungen werden wir derartige Inhalte umgehend entfernen.<\/p>\n<p>&nbsp;<\/p>\n<p>[\/et_pb_text][\/et_pb_column][\/et_pb_row][\/et_pb_section]<\/p>\n","protected":false},"excerpt":{"rendered":"<p>Privacy Policy &nbsp;Angaben gem\u00e4\u00df \u00a7 5 TMG Haftung f\u00fcr Inhalte Als Diensteanbieter sind wir gem\u00e4\u00df \u00a7 7 Abs.1 TMG f\u00fcr eigene Inhalte auf diesen Seiten nach den allgemeinen Gesetzen verantwortlich. Nach \u00a7\u00a7 8 bis 10 TMG sind wir als Diensteanbieter jedoch nicht verpflichtet, \u00fcbermittelte oder gespeicherte fremde Informationen zu \u00fcberwachen oder nach Umst\u00e4nden zu forschen, [&hellip;]<\/p>\n","protected":false},"author":6,"featured_media":0,"parent":0,"menu_order":110,"comment_status":"closed","ping_status":"closed","template":"","meta":{"_et_pb_use_builder":"on","_et_pb_old_content":"","_et_gb_content_width":"","footnotes":""},"class_list":["post-243900","page","type-page","status-publish","hentry"],"yoast_head":"<!-- This site is optimized with the Yoast SEO plugin v27.4 - https:\/\/yoast.com\/product\/yoast-seo-wordpress\/ -->\n<title>Privacy Policy - MCI Dental Implants<\/title>\n<meta name=\"robots\" content=\"index, follow, max-snippet:-1, max-image-preview:large, max-video-preview:-1\" \/>\n<link rel=\"canonical\" href=\"https:\/\/mci-implants.de\/en\/privacy-policy\/\" \/>\n<meta property=\"og:locale\" content=\"en_GB\" \/>\n<meta property=\"og:type\" content=\"article\" \/>\n<meta property=\"og:title\" content=\"Privacy Policy - MCI Dental Implants\" \/>\n<meta property=\"og:description\" content=\"Privacy Policy &nbsp;Angaben gem\u00e4\u00df \u00a7 5 TMG Haftung f\u00fcr Inhalte Als Diensteanbieter sind wir gem\u00e4\u00df \u00a7 7 Abs.1 TMG f\u00fcr eigene Inhalte auf diesen Seiten nach den allgemeinen Gesetzen verantwortlich. Nach \u00a7\u00a7 8 bis 10 TMG sind wir als Diensteanbieter jedoch nicht verpflichtet, \u00fcbermittelte oder gespeicherte fremde Informationen zu \u00fcberwachen oder nach Umst\u00e4nden zu forschen, [&hellip;]\" \/>\n<meta property=\"og:url\" content=\"https:\/\/mci-implants.de\/en\/privacy-policy\/\" \/>\n<meta property=\"og:site_name\" content=\"MCI Dental Implants\" \/>\n<meta property=\"article:modified_time\" content=\"2021-07-14T09:51:37+00:00\" \/>\n<meta name=\"twitter:label1\" content=\"Estimated reading time\" \/>\n\t<meta name=\"twitter:data1\" content=\"2 minutes\" \/>\n<script type=\"application\/ld+json\" class=\"yoast-schema-graph\">{\"@context\":\"https:\\\/\\\/schema.org\",\"@graph\":[{\"@type\":\"WebPage\",\"@id\":\"https:\\\/\\\/mci-implants.de\\\/privacy-policy\\\/\",\"url\":\"https:\\\/\\\/mci-implants.de\\\/privacy-policy\\\/\",\"name\":\"Privacy Policy - MCI Dental Implants\",\"isPartOf\":{\"@id\":\"https:\\\/\\\/mci-implants.de\\\/#website\"},\"datePublished\":\"2020-03-02T14:57:07+00:00\",\"dateModified\":\"2021-07-14T09:51:37+00:00\",\"breadcrumb\":{\"@id\":\"https:\\\/\\\/mci-implants.de\\\/privacy-policy\\\/#breadcrumb\"},\"inLanguage\":\"en-GB\",\"potentialAction\":[{\"@type\":\"ReadAction\",\"target\":[\"https:\\\/\\\/mci-implants.de\\\/privacy-policy\\\/\"]}]},{\"@type\":\"BreadcrumbList\",\"@id\":\"https:\\\/\\\/mci-implants.de\\\/privacy-policy\\\/#breadcrumb\",\"itemListElement\":[{\"@type\":\"ListItem\",\"position\":1,\"name\":\"Home\",\"item\":\"https:\\\/\\\/mci-implants.de\\\/\"},{\"@type\":\"ListItem\",\"position\":2,\"name\":\"Privacy Policy\"}]},{\"@type\":\"WebSite\",\"@id\":\"https:\\\/\\\/mci-implants.de\\\/#website\",\"url\":\"https:\\\/\\\/mci-implants.de\\\/\",\"name\":\"MCI Dental Implants\",\"description\":\"\",\"potentialAction\":[{\"@type\":\"SearchAction\",\"target\":{\"@type\":\"EntryPoint\",\"urlTemplate\":\"https:\\\/\\\/mci-implants.de\\\/?s={search_term_string}\"},\"query-input\":{\"@type\":\"PropertyValueSpecification\",\"valueRequired\":true,\"valueName\":\"search_term_string\"}}],\"inLanguage\":\"en-GB\"}]}<\/script>\n<!-- \/ Yoast SEO plugin. -->","yoast_head_json":{"title":"Privacy Policy - MCI Dental Implants","robots":{"index":"index","follow":"follow","max-snippet":"max-snippet:-1","max-image-preview":"max-image-preview:large","max-video-preview":"max-video-preview:-1"},"canonical":"https:\/\/mci-implants.de\/en\/privacy-policy\/","og_locale":"en_GB","og_type":"article","og_title":"Privacy Policy - MCI Dental Implants","og_description":"Privacy Policy &nbsp;Angaben gem\u00e4\u00df \u00a7 5 TMG Haftung f\u00fcr Inhalte Als Diensteanbieter sind wir gem\u00e4\u00df \u00a7 7 Abs.1 TMG f\u00fcr eigene Inhalte auf diesen Seiten nach den allgemeinen Gesetzen verantwortlich. Nach \u00a7\u00a7 8 bis 10 TMG sind wir als Diensteanbieter jedoch nicht verpflichtet, \u00fcbermittelte oder gespeicherte fremde Informationen zu \u00fcberwachen oder nach Umst\u00e4nden zu forschen, [&hellip;]","og_url":"https:\/\/mci-implants.de\/en\/privacy-policy\/","og_site_name":"MCI Dental Implants","article_modified_time":"2021-07-14T09:51:37+00:00","twitter_misc":{"Estimated reading time":"2 minutes"},"schema":{"@context":"https:\/\/schema.org","@graph":[{"@type":"WebPage","@id":"https:\/\/mci-implants.de\/privacy-policy\/","url":"https:\/\/mci-implants.de\/privacy-policy\/","name":"Privacy Policy - MCI Dental Implants","isPartOf":{"@id":"https:\/\/mci-implants.de\/#website"},"datePublished":"2020-03-02T14:57:07+00:00","dateModified":"2021-07-14T09:51:37+00:00","breadcrumb":{"@id":"https:\/\/mci-implants.de\/privacy-policy\/#breadcrumb"},"inLanguage":"en-GB","potentialAction":[{"@type":"ReadAction","target":["https:\/\/mci-implants.de\/privacy-policy\/"]}]},{"@type":"BreadcrumbList","@id":"https:\/\/mci-implants.de\/privacy-policy\/#breadcrumb","itemListElement":[{"@type":"ListItem","position":1,"name":"Home","item":"https:\/\/mci-implants.de\/"},{"@type":"ListItem","position":2,"name":"Privacy Policy"}]},{"@type":"WebSite","@id":"https:\/\/mci-implants.de\/#website","url":"https:\/\/mci-implants.de\/","name":"MCI Dental Implants","description":"","potentialAction":[{"@type":"SearchAction","target":{"@type":"EntryPoint","urlTemplate":"https:\/\/mci-implants.de\/?s={search_term_string}"},"query-input":{"@type":"PropertyValueSpecification","valueRequired":true,"valueName":"search_term_string"}}],"inLanguage":"en-GB"}]}},"_links":{"self":[{"href":"https:\/\/mci-implants.de\/en\/wp-json\/wp\/v2\/pages\/243900","targetHints":{"allow":["GET"]}}],"collection":[{"href":"https:\/\/mci-implants.de\/en\/wp-json\/wp\/v2\/pages"}],"about":[{"href":"https:\/\/mci-implants.de\/en\/wp-json\/wp\/v2\/types\/page"}],"author":[{"embeddable":true,"href":"https:\/\/mci-implants.de\/en\/wp-json\/wp\/v2\/users\/6"}],"replies":[{"embeddable":true,"href":"https:\/\/mci-implants.de\/en\/wp-json\/wp\/v2\/comments?post=243900"}],"version-history":[{"count":4,"href":"https:\/\/mci-implants.de\/en\/wp-json\/wp\/v2\/pages\/243900\/revisions"}],"predecessor-version":[{"id":243909,"href":"https:\/\/mci-implants.de\/en\/wp-json\/wp\/v2\/pages\/243900\/revisions\/243909"}],"wp:attachment":[{"href":"https:\/\/mci-implants.de\/en\/wp-json\/wp\/v2\/media?parent=243900"}],"curies":[{"name":"wp","href":"https:\/\/api.w.org\/{rel}","templated":true}]}}