


{"id":248047,"date":"2022-04-08T10:56:51","date_gmt":"2022-04-08T10:56:51","guid":{"rendered":"https:\/\/mci-implants.de\/dentegris_wp\/?page_id=248047"},"modified":"2025-03-17T10:40:05","modified_gmt":"2025-03-17T10:40:05","slug":"its-for-kids","status":"publish","type":"page","link":"https:\/\/mci-implants.de\/en\/unternehmen\/its-for-kids\/","title":{"rendered":"It&#039;S for Kids"},"content":{"rendered":"<p>[et_pb_section fb_built=&#8221;1&#8243; _builder_version=&#8221;4.15&#8243; _module_preset=&#8221;9fe933c4-c187-4cb0-8b2f-81e4d839b598&#8243; background_image=&#8221;https:\/\/mci-implants.de\/wp-content\/uploads\/2021\/05\/Rechteck-1194.jpg&#8221; width_last_edited=&#8221;off|desktop&#8221; max_width_last_edited=&#8221;off|desktop&#8221; min_height_last_edited=&#8221;off|desktop&#8221; height_last_edited=&#8221;off|desktop&#8221; max_height=&#8221;500px&#8221; max_height_last_edited=&#8221;off|desktop&#8221; background_last_edited=&#8221;on|desktop&#8221; module_alignment_last_edited=&#8221;off|desktop&#8221; global_module=&#8221;248051&#8243; global_colors_info=&#8221;{}&#8221;][et_pb_row column_structure=&#8221;3_5,2_5&#8243; custom_padding_last_edited=&#8221;on|desktop&#8221; _builder_version=&#8221;4.16&#8243; _module_preset=&#8221;default&#8221; custom_margin_tablet=&#8221;&#8221; custom_margin_phone=&#8221;&#8221; custom_margin_last_edited=&#8221;on|desktop&#8221; custom_padding_tablet=&#8221;&#8221; custom_padding_phone=&#8221;&#8221; collapsed=&#8221;on&#8221; global_colors_info=&#8221;{}&#8221;][et_pb_column type=&#8221;3_5&#8243; _builder_version=&#8221;4.16&#8243; _module_preset=&#8221;default&#8221; global_colors_info=&#8221;{}&#8221;][et_pb_text content_last_edited=&#8221;off|desktop&#8221; _builder_version=&#8221;4.16&#8243; _module_preset=&#8221;fe30ee57-8281-47cf-9af8-339269cdf523&#8243; header_font=&#8221;Open Sans|600||on|||||&#8221; header_font_size=&#8221;45px&#8221; header_line_height=&#8221;0.9em&#8221; header_2_text_color=&#8221;rgba(255,255,255,0.58)&#8221; header_2_font_size=&#8221;45px&#8221; header_2_line_height=&#8221;0.8em&#8221; custom_margin_last_edited=&#8221;off|desktop&#8221; header_font_size_last_edited=&#8221;off|desktop&#8221; header_2_font_tablet=&#8221;&#8221; header_2_font_phone=&#8221;&#8221; header_2_font_last_edited=&#8221;on|desktop&#8221; header_2_text_align_tablet=&#8221;&#8221; header_2_text_align_phone=&#8221;&#8221; header_2_text_align_last_edited=&#8221;on|desktop&#8221; header_2_text_color_tablet=&#8221;&#8221; header_2_text_color_phone=&#8221;&#8221; header_2_text_color_last_edited=&#8221;on|desktop&#8221; header_2_font_size_tablet=&#8221;&#8221; header_2_font_size_phone=&#8221;&#8221; header_2_font_size_last_edited=&#8221;on|desktop&#8221; header_2_letter_spacing_tablet=&#8221;&#8221; header_2_letter_spacing_phone=&#8221;&#8221; header_2_letter_spacing_last_edited=&#8221;on|desktop&#8221; header_2_line_height_tablet=&#8221;&#8221; header_2_line_height_phone=&#8221;&#8221; header_2_line_height_last_edited=&#8221;on|desktop&#8221; global_colors_info=&#8221;{}&#8221;]<\/p>\n<h1>Soziales Engagement<\/h1>\n<h2><\/h2>\n<p>[\/et_pb_text][et_pb_divider color=&#8221;#FFFFFF&#8221; divider_weight=&#8221;3px&#8221; color_last_edited=&#8221;off|desktop&#8221; show_divider_tablet=&#8221;&#8221; show_divider_phone=&#8221;&#8221; show_divider_last_edited=&#8221;on|desktop&#8221; divider_style_tablet=&#8221;&#8221; divider_style_phone=&#8221;&#8221; divider_style_last_edited=&#8221;on|desktop&#8221; divider_position_tablet=&#8221;&#8221; divider_position_phone=&#8221;&#8221; divider_position_last_edited=&#8221;on|desktop&#8221; divider_weight_last_edited=&#8221;off|phone&#8221; _builder_version=&#8221;4.16&#8243; _module_preset=&#8221;06be631f-99da-4e20-94eb-c94cf77a8864&#8243; width=&#8221;180px&#8221; width_last_edited=&#8221;off|desktop&#8221; max_width_tablet=&#8221;&#8221; max_width_phone=&#8221;&#8221; max_width_last_edited=&#8221;on|desktop&#8221; min_height_tablet=&#8221;&#8221; min_height_phone=&#8221;&#8221; min_height_last_edited=&#8221;on|desktop&#8221; height_tablet=&#8221;&#8221; height_phone=&#8221;&#8221; height_last_edited=&#8221;on|desktop&#8221; max_height_tablet=&#8221;&#8221; max_height_phone=&#8221;&#8221; max_height_last_edited=&#8221;on|desktop&#8221; custom_margin_tablet=&#8221;&#8221; custom_margin_phone=&#8221;&#8221; custom_margin_last_edited=&#8221;on|desktop&#8221; custom_padding_tablet=&#8221;&#8221; custom_padding_phone=&#8221;&#8221; custom_padding_last_edited=&#8221;on|desktop&#8221; module_alignment_tablet=&#8221;&#8221; module_alignment_phone=&#8221;&#8221; module_alignment_last_edited=&#8221;on|desktop&#8221; global_colors_info=&#8221;{%22gcid-568cb0db-1d11-4944-8850-97481de056ec%22:%91%93}&#8221;][\/et_pb_divider][et_pb_text _builder_version=&#8221;4.16&#8243; _module_preset=&#8221;d737cc99-36b1-4236-8ebe-fa859c497112&#8243; global_colors_info=&#8221;{}&#8221;]<\/p>\n<p>Wir setzen uns f\u00fcr benachteiligte Kinder in Deutschland ein!<\/p>\n<p>[\/et_pb_text][\/et_pb_column][et_pb_column type=&#8221;2_5&#8243; _builder_version=&#8221;4.16&#8243; _module_preset=&#8221;default&#8221; global_colors_info=&#8221;{}&#8221;][\/et_pb_column][\/et_pb_row][\/et_pb_section][et_pb_section fb_built=&#8221;1&#8243; _builder_version=&#8221;4.16&#8243; _module_preset=&#8221;default&#8221; global_colors_info=&#8221;{}&#8221;][et_pb_row _builder_version=&#8221;4.16&#8243; _module_preset=&#8221;default&#8221; global_colors_info=&#8221;{}&#8221;][et_pb_column type=&#8221;4_4&#8243; _builder_version=&#8221;4.16&#8243; _module_preset=&#8221;default&#8221; global_colors_info=&#8221;{}&#8221;][et_pb_text _builder_version=&#8221;4.16&#8243; _module_preset=&#8221;default&#8221; global_colors_info=&#8221;{}&#8221;]<\/p>\n<h1>Gemeinsam mehr erreichen!<\/h1>\n<p>[\/et_pb_text][\/et_pb_column][\/et_pb_row][et_pb_row _builder_version=&#8221;4.16&#8243; _module_preset=&#8221;default&#8221; global_colors_info=&#8221;{}&#8221;][et_pb_column type=&#8221;4_4&#8243; _builder_version=&#8221;4.16&#8243; _module_preset=&#8221;default&#8221; global_colors_info=&#8221;{}&#8221;][et_pb_text _builder_version=&#8221;4.16&#8243; _module_preset=&#8221;default&#8221; global_colors_info=&#8221;{}&#8221;]<\/p>\n<h2>Gemeinsam mit It&#8217;s for Kids m\u00f6chten wir f\u00fcr die Kleinsten Gro\u00dfes erreichen. Wir schaffen eine neue Perspektive f\u00fcr Kinder in Deutschland.<\/h2>\n<p>[\/et_pb_text][\/et_pb_column][\/et_pb_row][et_pb_row _builder_version=&#8221;4.16&#8243; _module_preset=&#8221;default&#8221; global_colors_info=&#8221;{}&#8221;][et_pb_column type=&#8221;4_4&#8243; _builder_version=&#8221;4.16&#8243; _module_preset=&#8221;default&#8221; global_colors_info=&#8221;{}&#8221;][et_pb_image src=&#8221;https:\/\/mci-implants.de\/wp-content\/uploads\/2024\/01\/Its-for-kits_MCI-1320-x-500-px.png&#8221; title_text=&#8221;Its For Kits MCI (1320 X 500 Px)&#8221; src_last_edited=&#8221;off|desktop&#8221; _builder_version=&#8221;4.18.0&#8243; _module_preset=&#8221;default&#8221; global_colors_info=&#8221;{}&#8221;][\/et_pb_image][\/et_pb_column][\/et_pb_row][et_pb_row column_structure=&#8221;3_5,2_5&#8243; _builder_version=&#8221;4.16&#8243; _module_preset=&#8221;default&#8221; custom_padding=&#8221;0px||0px||false|false&#8221; global_colors_info=&#8221;{}&#8221;][et_pb_column type=&#8221;3_5&#8243; _builder_version=&#8221;4.16&#8243; _module_preset=&#8221;default&#8221; global_colors_info=&#8221;{}&#8221;][et_pb_text _builder_version=&#8221;4.16&#8243; _module_preset=&#8221;default&#8221; global_colors_info=&#8221;{}&#8221;]<\/p>\n<p>&nbsp;<\/p>\n<p>Die Kinderschutz-Stiftung \u201eIt\u2019s for Kids\u201c f\u00f6rdert bundesweit unterschiedlichste Projekte zum Schutz missbrauchter, vernachl\u00e4ssigter, misshandelter oder benachteiligter Kinder.<\/p>\n<p>Uns liegt das Projekt sehr am Herzen. Kinder sind unsere Zukunft. Sie ben\u00f6tigen nicht nur Liebe und Geborgenheit, sondern auch unseren Schutz. Wir als Kooperationspartner unterst\u00fctzen die Stiftung dabei, m\u00f6glichst viele Menschen zu kreativen, aktiven und monet\u00e4ren Spenden zu motivieren.<\/p>\n<p>Lasst uns gemeinsam Kindertr\u00e4ume wahr werden lassen.<\/p>\n<p>[\/et_pb_text][\/et_pb_column][et_pb_column type=&#8221;2_5&#8243; _builder_version=&#8221;4.16&#8243; _module_preset=&#8221;default&#8221; global_colors_info=&#8221;{}&#8221;][et_pb_image src=&#8221;https:\/\/mci-implants.de\/wp-content\/uploads\/2022\/04\/ItsForKids_logo_web.png&#8221; title_text=&#8221;ItsForKids Logo Web&#8221; align=&#8221;center&#8221; src_last_edited=&#8221;off|desktop&#8221; align_tablet=&#8221;center&#8221; align_phone=&#8221;center&#8221; align_last_edited=&#8221;on|desktop&#8221; _builder_version=&#8221;4.16&#8243; _module_preset=&#8221;default&#8221; transform_scale=&#8221;75%|75%&#8221; transform_scale_tablet=&#8221;75%|75%&#8221; transform_scale_phone=&#8221;75%|75%&#8221; transform_scale_last_edited=&#8221;on|desktop&#8221; transform_translate_tablet=&#8221;&#8221; transform_translate_phone=&#8221;&#8221; transform_translate_last_edited=&#8221;on|desktop&#8221; transform_rotate_tablet=&#8221;&#8221; transform_rotate_phone=&#8221;&#8221; transform_rotate_last_edited=&#8221;on|desktop&#8221; transform_skew_tablet=&#8221;&#8221; transform_skew_phone=&#8221;&#8221; transform_skew_last_edited=&#8221;on|desktop&#8221; transform_origin_tablet=&#8221;&#8221; transform_origin_phone=&#8221;&#8221; transform_origin_last_edited=&#8221;on|desktop&#8221; transform_styles_last_edited=&#8221;on|desktop&#8221; transform_styles_tablet=&#8221;&#8221; transform_styles_phone=&#8221;&#8221; global_colors_info=&#8221;{}&#8221;][\/et_pb_image][\/et_pb_column][\/et_pb_row][et_pb_row _builder_version=&#8221;4.16&#8243; _module_preset=&#8221;default&#8221; global_colors_info=&#8221;{}&#8221;][et_pb_column type=&#8221;4_4&#8243; _builder_version=&#8221;4.16&#8243; _module_preset=&#8221;default&#8221; global_colors_info=&#8221;{}&#8221;][et_pb_text _builder_version=&#8221;4.16&#8243; _module_preset=&#8221;default&#8221; global_colors_info=&#8221;{}&#8221;]<\/p>\n<h4>Wie k\u00f6nnen Sie helfen?<\/h4>\n<p>[\/et_pb_text][\/et_pb_column][\/et_pb_row][et_pb_row column_structure=&#8221;3_5,2_5&#8243; _builder_version=&#8221;4.16&#8243; _module_preset=&#8221;default&#8221; global_colors_info=&#8221;{}&#8221;][et_pb_column type=&#8221;3_5&#8243; _builder_version=&#8221;4.16&#8243; _module_preset=&#8221;default&#8221; global_colors_info=&#8221;{}&#8221;][et_pb_text _builder_version=&#8221;4.16&#8243; _module_preset=&#8221;default&#8221; global_colors_info=&#8221;{}&#8221;]<\/p>\n<p>Eine kreative Idee Spenden zu generieren, ist das Sammeln von Zahngold. Senden Sie uns Ihr Zahngold zu und wir \u00fcberreichen dies an It\u2019s for Kids. Gern k\u00f6nnen Sie auch selbst eine Sammelbox von It&#8217;s for Kids anfordern. Wir freuen uns, wenn wir Ihnen dabei behilflich sein k\u00f6nnen.<\/p>\n<p>Alternativ k\u00f6nnen Sie auch gern \u00fcber das Spendenkonto Geld an die Organisation senden.\u00a0<\/p>\n<p>[\/et_pb_text][et_pb_button button_url=&#8221;\/kontakt\/&#8221; button_text=&#8221;Zum Kontaktformular&#8221; _builder_version=&#8221;4.16&#8243; _module_preset=&#8221;default&#8221; button_bg_color=&#8221;gcid-568cb0db-1d11-4944-8850-97481de056ec&#8221; button_text_size_tablet=&#8221;&#8221; button_text_size_phone=&#8221;&#8221; button_text_size_last_edited=&#8221;on|desktop&#8221; button_text_color_tablet=&#8221;&#8221; button_text_color_phone=&#8221;&#8221; button_text_color_last_edited=&#8221;on|desktop&#8221; button_bg_color_tablet=&#8221;gcid-568cb0db-1d11-4944-8850-97481de056ec&#8221; button_bg_color_phone=&#8221;gcid-568cb0db-1d11-4944-8850-97481de056ec&#8221; button_bg_color_last_edited=&#8221;on|desktop&#8221; button_border_width_tablet=&#8221;&#8221; button_border_width_phone=&#8221;&#8221; button_border_width_last_edited=&#8221;on|desktop&#8221; button_border_color_tablet=&#8221;&#8221; button_border_color_phone=&#8221;&#8221; button_border_color_last_edited=&#8221;on|desktop&#8221; button_border_radius_tablet=&#8221;&#8221; button_border_radius_phone=&#8221;&#8221; button_border_radius_last_edited=&#8221;on|desktop&#8221; button_letter_spacing_tablet=&#8221;&#8221; button_letter_spacing_phone=&#8221;&#8221; button_letter_spacing_last_edited=&#8221;on|desktop&#8221; button_font_tablet=&#8221;&#8221; button_font_phone=&#8221;&#8221; button_font_last_edited=&#8221;on|desktop&#8221; button_icon_tablet=&#8221;&#8221; button_icon_phone=&#8221;&#8221; button_icon_last_edited=&#8221;on|desktop&#8221; button_icon_color_tablet=&#8221;&#8221; button_icon_color_phone=&#8221;&#8221; button_icon_color_last_edited=&#8221;on|desktop&#8221; button_icon_placement_tablet=&#8221;&#8221; button_icon_placement_phone=&#8221;&#8221; button_icon_placement_last_edited=&#8221;on|desktop&#8221; button_on_hover_tablet=&#8221;&#8221; button_on_hover_phone=&#8221;&#8221; button_on_hover_last_edited=&#8221;on|desktop&#8221; global_colors_info=&#8221;{%22gcid-568cb0db-1d11-4944-8850-97481de056ec%22:%91%22button_bg_color%22%93}&#8221;][\/et_pb_button][et_pb_text _builder_version=&#8221;4.17.0&#8243; _module_preset=&#8221;default&#8221; global_colors_info=&#8221;{}&#8221;]<\/p>\n<h4><\/h4>\n<h4>Spendenkonto<\/h4>\n<h4>IBAN: DE48 3008 0000 0228 2288 00<\/h4>\n<p>&nbsp;<\/p>\n<p>Kontakt: Stiftung It\u2019s for Kids, Zum J\u00e4gerhof 2, 40724 Hilden<\/p>\n<p>Website: <a href=\"http:\/\/www.its-for-kids.de\">www.its-for-kids.de<\/a><\/p>\n<p>[\/et_pb_text][\/et_pb_column][et_pb_column type=&#8221;2_5&#8243; _builder_version=&#8221;4.16&#8243; _module_preset=&#8221;default&#8221; global_colors_info=&#8221;{}&#8221;][et_pb_image src=&#8221;https:\/\/mci-implants.de\/wp-content\/uploads\/2022\/04\/Dentegris_Mascot_2021_200x361-px.png&#8221; title_text=&#8221;Dentegris Mascot 2021 200&#215;361 Px&#8221; align=&#8221;center&#8221; src_tablet=&#8221;https:\/\/mci-implants.de\/wp-content\/uploads\/2022\/04\/Dentegris_Mascot_2021_200x361-px.png&#8221; src_phone=&#8221;https:\/\/mci-implants.de\/wp-content\/uploads\/2022\/04\/Dentegris_Mascot_2021_200x361-px.png&#8221; src_last_edited=&#8221;on|desktop&#8221; align_tablet=&#8221;center&#8221; align_phone=&#8221;center&#8221; align_last_edited=&#8221;on|desktop&#8221; _builder_version=&#8221;4.16&#8243; _module_preset=&#8221;default&#8221; global_colors_info=&#8221;{}&#8221;][\/et_pb_image][\/et_pb_column][\/et_pb_row][\/et_pb_section]<\/p>\n","protected":false},"excerpt":{"rendered":"<p>Soziales Engagement Wir setzen uns f\u00fcr benachteiligte Kinder in Deutschland ein!Gemeinsam mehr erreichen!Gemeinsam mit It&#8217;s for Kids m\u00f6chten wir f\u00fcr die Kleinsten Gro\u00dfes erreichen. Wir schaffen eine neue Perspektive f\u00fcr Kinder in Deutschland.&nbsp; Die Kinderschutz-Stiftung \u201eIt\u2019s for Kids\u201c f\u00f6rdert bundesweit unterschiedlichste Projekte zum Schutz missbrauchter, vernachl\u00e4ssigter, misshandelter oder benachteiligter Kinder. Uns liegt das Projekt sehr [&hellip;]<\/p>\n","protected":false},"author":11,"featured_media":0,"parent":242671,"menu_order":0,"comment_status":"closed","ping_status":"closed","template":"","meta":{"_et_pb_use_builder":"on","_et_pb_old_content":"<!-- wp:divi\/placeholder \/-->","_et_gb_content_width":"","footnotes":""},"class_list":["post-248047","page","type-page","status-publish","hentry"],"yoast_head":"<!-- This site is optimized with the Yoast SEO plugin v27.3 - https:\/\/yoast.com\/product\/yoast-seo-wordpress\/ -->\n<title>It&#039;S for Kids - MCI Dental Implants<\/title>\n<meta name=\"description\" content=\"Gemeinsam mit It\u2019s for Kids m\u00f6chten wir f\u00fcr die Kleinsten Gro\u00dfes erreichen. Wir schaffen eine neue Perspektive f\u00fcr Kinder in Deutschland.\" \/>\n<meta name=\"robots\" content=\"index, follow, max-snippet:-1, max-image-preview:large, max-video-preview:-1\" \/>\n<link rel=\"canonical\" href=\"https:\/\/mci-implants.de\/en\/unternehmen\/its-for-kids\/\" \/>\n<meta property=\"og:locale\" content=\"en_GB\" \/>\n<meta property=\"og:type\" content=\"article\" \/>\n<meta property=\"og:title\" content=\"It&#039;S for Kids - MCI Dental Implants\" \/>\n<meta property=\"og:description\" content=\"Gemeinsam mit It\u2019s for Kids m\u00f6chten wir f\u00fcr die Kleinsten Gro\u00dfes erreichen. Wir schaffen eine neue Perspektive f\u00fcr Kinder in Deutschland.\" \/>\n<meta property=\"og:url\" content=\"https:\/\/mci-implants.de\/en\/unternehmen\/its-for-kids\/\" \/>\n<meta property=\"og:site_name\" content=\"MCI Dental Implants\" \/>\n<meta property=\"article:modified_time\" content=\"2025-03-17T10:40:05+00:00\" \/>\n<meta name=\"twitter:label1\" content=\"Estimated reading time\" \/>\n\t<meta name=\"twitter:data1\" content=\"2 minutes\" \/>\n<script type=\"application\/ld+json\" class=\"yoast-schema-graph\">{\"@context\":\"https:\\\/\\\/schema.org\",\"@graph\":[{\"@type\":\"WebPage\",\"@id\":\"https:\\\/\\\/mci-implants.de\\\/unternehmen\\\/its-for-kids\\\/\",\"url\":\"https:\\\/\\\/mci-implants.de\\\/unternehmen\\\/its-for-kids\\\/\",\"name\":\"It'S for Kids - MCI Dental Implants\",\"isPartOf\":{\"@id\":\"https:\\\/\\\/mci-implants.de\\\/#website\"},\"datePublished\":\"2022-04-08T10:56:51+00:00\",\"dateModified\":\"2025-03-17T10:40:05+00:00\",\"description\":\"Gemeinsam mit It\u2019s for Kids m\u00f6chten wir f\u00fcr die Kleinsten Gro\u00dfes erreichen. Wir schaffen eine neue Perspektive f\u00fcr Kinder in Deutschland.\",\"breadcrumb\":{\"@id\":\"https:\\\/\\\/mci-implants.de\\\/unternehmen\\\/its-for-kids\\\/#breadcrumb\"},\"inLanguage\":\"en-GB\",\"potentialAction\":[{\"@type\":\"ReadAction\",\"target\":[\"https:\\\/\\\/mci-implants.de\\\/unternehmen\\\/its-for-kids\\\/\"]}]},{\"@type\":\"BreadcrumbList\",\"@id\":\"https:\\\/\\\/mci-implants.de\\\/unternehmen\\\/its-for-kids\\\/#breadcrumb\",\"itemListElement\":[{\"@type\":\"ListItem\",\"position\":1,\"name\":\"Home\",\"item\":\"https:\\\/\\\/mci-implants.de\\\/\"},{\"@type\":\"ListItem\",\"position\":2,\"name\":\"Unternehmen\",\"item\":\"https:\\\/\\\/mci-implants.de\\\/unternehmen\\\/\"},{\"@type\":\"ListItem\",\"position\":3,\"name\":\"It&#8217;S for Kids\"}]},{\"@type\":\"WebSite\",\"@id\":\"https:\\\/\\\/mci-implants.de\\\/#website\",\"url\":\"https:\\\/\\\/mci-implants.de\\\/\",\"name\":\"MCI Dental Implants\",\"description\":\"\",\"potentialAction\":[{\"@type\":\"SearchAction\",\"target\":{\"@type\":\"EntryPoint\",\"urlTemplate\":\"https:\\\/\\\/mci-implants.de\\\/?s={search_term_string}\"},\"query-input\":{\"@type\":\"PropertyValueSpecification\",\"valueRequired\":true,\"valueName\":\"search_term_string\"}}],\"inLanguage\":\"en-GB\"}]}<\/script>\n<!-- \/ Yoast SEO plugin. -->","yoast_head_json":{"title":"It'S for Kids - MCI Dental Implants","description":"Gemeinsam mit It\u2019s for Kids m\u00f6chten wir f\u00fcr die Kleinsten Gro\u00dfes erreichen. Wir schaffen eine neue Perspektive f\u00fcr Kinder in Deutschland.","robots":{"index":"index","follow":"follow","max-snippet":"max-snippet:-1","max-image-preview":"max-image-preview:large","max-video-preview":"max-video-preview:-1"},"canonical":"https:\/\/mci-implants.de\/en\/unternehmen\/its-for-kids\/","og_locale":"en_GB","og_type":"article","og_title":"It'S for Kids - MCI Dental Implants","og_description":"Gemeinsam mit It\u2019s for Kids m\u00f6chten wir f\u00fcr die Kleinsten Gro\u00dfes erreichen. Wir schaffen eine neue Perspektive f\u00fcr Kinder in Deutschland.","og_url":"https:\/\/mci-implants.de\/en\/unternehmen\/its-for-kids\/","og_site_name":"MCI Dental Implants","article_modified_time":"2025-03-17T10:40:05+00:00","twitter_misc":{"Estimated reading time":"2 minutes"},"schema":{"@context":"https:\/\/schema.org","@graph":[{"@type":"WebPage","@id":"https:\/\/mci-implants.de\/unternehmen\/its-for-kids\/","url":"https:\/\/mci-implants.de\/unternehmen\/its-for-kids\/","name":"It'S for Kids - MCI Dental Implants","isPartOf":{"@id":"https:\/\/mci-implants.de\/#website"},"datePublished":"2022-04-08T10:56:51+00:00","dateModified":"2025-03-17T10:40:05+00:00","description":"Gemeinsam mit It\u2019s for Kids m\u00f6chten wir f\u00fcr die Kleinsten Gro\u00dfes erreichen. Wir schaffen eine neue Perspektive f\u00fcr Kinder in Deutschland.","breadcrumb":{"@id":"https:\/\/mci-implants.de\/unternehmen\/its-for-kids\/#breadcrumb"},"inLanguage":"en-GB","potentialAction":[{"@type":"ReadAction","target":["https:\/\/mci-implants.de\/unternehmen\/its-for-kids\/"]}]},{"@type":"BreadcrumbList","@id":"https:\/\/mci-implants.de\/unternehmen\/its-for-kids\/#breadcrumb","itemListElement":[{"@type":"ListItem","position":1,"name":"Home","item":"https:\/\/mci-implants.de\/"},{"@type":"ListItem","position":2,"name":"Unternehmen","item":"https:\/\/mci-implants.de\/unternehmen\/"},{"@type":"ListItem","position":3,"name":"It&#8217;S for Kids"}]},{"@type":"WebSite","@id":"https:\/\/mci-implants.de\/#website","url":"https:\/\/mci-implants.de\/","name":"MCI Dental Implants","description":"","potentialAction":[{"@type":"SearchAction","target":{"@type":"EntryPoint","urlTemplate":"https:\/\/mci-implants.de\/?s={search_term_string}"},"query-input":{"@type":"PropertyValueSpecification","valueRequired":true,"valueName":"search_term_string"}}],"inLanguage":"en-GB"}]}},"_links":{"self":[{"href":"https:\/\/mci-implants.de\/en\/wp-json\/wp\/v2\/pages\/248047","targetHints":{"allow":["GET"]}}],"collection":[{"href":"https:\/\/mci-implants.de\/en\/wp-json\/wp\/v2\/pages"}],"about":[{"href":"https:\/\/mci-implants.de\/en\/wp-json\/wp\/v2\/types\/page"}],"author":[{"embeddable":true,"href":"https:\/\/mci-implants.de\/en\/wp-json\/wp\/v2\/users\/11"}],"replies":[{"embeddable":true,"href":"https:\/\/mci-implants.de\/en\/wp-json\/wp\/v2\/comments?post=248047"}],"version-history":[{"count":15,"href":"https:\/\/mci-implants.de\/en\/wp-json\/wp\/v2\/pages\/248047\/revisions"}],"predecessor-version":[{"id":250807,"href":"https:\/\/mci-implants.de\/en\/wp-json\/wp\/v2\/pages\/248047\/revisions\/250807"}],"up":[{"embeddable":true,"href":"https:\/\/mci-implants.de\/en\/wp-json\/wp\/v2\/pages\/242671"}],"wp:attachment":[{"href":"https:\/\/mci-implants.de\/en\/wp-json\/wp\/v2\/media?parent=248047"}],"curies":[{"name":"wp","href":"https:\/\/api.w.org\/{rel}","templated":true}]}}