


{"id":245127,"date":"2021-11-04T10:33:18","date_gmt":"2021-11-04T10:33:18","guid":{"rendered":"https:\/\/mci-implants.de\/dentegris_wp\/?post_type=product&#038;p=245127"},"modified":"2026-04-09T14:28:10","modified_gmt":"2026-04-09T14:28:10","slug":"sl-tapered-implantat","status":"publish","type":"product","link":"https:\/\/mci-implants.de\/en\/product\/sl-tapered-implantat\/","title":{"rendered":"SL tapered implant"},"content":{"rendered":"<p>The SL-Tapered implant resembles the natural tooth root with its conical shape. This makes it particularly suitable for insertion immediately after an extraction or to achieve an aesthetically more favorable implant position. The implant has a double-barreled fine thread in the neck area, which ensures improved primary stability with reduced residual bone height. In conjunction with the raised surface, maximum contact is created between the implant surface and the bone.<\/p>\n<ul>\n<li>Connection type: conical connection with hexagon socket<\/li>\n<li>Material: Grade 4 titanium<\/li>\n<li>Surface: blasted and etched<\/li>\n<li>Compatible with MCI prosthetics<\/li>\n<\/ul>","protected":false},"excerpt":{"rendered":"<p>Das SL-Tapered Implantat gleicht mit seiner Konusform der natu\u0308rlichen Zahnwurzel. Dadurch eignet es sich besonders zur Insertion unmittelbar nach einer Extraktion oder zur Erzielung einer \u00e4sthetisch gu\u0308nstigeren Implantatposition. Das Implantat verfu\u0308gt im Halsbereich u\u0308ber ein doppell\u00e4ufiges Feingewinde, das bei reduzierter Restknochenh\u00f6he fu\u0308r eine verbesserte Prim\u00e4rstabilit\u00e4t sorgt. In Verbindung mit der hochgezogenen Oberfl\u00e4che entsteht ein maximaler [&hellip;]<\/p>\n","protected":false},"featured_media":247186,"template":"","meta":{"_et_pb_use_builder":"","_et_pb_old_content":"","_et_gb_content_width":""},"product_brand":[],"product_cat":[108,302],"product_tag":[],"class_list":{"0":"post-245127","1":"product","2":"type-product","3":"status-publish","4":"has-post-thumbnail","6":"product_cat-implantate","7":"product_cat-sl-tapered","9":"first","10":"instock","11":"taxable","12":"shipping-taxable","13":"product-type-variable"},"yoast_head":"<!-- This site is optimized with the Yoast SEO plugin v27.3 - https:\/\/yoast.com\/product\/yoast-seo-wordpress\/ -->\n<title>SL-Tapered Implantat - MCI Dental Implants<\/title>\n<meta name=\"robots\" content=\"index, follow, max-snippet:-1, max-image-preview:large, max-video-preview:-1\" \/>\n<link rel=\"canonical\" href=\"https:\/\/mci-implants.de\/en\/product\/sl-tapered-implantat\/\" \/>\n<meta property=\"og:locale\" content=\"en_GB\" \/>\n<meta property=\"og:type\" content=\"article\" \/>\n<meta property=\"og:title\" content=\"SL-Tapered Implantat - MCI Dental Implants\" \/>\n<meta property=\"og:description\" content=\"Das SL-Tapered Implantat gleicht mit seiner Konusform der natu\u0308rlichen Zahnwurzel. Dadurch eignet es sich besonders zur Insertion unmittelbar nach einer Extraktion oder zur Erzielung einer \u00e4sthetisch gu\u0308nstigeren Implantatposition. Das Implantat verfu\u0308gt im Halsbereich u\u0308ber ein doppell\u00e4ufiges Feingewinde, das bei reduzierter Restknochenh\u00f6he fu\u0308r eine verbesserte Prim\u00e4rstabilit\u00e4t sorgt. In Verbindung mit der hochgezogenen Oberfl\u00e4che entsteht ein maximaler [&hellip;]\" \/>\n<meta property=\"og:url\" content=\"https:\/\/mci-implants.de\/en\/product\/sl-tapered-implantat\/\" \/>\n<meta property=\"og:site_name\" content=\"MCI Dental Implants\" \/>\n<meta property=\"article:modified_time\" content=\"2026-04-09T14:28:10+00:00\" \/>\n<meta property=\"og:image\" content=\"https:\/\/mci-implants.de\/wp-content\/uploads\/2021\/11\/SL-Tapered.jpg\" \/>\n\t<meta property=\"og:image:width\" content=\"800\" \/>\n\t<meta property=\"og:image:height\" content=\"800\" \/>\n\t<meta property=\"og:image:type\" content=\"image\/jpeg\" \/>\n<meta name=\"twitter:label1\" content=\"Estimated reading time\" \/>\n\t<meta name=\"twitter:data1\" content=\"1 minute\" \/>\n<script type=\"application\/ld+json\" class=\"yoast-schema-graph\">{\"@context\":\"https:\\\/\\\/schema.org\",\"@graph\":[{\"@type\":\"WebPage\",\"@id\":\"https:\\\/\\\/mci-implants.de\\\/produkt\\\/sl-tapered-implantat\\\/\",\"url\":\"https:\\\/\\\/mci-implants.de\\\/produkt\\\/sl-tapered-implantat\\\/\",\"name\":\"SL-Tapered Implantat - MCI Dental Implants\",\"isPartOf\":{\"@id\":\"https:\\\/\\\/mci-implants.de\\\/#website\"},\"primaryImageOfPage\":{\"@id\":\"https:\\\/\\\/mci-implants.de\\\/produkt\\\/sl-tapered-implantat\\\/#primaryimage\"},\"image\":{\"@id\":\"https:\\\/\\\/mci-implants.de\\\/produkt\\\/sl-tapered-implantat\\\/#primaryimage\"},\"thumbnailUrl\":\"https:\\\/\\\/mci-implants.de\\\/wp-content\\\/uploads\\\/2021\\\/11\\\/SL-Tapered.jpg\",\"datePublished\":\"2021-11-04T10:33:18+00:00\",\"dateModified\":\"2026-04-09T14:28:10+00:00\",\"breadcrumb\":{\"@id\":\"https:\\\/\\\/mci-implants.de\\\/produkt\\\/sl-tapered-implantat\\\/#breadcrumb\"},\"inLanguage\":\"en-GB\",\"potentialAction\":[{\"@type\":\"ReadAction\",\"target\":[\"https:\\\/\\\/mci-implants.de\\\/produkt\\\/sl-tapered-implantat\\\/\"]}]},{\"@type\":\"ImageObject\",\"inLanguage\":\"en-GB\",\"@id\":\"https:\\\/\\\/mci-implants.de\\\/produkt\\\/sl-tapered-implantat\\\/#primaryimage\",\"url\":\"https:\\\/\\\/mci-implants.de\\\/wp-content\\\/uploads\\\/2021\\\/11\\\/SL-Tapered.jpg\",\"contentUrl\":\"https:\\\/\\\/mci-implants.de\\\/wp-content\\\/uploads\\\/2021\\\/11\\\/SL-Tapered.jpg\",\"width\":800,\"height\":800},{\"@type\":\"BreadcrumbList\",\"@id\":\"https:\\\/\\\/mci-implants.de\\\/produkt\\\/sl-tapered-implantat\\\/#breadcrumb\",\"itemListElement\":[{\"@type\":\"ListItem\",\"position\":1,\"name\":\"Home\",\"item\":\"https:\\\/\\\/mci-implants.de\\\/\"},{\"@type\":\"ListItem\",\"position\":2,\"name\":\"Shop\",\"item\":\"https:\\\/\\\/mci-implants.de\\\/shop\\\/\"},{\"@type\":\"ListItem\",\"position\":3,\"name\":\"SL-Tapered Implantat\"}]},{\"@type\":\"WebSite\",\"@id\":\"https:\\\/\\\/mci-implants.de\\\/#website\",\"url\":\"https:\\\/\\\/mci-implants.de\\\/\",\"name\":\"MCI Dental Implants\",\"description\":\"\",\"potentialAction\":[{\"@type\":\"SearchAction\",\"target\":{\"@type\":\"EntryPoint\",\"urlTemplate\":\"https:\\\/\\\/mci-implants.de\\\/?s={search_term_string}\"},\"query-input\":{\"@type\":\"PropertyValueSpecification\",\"valueRequired\":true,\"valueName\":\"search_term_string\"}}],\"inLanguage\":\"en-GB\"}]}<\/script>\n<!-- \/ Yoast SEO plugin. -->","yoast_head_json":{"title":"SL-Tapered Implantat - MCI Dental Implants","robots":{"index":"index","follow":"follow","max-snippet":"max-snippet:-1","max-image-preview":"max-image-preview:large","max-video-preview":"max-video-preview:-1"},"canonical":"https:\/\/mci-implants.de\/en\/product\/sl-tapered-implantat\/","og_locale":"en_GB","og_type":"article","og_title":"SL-Tapered Implantat - MCI Dental Implants","og_description":"Das SL-Tapered Implantat gleicht mit seiner Konusform der natu\u0308rlichen Zahnwurzel. Dadurch eignet es sich besonders zur Insertion unmittelbar nach einer Extraktion oder zur Erzielung einer \u00e4sthetisch gu\u0308nstigeren Implantatposition. Das Implantat verfu\u0308gt im Halsbereich u\u0308ber ein doppell\u00e4ufiges Feingewinde, das bei reduzierter Restknochenh\u00f6he fu\u0308r eine verbesserte Prim\u00e4rstabilit\u00e4t sorgt. In Verbindung mit der hochgezogenen Oberfl\u00e4che entsteht ein maximaler [&hellip;]","og_url":"https:\/\/mci-implants.de\/en\/product\/sl-tapered-implantat\/","og_site_name":"MCI Dental Implants","article_modified_time":"2026-04-09T14:28:10+00:00","og_image":[{"width":800,"height":800,"url":"https:\/\/mci-implants.de\/wp-content\/uploads\/2021\/11\/SL-Tapered.jpg","type":"image\/jpeg"}],"twitter_misc":{"Estimated reading time":"1 minute"},"schema":{"@context":"https:\/\/schema.org","@graph":[{"@type":"WebPage","@id":"https:\/\/mci-implants.de\/produkt\/sl-tapered-implantat\/","url":"https:\/\/mci-implants.de\/produkt\/sl-tapered-implantat\/","name":"SL-Tapered Implantat - MCI Dental Implants","isPartOf":{"@id":"https:\/\/mci-implants.de\/#website"},"primaryImageOfPage":{"@id":"https:\/\/mci-implants.de\/produkt\/sl-tapered-implantat\/#primaryimage"},"image":{"@id":"https:\/\/mci-implants.de\/produkt\/sl-tapered-implantat\/#primaryimage"},"thumbnailUrl":"https:\/\/mci-implants.de\/wp-content\/uploads\/2021\/11\/SL-Tapered.jpg","datePublished":"2021-11-04T10:33:18+00:00","dateModified":"2026-04-09T14:28:10+00:00","breadcrumb":{"@id":"https:\/\/mci-implants.de\/produkt\/sl-tapered-implantat\/#breadcrumb"},"inLanguage":"en-GB","potentialAction":[{"@type":"ReadAction","target":["https:\/\/mci-implants.de\/produkt\/sl-tapered-implantat\/"]}]},{"@type":"ImageObject","inLanguage":"en-GB","@id":"https:\/\/mci-implants.de\/produkt\/sl-tapered-implantat\/#primaryimage","url":"https:\/\/mci-implants.de\/wp-content\/uploads\/2021\/11\/SL-Tapered.jpg","contentUrl":"https:\/\/mci-implants.de\/wp-content\/uploads\/2021\/11\/SL-Tapered.jpg","width":800,"height":800},{"@type":"BreadcrumbList","@id":"https:\/\/mci-implants.de\/produkt\/sl-tapered-implantat\/#breadcrumb","itemListElement":[{"@type":"ListItem","position":1,"name":"Home","item":"https:\/\/mci-implants.de\/"},{"@type":"ListItem","position":2,"name":"Shop","item":"https:\/\/mci-implants.de\/shop\/"},{"@type":"ListItem","position":3,"name":"SL-Tapered Implantat"}]},{"@type":"WebSite","@id":"https:\/\/mci-implants.de\/#website","url":"https:\/\/mci-implants.de\/","name":"MCI Dental Implants","description":"","potentialAction":[{"@type":"SearchAction","target":{"@type":"EntryPoint","urlTemplate":"https:\/\/mci-implants.de\/?s={search_term_string}"},"query-input":{"@type":"PropertyValueSpecification","valueRequired":true,"valueName":"search_term_string"}}],"inLanguage":"en-GB"}]}},"_links":{"self":[{"href":"https:\/\/mci-implants.de\/en\/wp-json\/wp\/v2\/product\/245127","targetHints":{"allow":["GET"]}}],"collection":[{"href":"https:\/\/mci-implants.de\/en\/wp-json\/wp\/v2\/product"}],"about":[{"href":"https:\/\/mci-implants.de\/en\/wp-json\/wp\/v2\/types\/product"}],"wp:featuredmedia":[{"embeddable":true,"href":"https:\/\/mci-implants.de\/en\/wp-json\/wp\/v2\/media\/247186"}],"wp:attachment":[{"href":"https:\/\/mci-implants.de\/en\/wp-json\/wp\/v2\/media?parent=245127"}],"wp:term":[{"taxonomy":"product_brand","embeddable":true,"href":"https:\/\/mci-implants.de\/en\/wp-json\/wp\/v2\/product_brand?post=245127"},{"taxonomy":"product_cat","embeddable":true,"href":"https:\/\/mci-implants.de\/en\/wp-json\/wp\/v2\/product_cat?post=245127"},{"taxonomy":"product_tag","embeddable":true,"href":"https:\/\/mci-implants.de\/en\/wp-json\/wp\/v2\/product_tag?post=245127"}],"curies":[{"name":"wp","href":"https:\/\/api.w.org\/{rel}","templated":true}]}}