


{"id":245301,"date":"2021-11-12T08:50:00","date_gmt":"2021-11-12T08:50:00","guid":{"rendered":"https:\/\/mci-implants.de\/dentegris_wp\/?post_type=product&#038;p=245301"},"modified":"2026-04-09T08:25:15","modified_gmt":"2026-04-09T08:25:15","slug":"compactbon-s","status":"publish","type":"product","link":"https:\/\/mci-implants.de\/en\/product\/compactbon-s\/","title":{"rendered":"CompactBone S"},"content":{"rendered":"<p><strong>Biphasic, synthetic bone replacement material<\/strong><\/p>\n<p>CompactBone S. is an advanced, reliable and fully synthetic bone regeneration material. CompactBone S. has a controlled resorption profile and excellent application properties. The synthesis-based, absolutely homogeneous composition of 60% slowly resorbing hydroxyapatite and 40% beta-tricalcium phosphate (\u00df-TCP) results in two different mineral activity phases: CompactBone S. supports new bone formation and at the same time maintains volume and mechanical stability.<\/p>\n<p>The osteoconductivity of CompactBone S. is achieved through an optimized matrix design of interconnecting pores up to 85%iger porosity and pore sizes of 200 to 800\u03bcm. The macroporosity of CompactBone<sup>\u00ae<\/sup> S. ensures ideal osteogenetic cell growth and promotes maximum regeneration of vital bone. The microporosity ensures targeted penetration of blood, proteins and stem cells.<\/p>\n<p><strong>Characteristics:<\/strong><\/p>\n<ul>\n<li>100% synthetic, 60% HA \/ 40% \u00df-TCP<\/li>\n<li>Mechanical and volume stability<\/li>\n<li>First phase of controlled resorption supports new bone formation (\u00df-TCP)<\/li>\n<li>Second phase to support volume stability during remodeling (HA)<\/li>\n<li>Very high interconnecting porosity, macropores 200 - 800\u03bcm, micropores 1-10\u03bcm<\/li>\n<li>Osteoconductive properties<\/li>\n<li>Safe, reliable, sterile and easy to handle<\/li>\n<li>Hydrophilic surface, optimal cell and blood adhesion<\/li>\n<\/ul>\n<p><strong>Indications:<\/strong><\/p>\n<ul>\n<li>Horizontal\/vertical augmentation<\/li>\n<li>Preservation of the alveolar ridge<\/li>\n<li>Extraction socket<\/li>\n<li>Intraosseous defect<\/li>\n<li>Furcation defect (Class I-II)<\/li>\n<li>Fenestration defect<\/li>\n<li>Sinus lift<\/li>\n<\/ul>","protected":false},"excerpt":{"rendered":"<p>Particle size: 0.5 - 1.0 mm<\/p>\n<p>Particle size: 0.8 - 1.5 mm<\/p>","protected":false},"featured_media":245186,"template":"","meta":{"_et_pb_use_builder":"","_et_pb_old_content":"","_et_gb_content_width":""},"product_brand":[],"product_cat":[110,268],"product_tag":[],"class_list":{"0":"post-245301","1":"product","2":"type-product","3":"status-publish","4":"has-post-thumbnail","6":"product_cat-biomaterialien","7":"product_cat-hartgewebe","9":"first","10":"instock","11":"taxable","12":"shipping-taxable","13":"product-type-variable"},"yoast_head":"<!-- This site is optimized with the Yoast SEO plugin v27.3 - https:\/\/yoast.com\/product\/yoast-seo-wordpress\/ -->\n<title>CompactBone S. - MCI Dental Implants<\/title>\n<meta name=\"robots\" content=\"index, follow, max-snippet:-1, max-image-preview:large, max-video-preview:-1\" \/>\n<link rel=\"canonical\" href=\"https:\/\/mci-implants.de\/en\/product\/compactbon-s\/\" \/>\n<meta property=\"og:locale\" content=\"en_GB\" \/>\n<meta property=\"og:type\" content=\"article\" \/>\n<meta property=\"og:title\" content=\"CompactBone S. - MCI Dental Implants\" \/>\n<meta property=\"og:description\" content=\"Partikelgr\u00f6\u00dfe: 0,5 - 1,0 mm  Partikelgr\u00f6\u00dfe: 0,8 - 1,5 mm\" \/>\n<meta property=\"og:url\" content=\"https:\/\/mci-implants.de\/en\/product\/compactbon-s\/\" \/>\n<meta property=\"og:site_name\" content=\"MCI Dental Implants\" \/>\n<meta property=\"article:modified_time\" content=\"2026-04-09T08:25:15+00:00\" \/>\n<meta property=\"og:image\" content=\"https:\/\/mci-implants.de\/wp-content\/uploads\/2021\/06\/Dentegris-Biomaterialien-CompactBone-S-.jpg\" \/>\n\t<meta property=\"og:image:width\" content=\"800\" \/>\n\t<meta property=\"og:image:height\" content=\"800\" \/>\n\t<meta property=\"og:image:type\" content=\"image\/jpeg\" \/>\n<meta name=\"twitter:label1\" content=\"Estimated reading time\" \/>\n\t<meta name=\"twitter:data1\" content=\"2 minutes\" \/>\n<script type=\"application\/ld+json\" class=\"yoast-schema-graph\">{\"@context\":\"https:\\\/\\\/schema.org\",\"@graph\":[{\"@type\":\"WebPage\",\"@id\":\"https:\\\/\\\/mci-implants.de\\\/produkt\\\/compactbon-s\\\/\",\"url\":\"https:\\\/\\\/mci-implants.de\\\/produkt\\\/compactbon-s\\\/\",\"name\":\"CompactBone S. - MCI Dental Implants\",\"isPartOf\":{\"@id\":\"https:\\\/\\\/mci-implants.de\\\/#website\"},\"primaryImageOfPage\":{\"@id\":\"https:\\\/\\\/mci-implants.de\\\/produkt\\\/compactbon-s\\\/#primaryimage\"},\"image\":{\"@id\":\"https:\\\/\\\/mci-implants.de\\\/produkt\\\/compactbon-s\\\/#primaryimage\"},\"thumbnailUrl\":\"https:\\\/\\\/mci-implants.de\\\/wp-content\\\/uploads\\\/2021\\\/06\\\/Dentegris-Biomaterialien-CompactBone-S-.jpg\",\"datePublished\":\"2021-11-12T08:50:00+00:00\",\"dateModified\":\"2026-04-09T08:25:15+00:00\",\"breadcrumb\":{\"@id\":\"https:\\\/\\\/mci-implants.de\\\/produkt\\\/compactbon-s\\\/#breadcrumb\"},\"inLanguage\":\"en-GB\",\"potentialAction\":[{\"@type\":\"ReadAction\",\"target\":[\"https:\\\/\\\/mci-implants.de\\\/produkt\\\/compactbon-s\\\/\"]}]},{\"@type\":\"ImageObject\",\"inLanguage\":\"en-GB\",\"@id\":\"https:\\\/\\\/mci-implants.de\\\/produkt\\\/compactbon-s\\\/#primaryimage\",\"url\":\"https:\\\/\\\/mci-implants.de\\\/wp-content\\\/uploads\\\/2021\\\/06\\\/Dentegris-Biomaterialien-CompactBone-S-.jpg\",\"contentUrl\":\"https:\\\/\\\/mci-implants.de\\\/wp-content\\\/uploads\\\/2021\\\/06\\\/Dentegris-Biomaterialien-CompactBone-S-.jpg\",\"width\":800,\"height\":800},{\"@type\":\"BreadcrumbList\",\"@id\":\"https:\\\/\\\/mci-implants.de\\\/produkt\\\/compactbon-s\\\/#breadcrumb\",\"itemListElement\":[{\"@type\":\"ListItem\",\"position\":1,\"name\":\"Home\",\"item\":\"https:\\\/\\\/mci-implants.de\\\/\"},{\"@type\":\"ListItem\",\"position\":2,\"name\":\"Shop\",\"item\":\"https:\\\/\\\/mci-implants.de\\\/shop\\\/\"},{\"@type\":\"ListItem\",\"position\":3,\"name\":\"CompactBone S.\"}]},{\"@type\":\"WebSite\",\"@id\":\"https:\\\/\\\/mci-implants.de\\\/#website\",\"url\":\"https:\\\/\\\/mci-implants.de\\\/\",\"name\":\"MCI Dental Implants\",\"description\":\"\",\"potentialAction\":[{\"@type\":\"SearchAction\",\"target\":{\"@type\":\"EntryPoint\",\"urlTemplate\":\"https:\\\/\\\/mci-implants.de\\\/?s={search_term_string}\"},\"query-input\":{\"@type\":\"PropertyValueSpecification\",\"valueRequired\":true,\"valueName\":\"search_term_string\"}}],\"inLanguage\":\"en-GB\"}]}<\/script>\n<!-- \/ Yoast SEO plugin. -->","yoast_head_json":{"title":"CompactBone S. - MCI Dental Implants","robots":{"index":"index","follow":"follow","max-snippet":"max-snippet:-1","max-image-preview":"max-image-preview:large","max-video-preview":"max-video-preview:-1"},"canonical":"https:\/\/mci-implants.de\/en\/product\/compactbon-s\/","og_locale":"en_GB","og_type":"article","og_title":"CompactBone S. - MCI Dental Implants","og_description":"Partikelgr\u00f6\u00dfe: 0,5 - 1,0 mm  Partikelgr\u00f6\u00dfe: 0,8 - 1,5 mm","og_url":"https:\/\/mci-implants.de\/en\/product\/compactbon-s\/","og_site_name":"MCI Dental Implants","article_modified_time":"2026-04-09T08:25:15+00:00","og_image":[{"width":800,"height":800,"url":"https:\/\/mci-implants.de\/wp-content\/uploads\/2021\/06\/Dentegris-Biomaterialien-CompactBone-S-.jpg","type":"image\/jpeg"}],"twitter_misc":{"Estimated reading time":"2 minutes"},"schema":{"@context":"https:\/\/schema.org","@graph":[{"@type":"WebPage","@id":"https:\/\/mci-implants.de\/produkt\/compactbon-s\/","url":"https:\/\/mci-implants.de\/produkt\/compactbon-s\/","name":"CompactBone S. - MCI Dental Implants","isPartOf":{"@id":"https:\/\/mci-implants.de\/#website"},"primaryImageOfPage":{"@id":"https:\/\/mci-implants.de\/produkt\/compactbon-s\/#primaryimage"},"image":{"@id":"https:\/\/mci-implants.de\/produkt\/compactbon-s\/#primaryimage"},"thumbnailUrl":"https:\/\/mci-implants.de\/wp-content\/uploads\/2021\/06\/Dentegris-Biomaterialien-CompactBone-S-.jpg","datePublished":"2021-11-12T08:50:00+00:00","dateModified":"2026-04-09T08:25:15+00:00","breadcrumb":{"@id":"https:\/\/mci-implants.de\/produkt\/compactbon-s\/#breadcrumb"},"inLanguage":"en-GB","potentialAction":[{"@type":"ReadAction","target":["https:\/\/mci-implants.de\/produkt\/compactbon-s\/"]}]},{"@type":"ImageObject","inLanguage":"en-GB","@id":"https:\/\/mci-implants.de\/produkt\/compactbon-s\/#primaryimage","url":"https:\/\/mci-implants.de\/wp-content\/uploads\/2021\/06\/Dentegris-Biomaterialien-CompactBone-S-.jpg","contentUrl":"https:\/\/mci-implants.de\/wp-content\/uploads\/2021\/06\/Dentegris-Biomaterialien-CompactBone-S-.jpg","width":800,"height":800},{"@type":"BreadcrumbList","@id":"https:\/\/mci-implants.de\/produkt\/compactbon-s\/#breadcrumb","itemListElement":[{"@type":"ListItem","position":1,"name":"Home","item":"https:\/\/mci-implants.de\/"},{"@type":"ListItem","position":2,"name":"Shop","item":"https:\/\/mci-implants.de\/shop\/"},{"@type":"ListItem","position":3,"name":"CompactBone S."}]},{"@type":"WebSite","@id":"https:\/\/mci-implants.de\/#website","url":"https:\/\/mci-implants.de\/","name":"MCI Dental Implants","description":"","potentialAction":[{"@type":"SearchAction","target":{"@type":"EntryPoint","urlTemplate":"https:\/\/mci-implants.de\/?s={search_term_string}"},"query-input":{"@type":"PropertyValueSpecification","valueRequired":true,"valueName":"search_term_string"}}],"inLanguage":"en-GB"}]}},"_links":{"self":[{"href":"https:\/\/mci-implants.de\/en\/wp-json\/wp\/v2\/product\/245301","targetHints":{"allow":["GET"]}}],"collection":[{"href":"https:\/\/mci-implants.de\/en\/wp-json\/wp\/v2\/product"}],"about":[{"href":"https:\/\/mci-implants.de\/en\/wp-json\/wp\/v2\/types\/product"}],"wp:featuredmedia":[{"embeddable":true,"href":"https:\/\/mci-implants.de\/en\/wp-json\/wp\/v2\/media\/245186"}],"wp:attachment":[{"href":"https:\/\/mci-implants.de\/en\/wp-json\/wp\/v2\/media?parent=245301"}],"wp:term":[{"taxonomy":"product_brand","embeddable":true,"href":"https:\/\/mci-implants.de\/en\/wp-json\/wp\/v2\/product_brand?post=245301"},{"taxonomy":"product_cat","embeddable":true,"href":"https:\/\/mci-implants.de\/en\/wp-json\/wp\/v2\/product_cat?post=245301"},{"taxonomy":"product_tag","embeddable":true,"href":"https:\/\/mci-implants.de\/en\/wp-json\/wp\/v2\/product_tag?post=245301"}],"curies":[{"name":"wp","href":"https:\/\/api.w.org\/{rel}","templated":true}]}}