


{"id":245330,"date":"2021-11-12T09:38:09","date_gmt":"2021-11-12T09:38:09","guid":{"rendered":"https:\/\/mci-implants.de\/dentegris_wp\/?post_type=product&#038;p=245330"},"modified":"2026-04-09T14:54:42","modified_gmt":"2026-04-09T14:54:42","slug":"soft-bone","status":"publish","type":"product","link":"https:\/\/mci-implants.de\/en\/product\/soft-bone\/","title":{"rendered":"Soft bone implant"},"content":{"rendered":"<p>The Soft-Bone Implant was developed specifically for use in structurally unfavorable bone conditions, but can also be used very well universally. The excellent primary stability is achieved by the progressive thread design.<\/p>\n<ul>\n<li>Connection type: conical connection with hexagon socket<\/li>\n<li>Material: Grade 4 titanium<\/li>\n<li>Surface: blasted and etched<\/li>\n<li>Compatible with MCI prosthetics<\/li>\n<\/ul>","protected":false},"excerpt":{"rendered":"<p>The Soft-Bone implant was specially developed for use in structurally unfavorable bone conditions, but is also very well suited for universal use. The excellent primary stability is achieved through the progressive thread design. Connection type: conical connection with hexagon socket Material: titanium grade 4 Surface: blasted and etched Compatible with MCI prosthetics<\/p>","protected":false},"featured_media":247066,"template":"","meta":{"_et_pb_use_builder":"","_et_pb_old_content":"","_et_gb_content_width":""},"product_brand":[],"product_cat":[108,301],"product_tag":[],"class_list":{"0":"post-245330","1":"product","2":"type-product","3":"status-publish","4":"has-post-thumbnail","6":"product_cat-implantate","7":"product_cat-soft-bone","9":"first","10":"instock","11":"taxable","12":"shipping-taxable","13":"product-type-variable"},"yoast_head":"<!-- This site is optimized with the Yoast SEO plugin v27.3 - https:\/\/yoast.com\/product\/yoast-seo-wordpress\/ -->\n<title>Soft-Bone Implantat - MCI Dental Implants<\/title>\n<meta name=\"robots\" content=\"index, follow, max-snippet:-1, max-image-preview:large, max-video-preview:-1\" \/>\n<link rel=\"canonical\" href=\"https:\/\/mci-implants.de\/en\/product\/soft-bone\/\" \/>\n<meta property=\"og:locale\" content=\"en_GB\" \/>\n<meta property=\"og:type\" content=\"article\" \/>\n<meta property=\"og:title\" content=\"Soft-Bone Implantat - MCI Dental Implants\" \/>\n<meta property=\"og:description\" content=\"Das Soft-Bone Implantat wurde speziell fu\u0308r den Einsatz bei strukturell ungu\u0308nstigen Knochenverh\u00e4ltnissen entwickelt, ist aber auch universell sehr gut einsetzbar. Die hervorragende Prim\u00e4rstabilit\u00e4t wird durch das progressive Gewindedesign erreicht. Verbindungstyp: konische Verbindung mit Innensechskant Material: Titan-Grad 4 Oberfl\u00e4che: gestrahlt und ge\u00e4tzt Kompatibel mit MCI Prothetik\" \/>\n<meta property=\"og:url\" content=\"https:\/\/mci-implants.de\/en\/product\/soft-bone\/\" \/>\n<meta property=\"og:site_name\" content=\"MCI Dental Implants\" \/>\n<meta property=\"article:modified_time\" content=\"2026-04-09T14:54:42+00:00\" \/>\n<meta property=\"og:image\" content=\"https:\/\/mci-implants.de\/wp-content\/uploads\/2021\/12\/Softbone.jpg\" \/>\n\t<meta property=\"og:image:width\" content=\"800\" \/>\n\t<meta property=\"og:image:height\" content=\"800\" \/>\n\t<meta property=\"og:image:type\" content=\"image\/jpeg\" \/>\n<meta name=\"twitter:label1\" content=\"Estimated reading time\" \/>\n\t<meta name=\"twitter:data1\" content=\"1 minute\" \/>\n<script type=\"application\/ld+json\" class=\"yoast-schema-graph\">{\"@context\":\"https:\\\/\\\/schema.org\",\"@graph\":[{\"@type\":\"WebPage\",\"@id\":\"https:\\\/\\\/mci-implants.de\\\/produkt\\\/soft-bone\\\/\",\"url\":\"https:\\\/\\\/mci-implants.de\\\/produkt\\\/soft-bone\\\/\",\"name\":\"Soft-Bone Implantat - MCI Dental Implants\",\"isPartOf\":{\"@id\":\"https:\\\/\\\/mci-implants.de\\\/#website\"},\"primaryImageOfPage\":{\"@id\":\"https:\\\/\\\/mci-implants.de\\\/produkt\\\/soft-bone\\\/#primaryimage\"},\"image\":{\"@id\":\"https:\\\/\\\/mci-implants.de\\\/produkt\\\/soft-bone\\\/#primaryimage\"},\"thumbnailUrl\":\"https:\\\/\\\/mci-implants.de\\\/wp-content\\\/uploads\\\/2021\\\/12\\\/Softbone.jpg\",\"datePublished\":\"2021-11-12T09:38:09+00:00\",\"dateModified\":\"2026-04-09T14:54:42+00:00\",\"breadcrumb\":{\"@id\":\"https:\\\/\\\/mci-implants.de\\\/produkt\\\/soft-bone\\\/#breadcrumb\"},\"inLanguage\":\"en-GB\",\"potentialAction\":[{\"@type\":\"ReadAction\",\"target\":[\"https:\\\/\\\/mci-implants.de\\\/produkt\\\/soft-bone\\\/\"]}]},{\"@type\":\"ImageObject\",\"inLanguage\":\"en-GB\",\"@id\":\"https:\\\/\\\/mci-implants.de\\\/produkt\\\/soft-bone\\\/#primaryimage\",\"url\":\"https:\\\/\\\/mci-implants.de\\\/wp-content\\\/uploads\\\/2021\\\/12\\\/Softbone.jpg\",\"contentUrl\":\"https:\\\/\\\/mci-implants.de\\\/wp-content\\\/uploads\\\/2021\\\/12\\\/Softbone.jpg\",\"width\":800,\"height\":800},{\"@type\":\"BreadcrumbList\",\"@id\":\"https:\\\/\\\/mci-implants.de\\\/produkt\\\/soft-bone\\\/#breadcrumb\",\"itemListElement\":[{\"@type\":\"ListItem\",\"position\":1,\"name\":\"Home\",\"item\":\"https:\\\/\\\/mci-implants.de\\\/\"},{\"@type\":\"ListItem\",\"position\":2,\"name\":\"Shop\",\"item\":\"https:\\\/\\\/mci-implants.de\\\/shop\\\/\"},{\"@type\":\"ListItem\",\"position\":3,\"name\":\"Soft-Bone Implantat\"}]},{\"@type\":\"WebSite\",\"@id\":\"https:\\\/\\\/mci-implants.de\\\/#website\",\"url\":\"https:\\\/\\\/mci-implants.de\\\/\",\"name\":\"MCI Dental Implants\",\"description\":\"\",\"potentialAction\":[{\"@type\":\"SearchAction\",\"target\":{\"@type\":\"EntryPoint\",\"urlTemplate\":\"https:\\\/\\\/mci-implants.de\\\/?s={search_term_string}\"},\"query-input\":{\"@type\":\"PropertyValueSpecification\",\"valueRequired\":true,\"valueName\":\"search_term_string\"}}],\"inLanguage\":\"en-GB\"}]}<\/script>\n<!-- \/ Yoast SEO plugin. -->","yoast_head_json":{"title":"Soft-Bone Implantat - MCI Dental Implants","robots":{"index":"index","follow":"follow","max-snippet":"max-snippet:-1","max-image-preview":"max-image-preview:large","max-video-preview":"max-video-preview:-1"},"canonical":"https:\/\/mci-implants.de\/en\/product\/soft-bone\/","og_locale":"en_GB","og_type":"article","og_title":"Soft-Bone Implantat - MCI Dental Implants","og_description":"Das Soft-Bone Implantat wurde speziell fu\u0308r den Einsatz bei strukturell ungu\u0308nstigen Knochenverh\u00e4ltnissen entwickelt, ist aber auch universell sehr gut einsetzbar. Die hervorragende Prim\u00e4rstabilit\u00e4t wird durch das progressive Gewindedesign erreicht. Verbindungstyp: konische Verbindung mit Innensechskant Material: Titan-Grad 4 Oberfl\u00e4che: gestrahlt und ge\u00e4tzt Kompatibel mit MCI Prothetik","og_url":"https:\/\/mci-implants.de\/en\/product\/soft-bone\/","og_site_name":"MCI Dental Implants","article_modified_time":"2026-04-09T14:54:42+00:00","og_image":[{"width":800,"height":800,"url":"https:\/\/mci-implants.de\/wp-content\/uploads\/2021\/12\/Softbone.jpg","type":"image\/jpeg"}],"twitter_misc":{"Estimated reading time":"1 minute"},"schema":{"@context":"https:\/\/schema.org","@graph":[{"@type":"WebPage","@id":"https:\/\/mci-implants.de\/produkt\/soft-bone\/","url":"https:\/\/mci-implants.de\/produkt\/soft-bone\/","name":"Soft-Bone Implantat - MCI Dental Implants","isPartOf":{"@id":"https:\/\/mci-implants.de\/#website"},"primaryImageOfPage":{"@id":"https:\/\/mci-implants.de\/produkt\/soft-bone\/#primaryimage"},"image":{"@id":"https:\/\/mci-implants.de\/produkt\/soft-bone\/#primaryimage"},"thumbnailUrl":"https:\/\/mci-implants.de\/wp-content\/uploads\/2021\/12\/Softbone.jpg","datePublished":"2021-11-12T09:38:09+00:00","dateModified":"2026-04-09T14:54:42+00:00","breadcrumb":{"@id":"https:\/\/mci-implants.de\/produkt\/soft-bone\/#breadcrumb"},"inLanguage":"en-GB","potentialAction":[{"@type":"ReadAction","target":["https:\/\/mci-implants.de\/produkt\/soft-bone\/"]}]},{"@type":"ImageObject","inLanguage":"en-GB","@id":"https:\/\/mci-implants.de\/produkt\/soft-bone\/#primaryimage","url":"https:\/\/mci-implants.de\/wp-content\/uploads\/2021\/12\/Softbone.jpg","contentUrl":"https:\/\/mci-implants.de\/wp-content\/uploads\/2021\/12\/Softbone.jpg","width":800,"height":800},{"@type":"BreadcrumbList","@id":"https:\/\/mci-implants.de\/produkt\/soft-bone\/#breadcrumb","itemListElement":[{"@type":"ListItem","position":1,"name":"Home","item":"https:\/\/mci-implants.de\/"},{"@type":"ListItem","position":2,"name":"Shop","item":"https:\/\/mci-implants.de\/shop\/"},{"@type":"ListItem","position":3,"name":"Soft-Bone Implantat"}]},{"@type":"WebSite","@id":"https:\/\/mci-implants.de\/#website","url":"https:\/\/mci-implants.de\/","name":"MCI Dental Implants","description":"","potentialAction":[{"@type":"SearchAction","target":{"@type":"EntryPoint","urlTemplate":"https:\/\/mci-implants.de\/?s={search_term_string}"},"query-input":{"@type":"PropertyValueSpecification","valueRequired":true,"valueName":"search_term_string"}}],"inLanguage":"en-GB"}]}},"_links":{"self":[{"href":"https:\/\/mci-implants.de\/en\/wp-json\/wp\/v2\/product\/245330","targetHints":{"allow":["GET"]}}],"collection":[{"href":"https:\/\/mci-implants.de\/en\/wp-json\/wp\/v2\/product"}],"about":[{"href":"https:\/\/mci-implants.de\/en\/wp-json\/wp\/v2\/types\/product"}],"wp:featuredmedia":[{"embeddable":true,"href":"https:\/\/mci-implants.de\/en\/wp-json\/wp\/v2\/media\/247066"}],"wp:attachment":[{"href":"https:\/\/mci-implants.de\/en\/wp-json\/wp\/v2\/media?parent=245330"}],"wp:term":[{"taxonomy":"product_brand","embeddable":true,"href":"https:\/\/mci-implants.de\/en\/wp-json\/wp\/v2\/product_brand?post=245330"},{"taxonomy":"product_cat","embeddable":true,"href":"https:\/\/mci-implants.de\/en\/wp-json\/wp\/v2\/product_cat?post=245330"},{"taxonomy":"product_tag","embeddable":true,"href":"https:\/\/mci-implants.de\/en\/wp-json\/wp\/v2\/product_tag?post=245330"}],"curies":[{"name":"wp","href":"https:\/\/api.w.org\/{rel}","templated":true}]}}