


{"id":245436,"date":"2021-12-16T09:06:20","date_gmt":"2021-12-16T09:06:20","guid":{"rendered":"https:\/\/mci-implants.de\/dentegris_wp\/?post_type=product&#038;p=245436"},"modified":"2024-03-28T12:20:01","modified_gmt":"2024-03-28T12:20:01","slug":"abdruckkappen","status":"publish","type":"product","link":"https:\/\/mci-implants.de\/en\/product\/abdruckkappen\/","title":{"rendered":"Impression caps for AGP impression posts"},"content":{"rendered":"<p>The high-precision impression cap clicks into place noticeably, remains securely in the impression material and avoids transfer errors. The impression caps can be used for both the AGP and the AGPL impression posts.<\/p>\n<p>The impression caps are available individually.<\/p>\n<p>Please select the appropriate diameter.<\/p>","protected":false},"excerpt":{"rendered":"<p>The high-precision impression cap snaps into place, remains securely in the impression material and avoids transfer errors. The impression caps can be used for both the AGP and the AGPL impression posts. The impression caps are available individually. Please select the appropriate diameter.<\/p>","protected":false},"featured_media":247022,"template":"","meta":{"_et_pb_use_builder":"","_et_pb_old_content":"","_et_gb_content_width":""},"product_brand":[],"product_cat":[245,244,109],"product_tag":[],"class_list":{"0":"post-245436","1":"product","2":"type-product","3":"status-publish","4":"has-post-thumbnail","6":"product_cat-abdruckpfosten","7":"product_cat-abformung","8":"product_cat-prothetik","10":"first","11":"instock","12":"taxable","13":"shipping-taxable","14":"product-type-variable"},"yoast_head":"<!-- This site is optimized with the Yoast SEO plugin v27.3 - https:\/\/yoast.com\/product\/yoast-seo-wordpress\/ -->\n<title>Abdruckkappen f\u00fcr AGP Abdruckpfosten - MCI Dental Implants<\/title>\n<meta name=\"robots\" content=\"index, follow, max-snippet:-1, max-image-preview:large, max-video-preview:-1\" \/>\n<link rel=\"canonical\" href=\"https:\/\/mci-implants.de\/en\/product\/abdruckkappen\/\" \/>\n<meta property=\"og:locale\" content=\"en_GB\" \/>\n<meta property=\"og:type\" content=\"article\" \/>\n<meta property=\"og:title\" content=\"Abdruckkappen f\u00fcr AGP Abdruckpfosten - MCI Dental Implants\" \/>\n<meta property=\"og:description\" content=\"Die hochpr\u00e4zise Abformkappe rastet sp\u00fcrbar ein, verbleibt sicher im Abformmaterial und vermeidet \u00dcbertragungsfehler. Die Abdruckkappen k\u00f6nnen sowohl f\u00fcr die AGP, als auch f\u00fcr die AGPL Abdruckpfosten verwendet werden. Die Abdruckkappen sind einzeln erh\u00e4ltlich. Bitte w\u00e4hlen Sie den entsprechenden Durchmesser aus.\" \/>\n<meta property=\"og:url\" content=\"https:\/\/mci-implants.de\/en\/product\/abdruckkappen\/\" \/>\n<meta property=\"og:site_name\" content=\"MCI Dental Implants\" \/>\n<meta property=\"article:modified_time\" content=\"2024-03-28T12:20:01+00:00\" \/>\n<meta property=\"og:image\" content=\"https:\/\/mci-implants.de\/wp-content\/uploads\/2021\/12\/3841AK.jpg\" \/>\n\t<meta property=\"og:image:width\" content=\"800\" \/>\n\t<meta property=\"og:image:height\" content=\"800\" \/>\n\t<meta property=\"og:image:type\" content=\"image\/jpeg\" \/>\n<script type=\"application\/ld+json\" class=\"yoast-schema-graph\">{\"@context\":\"https:\\\/\\\/schema.org\",\"@graph\":[{\"@type\":\"WebPage\",\"@id\":\"https:\\\/\\\/mci-implants.de\\\/produkt\\\/abdruckkappen\\\/\",\"url\":\"https:\\\/\\\/mci-implants.de\\\/produkt\\\/abdruckkappen\\\/\",\"name\":\"Abdruckkappen f\u00fcr AGP Abdruckpfosten - MCI Dental Implants\",\"isPartOf\":{\"@id\":\"https:\\\/\\\/mci-implants.de\\\/#website\"},\"primaryImageOfPage\":{\"@id\":\"https:\\\/\\\/mci-implants.de\\\/produkt\\\/abdruckkappen\\\/#primaryimage\"},\"image\":{\"@id\":\"https:\\\/\\\/mci-implants.de\\\/produkt\\\/abdruckkappen\\\/#primaryimage\"},\"thumbnailUrl\":\"https:\\\/\\\/mci-implants.de\\\/wp-content\\\/uploads\\\/2021\\\/12\\\/3841AK.jpg\",\"datePublished\":\"2021-12-16T09:06:20+00:00\",\"dateModified\":\"2024-03-28T12:20:01+00:00\",\"breadcrumb\":{\"@id\":\"https:\\\/\\\/mci-implants.de\\\/produkt\\\/abdruckkappen\\\/#breadcrumb\"},\"inLanguage\":\"en-GB\",\"potentialAction\":[{\"@type\":\"ReadAction\",\"target\":[\"https:\\\/\\\/mci-implants.de\\\/produkt\\\/abdruckkappen\\\/\"]}]},{\"@type\":\"ImageObject\",\"inLanguage\":\"en-GB\",\"@id\":\"https:\\\/\\\/mci-implants.de\\\/produkt\\\/abdruckkappen\\\/#primaryimage\",\"url\":\"https:\\\/\\\/mci-implants.de\\\/wp-content\\\/uploads\\\/2021\\\/12\\\/3841AK.jpg\",\"contentUrl\":\"https:\\\/\\\/mci-implants.de\\\/wp-content\\\/uploads\\\/2021\\\/12\\\/3841AK.jpg\",\"width\":800,\"height\":800},{\"@type\":\"BreadcrumbList\",\"@id\":\"https:\\\/\\\/mci-implants.de\\\/produkt\\\/abdruckkappen\\\/#breadcrumb\",\"itemListElement\":[{\"@type\":\"ListItem\",\"position\":1,\"name\":\"Home\",\"item\":\"https:\\\/\\\/mci-implants.de\\\/\"},{\"@type\":\"ListItem\",\"position\":2,\"name\":\"Shop\",\"item\":\"https:\\\/\\\/mci-implants.de\\\/shop\\\/\"},{\"@type\":\"ListItem\",\"position\":3,\"name\":\"Abdruckkappen f\u00fcr AGP Abdruckpfosten\"}]},{\"@type\":\"WebSite\",\"@id\":\"https:\\\/\\\/mci-implants.de\\\/#website\",\"url\":\"https:\\\/\\\/mci-implants.de\\\/\",\"name\":\"MCI Dental Implants\",\"description\":\"\",\"potentialAction\":[{\"@type\":\"SearchAction\",\"target\":{\"@type\":\"EntryPoint\",\"urlTemplate\":\"https:\\\/\\\/mci-implants.de\\\/?s={search_term_string}\"},\"query-input\":{\"@type\":\"PropertyValueSpecification\",\"valueRequired\":true,\"valueName\":\"search_term_string\"}}],\"inLanguage\":\"en-GB\"}]}<\/script>\n<!-- \/ Yoast SEO plugin. -->","yoast_head_json":{"title":"Abdruckkappen f\u00fcr AGP Abdruckpfosten - MCI Dental Implants","robots":{"index":"index","follow":"follow","max-snippet":"max-snippet:-1","max-image-preview":"max-image-preview:large","max-video-preview":"max-video-preview:-1"},"canonical":"https:\/\/mci-implants.de\/en\/product\/abdruckkappen\/","og_locale":"en_GB","og_type":"article","og_title":"Abdruckkappen f\u00fcr AGP Abdruckpfosten - MCI Dental Implants","og_description":"Die hochpr\u00e4zise Abformkappe rastet sp\u00fcrbar ein, verbleibt sicher im Abformmaterial und vermeidet \u00dcbertragungsfehler. Die Abdruckkappen k\u00f6nnen sowohl f\u00fcr die AGP, als auch f\u00fcr die AGPL Abdruckpfosten verwendet werden. Die Abdruckkappen sind einzeln erh\u00e4ltlich. Bitte w\u00e4hlen Sie den entsprechenden Durchmesser aus.","og_url":"https:\/\/mci-implants.de\/en\/product\/abdruckkappen\/","og_site_name":"MCI Dental Implants","article_modified_time":"2024-03-28T12:20:01+00:00","og_image":[{"width":800,"height":800,"url":"https:\/\/mci-implants.de\/wp-content\/uploads\/2021\/12\/3841AK.jpg","type":"image\/jpeg"}],"schema":{"@context":"https:\/\/schema.org","@graph":[{"@type":"WebPage","@id":"https:\/\/mci-implants.de\/produkt\/abdruckkappen\/","url":"https:\/\/mci-implants.de\/produkt\/abdruckkappen\/","name":"Abdruckkappen f\u00fcr AGP Abdruckpfosten - MCI Dental Implants","isPartOf":{"@id":"https:\/\/mci-implants.de\/#website"},"primaryImageOfPage":{"@id":"https:\/\/mci-implants.de\/produkt\/abdruckkappen\/#primaryimage"},"image":{"@id":"https:\/\/mci-implants.de\/produkt\/abdruckkappen\/#primaryimage"},"thumbnailUrl":"https:\/\/mci-implants.de\/wp-content\/uploads\/2021\/12\/3841AK.jpg","datePublished":"2021-12-16T09:06:20+00:00","dateModified":"2024-03-28T12:20:01+00:00","breadcrumb":{"@id":"https:\/\/mci-implants.de\/produkt\/abdruckkappen\/#breadcrumb"},"inLanguage":"en-GB","potentialAction":[{"@type":"ReadAction","target":["https:\/\/mci-implants.de\/produkt\/abdruckkappen\/"]}]},{"@type":"ImageObject","inLanguage":"en-GB","@id":"https:\/\/mci-implants.de\/produkt\/abdruckkappen\/#primaryimage","url":"https:\/\/mci-implants.de\/wp-content\/uploads\/2021\/12\/3841AK.jpg","contentUrl":"https:\/\/mci-implants.de\/wp-content\/uploads\/2021\/12\/3841AK.jpg","width":800,"height":800},{"@type":"BreadcrumbList","@id":"https:\/\/mci-implants.de\/produkt\/abdruckkappen\/#breadcrumb","itemListElement":[{"@type":"ListItem","position":1,"name":"Home","item":"https:\/\/mci-implants.de\/"},{"@type":"ListItem","position":2,"name":"Shop","item":"https:\/\/mci-implants.de\/shop\/"},{"@type":"ListItem","position":3,"name":"Abdruckkappen f\u00fcr AGP Abdruckpfosten"}]},{"@type":"WebSite","@id":"https:\/\/mci-implants.de\/#website","url":"https:\/\/mci-implants.de\/","name":"MCI Dental Implants","description":"","potentialAction":[{"@type":"SearchAction","target":{"@type":"EntryPoint","urlTemplate":"https:\/\/mci-implants.de\/?s={search_term_string}"},"query-input":{"@type":"PropertyValueSpecification","valueRequired":true,"valueName":"search_term_string"}}],"inLanguage":"en-GB"}]}},"_links":{"self":[{"href":"https:\/\/mci-implants.de\/en\/wp-json\/wp\/v2\/product\/245436","targetHints":{"allow":["GET"]}}],"collection":[{"href":"https:\/\/mci-implants.de\/en\/wp-json\/wp\/v2\/product"}],"about":[{"href":"https:\/\/mci-implants.de\/en\/wp-json\/wp\/v2\/types\/product"}],"wp:featuredmedia":[{"embeddable":true,"href":"https:\/\/mci-implants.de\/en\/wp-json\/wp\/v2\/media\/247022"}],"wp:attachment":[{"href":"https:\/\/mci-implants.de\/en\/wp-json\/wp\/v2\/media?parent=245436"}],"wp:term":[{"taxonomy":"product_brand","embeddable":true,"href":"https:\/\/mci-implants.de\/en\/wp-json\/wp\/v2\/product_brand?post=245436"},{"taxonomy":"product_cat","embeddable":true,"href":"https:\/\/mci-implants.de\/en\/wp-json\/wp\/v2\/product_cat?post=245436"},{"taxonomy":"product_tag","embeddable":true,"href":"https:\/\/mci-implants.de\/en\/wp-json\/wp\/v2\/product_tag?post=245436"}],"curies":[{"name":"wp","href":"https:\/\/api.w.org\/{rel}","templated":true}]}}