


{"id":245462,"date":"2021-12-16T10:03:45","date_gmt":"2021-12-16T10:03:45","guid":{"rendered":"https:\/\/mci-implants.de\/dentegris_wp\/?post_type=product&#038;p=245462"},"modified":"2024-03-28T12:20:05","modified_gmt":"2024-03-28T12:20:05","slug":"gold-kunststoff-aufbau","status":"publish","type":"product","link":"https:\/\/mci-implants.de\/en\/product\/gold-kunststoff-aufbau\/","title":{"rendered":"Gold plastic construction"},"content":{"rendered":"<p>Superstructures for cast-on, high-gold alloys to create individually designed pillars for bridges and bar restorations. The structure can be modeled with wax (classic modeling waxes) or with plastic (e.g. Pattern Resin, Pico Plast, etc.). The melting interval of the UCLA alloy is between 1400\u00b0C - 1470\u00b0C. The UCLA abutments are available with or without hex.<\/p>\n<p>Chemical composition:<\/p>\n<p>Platinum 18.8 %<\/p>\n<p>Iridium: 1.2 %<\/p>\n<p>Gold: 60 %<\/p>\n<p>Palladium: 20 %<\/p>\n<p>Each delivery includes retaining screw.<\/p>\n<p>&nbsp;<\/p>","protected":false},"excerpt":{"rendered":"<p>Aufbauten f\u00fcr angussf\u00e4hige, hochgoldhaltige Legierungen zur Erstellung von individuell gestalteten Pfeiler f\u00fcr Br\u00fccken und Stegversorgungen. Der Aufbau kann sowohl mit Wachs (klassische Modellierwachse) oder auch mit Kunststoff (z.B. Pattern Resin, Pico Plast, etc.) modelliert werden. Das Schmelzintervall der UCLA-Legierung liegt zwischen 1400\u00b0C- 1470\u00b0C. Die UCLA-Aufbauten gibt es in der Ausf\u00fchrung mit oder ohne Hex. Chemische [&hellip;]<\/p>\n","protected":false},"featured_media":247067,"template":"","meta":{"_et_pb_use_builder":"","_et_pb_old_content":"","_et_gb_content_width":""},"product_brand":[],"product_cat":[249,247,109],"product_tag":[],"class_list":{"0":"post-245462","1":"product","2":"type-product","3":"status-publish","4":"has-post-thumbnail","6":"product_cat-gold-kunststoff-aufbau","7":"product_cat-kronen-und-brueckenversorgung","8":"product_cat-prothetik","10":"first","11":"instock","12":"taxable","13":"shipping-taxable","14":"product-type-variable"},"yoast_head":"<!-- This site is optimized with the Yoast SEO plugin v27.4 - https:\/\/yoast.com\/product\/yoast-seo-wordpress\/ -->\n<title>Gold-Kunststoff-Aufbau - MCI Dental Implants<\/title>\n<meta name=\"robots\" content=\"index, follow, max-snippet:-1, max-image-preview:large, max-video-preview:-1\" \/>\n<link rel=\"canonical\" href=\"https:\/\/mci-implants.de\/en\/product\/gold-kunststoff-aufbau\/\" \/>\n<meta property=\"og:locale\" content=\"en_GB\" \/>\n<meta property=\"og:type\" content=\"article\" \/>\n<meta property=\"og:title\" content=\"Gold-Kunststoff-Aufbau - MCI Dental Implants\" \/>\n<meta property=\"og:description\" content=\"Aufbauten f\u00fcr angussf\u00e4hige, hochgoldhaltige Legierungen zur Erstellung von individuell gestalteten Pfeiler f\u00fcr Br\u00fccken und Stegversorgungen. Der Aufbau kann sowohl mit Wachs (klassische Modellierwachse) oder auch mit Kunststoff (z.B. Pattern Resin, Pico Plast, etc.) modelliert werden. Das Schmelzintervall der UCLA-Legierung liegt zwischen 1400\u00b0C- 1470\u00b0C. Die UCLA-Aufbauten gibt es in der Ausf\u00fchrung mit oder ohne Hex. Chemische [&hellip;]\" \/>\n<meta property=\"og:url\" content=\"https:\/\/mci-implants.de\/en\/product\/gold-kunststoff-aufbau\/\" \/>\n<meta property=\"og:site_name\" content=\"MCI Dental Implants\" \/>\n<meta property=\"article:modified_time\" content=\"2024-03-28T12:20:05+00:00\" \/>\n<meta property=\"og:image\" content=\"https:\/\/mci-implants.de\/wp-content\/uploads\/2021\/12\/UCLAmH.jpg\" \/>\n\t<meta property=\"og:image:width\" content=\"800\" \/>\n\t<meta property=\"og:image:height\" content=\"800\" \/>\n\t<meta property=\"og:image:type\" content=\"image\/jpeg\" \/>\n<meta name=\"twitter:label1\" content=\"Estimated reading time\" \/>\n\t<meta name=\"twitter:data1\" content=\"1 minute\" \/>\n<script type=\"application\/ld+json\" class=\"yoast-schema-graph\">{\"@context\":\"https:\\\/\\\/schema.org\",\"@graph\":[{\"@type\":\"WebPage\",\"@id\":\"https:\\\/\\\/mci-implants.de\\\/produkt\\\/gold-kunststoff-aufbau\\\/\",\"url\":\"https:\\\/\\\/mci-implants.de\\\/produkt\\\/gold-kunststoff-aufbau\\\/\",\"name\":\"Gold-Kunststoff-Aufbau - MCI Dental Implants\",\"isPartOf\":{\"@id\":\"https:\\\/\\\/mci-implants.de\\\/#website\"},\"primaryImageOfPage\":{\"@id\":\"https:\\\/\\\/mci-implants.de\\\/produkt\\\/gold-kunststoff-aufbau\\\/#primaryimage\"},\"image\":{\"@id\":\"https:\\\/\\\/mci-implants.de\\\/produkt\\\/gold-kunststoff-aufbau\\\/#primaryimage\"},\"thumbnailUrl\":\"https:\\\/\\\/mci-implants.de\\\/wp-content\\\/uploads\\\/2021\\\/12\\\/UCLAmH.jpg\",\"datePublished\":\"2021-12-16T10:03:45+00:00\",\"dateModified\":\"2024-03-28T12:20:05+00:00\",\"breadcrumb\":{\"@id\":\"https:\\\/\\\/mci-implants.de\\\/produkt\\\/gold-kunststoff-aufbau\\\/#breadcrumb\"},\"inLanguage\":\"en-GB\",\"potentialAction\":[{\"@type\":\"ReadAction\",\"target\":[\"https:\\\/\\\/mci-implants.de\\\/produkt\\\/gold-kunststoff-aufbau\\\/\"]}]},{\"@type\":\"ImageObject\",\"inLanguage\":\"en-GB\",\"@id\":\"https:\\\/\\\/mci-implants.de\\\/produkt\\\/gold-kunststoff-aufbau\\\/#primaryimage\",\"url\":\"https:\\\/\\\/mci-implants.de\\\/wp-content\\\/uploads\\\/2021\\\/12\\\/UCLAmH.jpg\",\"contentUrl\":\"https:\\\/\\\/mci-implants.de\\\/wp-content\\\/uploads\\\/2021\\\/12\\\/UCLAmH.jpg\",\"width\":800,\"height\":800},{\"@type\":\"BreadcrumbList\",\"@id\":\"https:\\\/\\\/mci-implants.de\\\/produkt\\\/gold-kunststoff-aufbau\\\/#breadcrumb\",\"itemListElement\":[{\"@type\":\"ListItem\",\"position\":1,\"name\":\"Home\",\"item\":\"https:\\\/\\\/mci-implants.de\\\/\"},{\"@type\":\"ListItem\",\"position\":2,\"name\":\"Shop\",\"item\":\"https:\\\/\\\/mci-implants.de\\\/shop\\\/\"},{\"@type\":\"ListItem\",\"position\":3,\"name\":\"Gold-Kunststoff-Aufbau\"}]},{\"@type\":\"WebSite\",\"@id\":\"https:\\\/\\\/mci-implants.de\\\/#website\",\"url\":\"https:\\\/\\\/mci-implants.de\\\/\",\"name\":\"MCI Dental Implants\",\"description\":\"\",\"potentialAction\":[{\"@type\":\"SearchAction\",\"target\":{\"@type\":\"EntryPoint\",\"urlTemplate\":\"https:\\\/\\\/mci-implants.de\\\/?s={search_term_string}\"},\"query-input\":{\"@type\":\"PropertyValueSpecification\",\"valueRequired\":true,\"valueName\":\"search_term_string\"}}],\"inLanguage\":\"en-GB\"}]}<\/script>\n<!-- \/ Yoast SEO plugin. -->","yoast_head_json":{"title":"Gold-Kunststoff-Aufbau - MCI Dental Implants","robots":{"index":"index","follow":"follow","max-snippet":"max-snippet:-1","max-image-preview":"max-image-preview:large","max-video-preview":"max-video-preview:-1"},"canonical":"https:\/\/mci-implants.de\/en\/product\/gold-kunststoff-aufbau\/","og_locale":"en_GB","og_type":"article","og_title":"Gold-Kunststoff-Aufbau - MCI Dental Implants","og_description":"Aufbauten f\u00fcr angussf\u00e4hige, hochgoldhaltige Legierungen zur Erstellung von individuell gestalteten Pfeiler f\u00fcr Br\u00fccken und Stegversorgungen. Der Aufbau kann sowohl mit Wachs (klassische Modellierwachse) oder auch mit Kunststoff (z.B. Pattern Resin, Pico Plast, etc.) modelliert werden. Das Schmelzintervall der UCLA-Legierung liegt zwischen 1400\u00b0C- 1470\u00b0C. Die UCLA-Aufbauten gibt es in der Ausf\u00fchrung mit oder ohne Hex. Chemische [&hellip;]","og_url":"https:\/\/mci-implants.de\/en\/product\/gold-kunststoff-aufbau\/","og_site_name":"MCI Dental Implants","article_modified_time":"2024-03-28T12:20:05+00:00","og_image":[{"width":800,"height":800,"url":"https:\/\/mci-implants.de\/wp-content\/uploads\/2021\/12\/UCLAmH.jpg","type":"image\/jpeg"}],"twitter_misc":{"Estimated reading time":"1 minute"},"schema":{"@context":"https:\/\/schema.org","@graph":[{"@type":"WebPage","@id":"https:\/\/mci-implants.de\/produkt\/gold-kunststoff-aufbau\/","url":"https:\/\/mci-implants.de\/produkt\/gold-kunststoff-aufbau\/","name":"Gold-Kunststoff-Aufbau - MCI Dental Implants","isPartOf":{"@id":"https:\/\/mci-implants.de\/#website"},"primaryImageOfPage":{"@id":"https:\/\/mci-implants.de\/produkt\/gold-kunststoff-aufbau\/#primaryimage"},"image":{"@id":"https:\/\/mci-implants.de\/produkt\/gold-kunststoff-aufbau\/#primaryimage"},"thumbnailUrl":"https:\/\/mci-implants.de\/wp-content\/uploads\/2021\/12\/UCLAmH.jpg","datePublished":"2021-12-16T10:03:45+00:00","dateModified":"2024-03-28T12:20:05+00:00","breadcrumb":{"@id":"https:\/\/mci-implants.de\/produkt\/gold-kunststoff-aufbau\/#breadcrumb"},"inLanguage":"en-GB","potentialAction":[{"@type":"ReadAction","target":["https:\/\/mci-implants.de\/produkt\/gold-kunststoff-aufbau\/"]}]},{"@type":"ImageObject","inLanguage":"en-GB","@id":"https:\/\/mci-implants.de\/produkt\/gold-kunststoff-aufbau\/#primaryimage","url":"https:\/\/mci-implants.de\/wp-content\/uploads\/2021\/12\/UCLAmH.jpg","contentUrl":"https:\/\/mci-implants.de\/wp-content\/uploads\/2021\/12\/UCLAmH.jpg","width":800,"height":800},{"@type":"BreadcrumbList","@id":"https:\/\/mci-implants.de\/produkt\/gold-kunststoff-aufbau\/#breadcrumb","itemListElement":[{"@type":"ListItem","position":1,"name":"Home","item":"https:\/\/mci-implants.de\/"},{"@type":"ListItem","position":2,"name":"Shop","item":"https:\/\/mci-implants.de\/shop\/"},{"@type":"ListItem","position":3,"name":"Gold-Kunststoff-Aufbau"}]},{"@type":"WebSite","@id":"https:\/\/mci-implants.de\/#website","url":"https:\/\/mci-implants.de\/","name":"MCI Dental Implants","description":"","potentialAction":[{"@type":"SearchAction","target":{"@type":"EntryPoint","urlTemplate":"https:\/\/mci-implants.de\/?s={search_term_string}"},"query-input":{"@type":"PropertyValueSpecification","valueRequired":true,"valueName":"search_term_string"}}],"inLanguage":"en-GB"}]}},"_links":{"self":[{"href":"https:\/\/mci-implants.de\/en\/wp-json\/wp\/v2\/product\/245462","targetHints":{"allow":["GET"]}}],"collection":[{"href":"https:\/\/mci-implants.de\/en\/wp-json\/wp\/v2\/product"}],"about":[{"href":"https:\/\/mci-implants.de\/en\/wp-json\/wp\/v2\/types\/product"}],"wp:featuredmedia":[{"embeddable":true,"href":"https:\/\/mci-implants.de\/en\/wp-json\/wp\/v2\/media\/247067"}],"wp:attachment":[{"href":"https:\/\/mci-implants.de\/en\/wp-json\/wp\/v2\/media?parent=245462"}],"wp:term":[{"taxonomy":"product_brand","embeddable":true,"href":"https:\/\/mci-implants.de\/en\/wp-json\/wp\/v2\/product_brand?post=245462"},{"taxonomy":"product_cat","embeddable":true,"href":"https:\/\/mci-implants.de\/en\/wp-json\/wp\/v2\/product_cat?post=245462"},{"taxonomy":"product_tag","embeddable":true,"href":"https:\/\/mci-implants.de\/en\/wp-json\/wp\/v2\/product_tag?post=245462"}],"curies":[{"name":"wp","href":"https:\/\/api.w.org\/{rel}","templated":true}]}}