


{"id":245504,"date":"2021-12-16T10:31:41","date_gmt":"2021-12-16T10:31:41","guid":{"rendered":"https:\/\/mci-implants.de\/dentegris_wp\/?post_type=product&#038;p=245504"},"modified":"2024-03-28T12:20:09","modified_gmt":"2024-03-28T12:20:09","slug":"kugelkopfaufbau","status":"publish","type":"product","link":"https:\/\/mci-implants.de\/en\/product\/kugelkopfaufbau\/","title":{"rendered":"Ball head structure"},"content":{"rendered":"<p>The ball head abutment is a classic type of attachment of full dentures to implants and can be provided with either standard matrices or TIMA matrices (PX Dental, Switzerland). The withdrawal force of the standard die is controlled by retention rings of different degrees of hardness. The scope of delivery includes a soft and a hard retention ring. The closed TIMA die made of titanium receives its holding power via an exchangeable ring spring made of high-strength special spring steel, which can be replaced by simply screwing on the die.<\/p>\n<p>Material: titanium alloy<\/p>\n<p>The ball head abutments are available for implant diameters \u00d8 3.3mm, \u00d8 3.8mm, \u00d8 4.1mm, \u00d8 4.5mm and shoulder heights of 1mm, 2mm, 3mm and 4mm. The diameter of the ball head is 2.25mm.<\/p>","protected":false},"excerpt":{"rendered":"<p>Der Kugelkopfaufbau ist eine klassische Befestigungsart von Vollprothesen auf Implantaten und kann wahlweise mit Standard-Matrizen oder TIMA-Matrizen (Fa. PX Dental, Schweiz) versorgt werden. Die Abzugskraft der Standard-Matrize wird durch Retentionsringe verschiedener H\u00e4rtegrade gesteuert. Zum Lieferumfang geh\u00f6ren je ein weicher und ein harter Retentionsring. Die geschlossene TIMA-Matrize aus Titan erh\u00e4lt ihre Haltekraft \u00fcber eine austauschbare Ringfeder [&hellip;]<\/p>\n","protected":false},"featured_media":247010,"template":"","meta":{"_et_pb_use_builder":"","_et_pb_old_content":"","_et_gb_content_width":""},"product_brand":[],"product_cat":[255,109,254],"product_tag":[],"class_list":{"0":"post-245504","1":"product","2":"type-product","3":"status-publish","4":"has-post-thumbnail","6":"product_cat-kugelkopfaufbauten","7":"product_cat-prothetik","8":"product_cat-vollprothesen","10":"first","11":"instock","12":"taxable","13":"shipping-taxable","14":"product-type-variable"},"yoast_head":"<!-- This site is optimized with the Yoast SEO plugin v27.4 - https:\/\/yoast.com\/product\/yoast-seo-wordpress\/ -->\n<title>Kugelkopfaufbau - MCI Dental Implants<\/title>\n<meta name=\"robots\" content=\"index, follow, max-snippet:-1, max-image-preview:large, max-video-preview:-1\" \/>\n<link rel=\"canonical\" href=\"https:\/\/mci-implants.de\/en\/product\/kugelkopfaufbau\/\" \/>\n<meta property=\"og:locale\" content=\"en_GB\" \/>\n<meta property=\"og:type\" content=\"article\" \/>\n<meta property=\"og:title\" content=\"Kugelkopfaufbau - MCI Dental Implants\" \/>\n<meta property=\"og:description\" content=\"Der Kugelkopfaufbau ist eine klassische Befestigungsart von Vollprothesen auf Implantaten und kann wahlweise mit Standard-Matrizen oder TIMA-Matrizen (Fa. PX Dental, Schweiz) versorgt werden. Die Abzugskraft der Standard-Matrize wird durch Retentionsringe verschiedener H\u00e4rtegrade gesteuert. Zum Lieferumfang geh\u00f6ren je ein weicher und ein harter Retentionsring. Die geschlossene TIMA-Matrize aus Titan erh\u00e4lt ihre Haltekraft \u00fcber eine austauschbare Ringfeder [&hellip;]\" \/>\n<meta property=\"og:url\" content=\"https:\/\/mci-implants.de\/en\/product\/kugelkopfaufbau\/\" \/>\n<meta property=\"og:site_name\" content=\"MCI Dental Implants\" \/>\n<meta property=\"article:modified_time\" content=\"2024-03-28T12:20:09+00:00\" \/>\n<meta property=\"og:image\" content=\"https:\/\/mci-implants.de\/wp-content\/uploads\/2021\/12\/450KUG04.jpg\" \/>\n\t<meta property=\"og:image:width\" content=\"800\" \/>\n\t<meta property=\"og:image:height\" content=\"800\" \/>\n\t<meta property=\"og:image:type\" content=\"image\/jpeg\" \/>\n<meta name=\"twitter:label1\" content=\"Estimated reading time\" \/>\n\t<meta name=\"twitter:data1\" content=\"1 minute\" \/>\n<script type=\"application\/ld+json\" class=\"yoast-schema-graph\">{\"@context\":\"https:\\\/\\\/schema.org\",\"@graph\":[{\"@type\":\"WebPage\",\"@id\":\"https:\\\/\\\/mci-implants.de\\\/produkt\\\/kugelkopfaufbau\\\/\",\"url\":\"https:\\\/\\\/mci-implants.de\\\/produkt\\\/kugelkopfaufbau\\\/\",\"name\":\"Kugelkopfaufbau - MCI Dental Implants\",\"isPartOf\":{\"@id\":\"https:\\\/\\\/mci-implants.de\\\/#website\"},\"primaryImageOfPage\":{\"@id\":\"https:\\\/\\\/mci-implants.de\\\/produkt\\\/kugelkopfaufbau\\\/#primaryimage\"},\"image\":{\"@id\":\"https:\\\/\\\/mci-implants.de\\\/produkt\\\/kugelkopfaufbau\\\/#primaryimage\"},\"thumbnailUrl\":\"https:\\\/\\\/mci-implants.de\\\/wp-content\\\/uploads\\\/2021\\\/12\\\/450KUG04.jpg\",\"datePublished\":\"2021-12-16T10:31:41+00:00\",\"dateModified\":\"2024-03-28T12:20:09+00:00\",\"breadcrumb\":{\"@id\":\"https:\\\/\\\/mci-implants.de\\\/produkt\\\/kugelkopfaufbau\\\/#breadcrumb\"},\"inLanguage\":\"en-GB\",\"potentialAction\":[{\"@type\":\"ReadAction\",\"target\":[\"https:\\\/\\\/mci-implants.de\\\/produkt\\\/kugelkopfaufbau\\\/\"]}]},{\"@type\":\"ImageObject\",\"inLanguage\":\"en-GB\",\"@id\":\"https:\\\/\\\/mci-implants.de\\\/produkt\\\/kugelkopfaufbau\\\/#primaryimage\",\"url\":\"https:\\\/\\\/mci-implants.de\\\/wp-content\\\/uploads\\\/2021\\\/12\\\/450KUG04.jpg\",\"contentUrl\":\"https:\\\/\\\/mci-implants.de\\\/wp-content\\\/uploads\\\/2021\\\/12\\\/450KUG04.jpg\",\"width\":800,\"height\":800},{\"@type\":\"BreadcrumbList\",\"@id\":\"https:\\\/\\\/mci-implants.de\\\/produkt\\\/kugelkopfaufbau\\\/#breadcrumb\",\"itemListElement\":[{\"@type\":\"ListItem\",\"position\":1,\"name\":\"Home\",\"item\":\"https:\\\/\\\/mci-implants.de\\\/\"},{\"@type\":\"ListItem\",\"position\":2,\"name\":\"Shop\",\"item\":\"https:\\\/\\\/mci-implants.de\\\/shop\\\/\"},{\"@type\":\"ListItem\",\"position\":3,\"name\":\"Kugelkopfaufbau\"}]},{\"@type\":\"WebSite\",\"@id\":\"https:\\\/\\\/mci-implants.de\\\/#website\",\"url\":\"https:\\\/\\\/mci-implants.de\\\/\",\"name\":\"MCI Dental Implants\",\"description\":\"\",\"potentialAction\":[{\"@type\":\"SearchAction\",\"target\":{\"@type\":\"EntryPoint\",\"urlTemplate\":\"https:\\\/\\\/mci-implants.de\\\/?s={search_term_string}\"},\"query-input\":{\"@type\":\"PropertyValueSpecification\",\"valueRequired\":true,\"valueName\":\"search_term_string\"}}],\"inLanguage\":\"en-GB\"}]}<\/script>\n<!-- \/ Yoast SEO plugin. -->","yoast_head_json":{"title":"Kugelkopfaufbau - MCI Dental Implants","robots":{"index":"index","follow":"follow","max-snippet":"max-snippet:-1","max-image-preview":"max-image-preview:large","max-video-preview":"max-video-preview:-1"},"canonical":"https:\/\/mci-implants.de\/en\/product\/kugelkopfaufbau\/","og_locale":"en_GB","og_type":"article","og_title":"Kugelkopfaufbau - MCI Dental Implants","og_description":"Der Kugelkopfaufbau ist eine klassische Befestigungsart von Vollprothesen auf Implantaten und kann wahlweise mit Standard-Matrizen oder TIMA-Matrizen (Fa. PX Dental, Schweiz) versorgt werden. Die Abzugskraft der Standard-Matrize wird durch Retentionsringe verschiedener H\u00e4rtegrade gesteuert. Zum Lieferumfang geh\u00f6ren je ein weicher und ein harter Retentionsring. Die geschlossene TIMA-Matrize aus Titan erh\u00e4lt ihre Haltekraft \u00fcber eine austauschbare Ringfeder [&hellip;]","og_url":"https:\/\/mci-implants.de\/en\/product\/kugelkopfaufbau\/","og_site_name":"MCI Dental Implants","article_modified_time":"2024-03-28T12:20:09+00:00","og_image":[{"width":800,"height":800,"url":"https:\/\/mci-implants.de\/wp-content\/uploads\/2021\/12\/450KUG04.jpg","type":"image\/jpeg"}],"twitter_misc":{"Estimated reading time":"1 minute"},"schema":{"@context":"https:\/\/schema.org","@graph":[{"@type":"WebPage","@id":"https:\/\/mci-implants.de\/produkt\/kugelkopfaufbau\/","url":"https:\/\/mci-implants.de\/produkt\/kugelkopfaufbau\/","name":"Kugelkopfaufbau - MCI Dental Implants","isPartOf":{"@id":"https:\/\/mci-implants.de\/#website"},"primaryImageOfPage":{"@id":"https:\/\/mci-implants.de\/produkt\/kugelkopfaufbau\/#primaryimage"},"image":{"@id":"https:\/\/mci-implants.de\/produkt\/kugelkopfaufbau\/#primaryimage"},"thumbnailUrl":"https:\/\/mci-implants.de\/wp-content\/uploads\/2021\/12\/450KUG04.jpg","datePublished":"2021-12-16T10:31:41+00:00","dateModified":"2024-03-28T12:20:09+00:00","breadcrumb":{"@id":"https:\/\/mci-implants.de\/produkt\/kugelkopfaufbau\/#breadcrumb"},"inLanguage":"en-GB","potentialAction":[{"@type":"ReadAction","target":["https:\/\/mci-implants.de\/produkt\/kugelkopfaufbau\/"]}]},{"@type":"ImageObject","inLanguage":"en-GB","@id":"https:\/\/mci-implants.de\/produkt\/kugelkopfaufbau\/#primaryimage","url":"https:\/\/mci-implants.de\/wp-content\/uploads\/2021\/12\/450KUG04.jpg","contentUrl":"https:\/\/mci-implants.de\/wp-content\/uploads\/2021\/12\/450KUG04.jpg","width":800,"height":800},{"@type":"BreadcrumbList","@id":"https:\/\/mci-implants.de\/produkt\/kugelkopfaufbau\/#breadcrumb","itemListElement":[{"@type":"ListItem","position":1,"name":"Home","item":"https:\/\/mci-implants.de\/"},{"@type":"ListItem","position":2,"name":"Shop","item":"https:\/\/mci-implants.de\/shop\/"},{"@type":"ListItem","position":3,"name":"Kugelkopfaufbau"}]},{"@type":"WebSite","@id":"https:\/\/mci-implants.de\/#website","url":"https:\/\/mci-implants.de\/","name":"MCI Dental Implants","description":"","potentialAction":[{"@type":"SearchAction","target":{"@type":"EntryPoint","urlTemplate":"https:\/\/mci-implants.de\/?s={search_term_string}"},"query-input":{"@type":"PropertyValueSpecification","valueRequired":true,"valueName":"search_term_string"}}],"inLanguage":"en-GB"}]}},"_links":{"self":[{"href":"https:\/\/mci-implants.de\/en\/wp-json\/wp\/v2\/product\/245504","targetHints":{"allow":["GET"]}}],"collection":[{"href":"https:\/\/mci-implants.de\/en\/wp-json\/wp\/v2\/product"}],"about":[{"href":"https:\/\/mci-implants.de\/en\/wp-json\/wp\/v2\/types\/product"}],"wp:featuredmedia":[{"embeddable":true,"href":"https:\/\/mci-implants.de\/en\/wp-json\/wp\/v2\/media\/247010"}],"wp:attachment":[{"href":"https:\/\/mci-implants.de\/en\/wp-json\/wp\/v2\/media?parent=245504"}],"wp:term":[{"taxonomy":"product_brand","embeddable":true,"href":"https:\/\/mci-implants.de\/en\/wp-json\/wp\/v2\/product_brand?post=245504"},{"taxonomy":"product_cat","embeddable":true,"href":"https:\/\/mci-implants.de\/en\/wp-json\/wp\/v2\/product_cat?post=245504"},{"taxonomy":"product_tag","embeddable":true,"href":"https:\/\/mci-implants.de\/en\/wp-json\/wp\/v2\/product_tag?post=245504"}],"curies":[{"name":"wp","href":"https:\/\/api.w.org\/{rel}","templated":true}]}}