


{"id":245548,"date":"2021-12-16T13:21:36","date_gmt":"2021-12-16T13:21:36","guid":{"rendered":"https:\/\/mci-implants.de\/dentegris_wp\/?post_type=product&#038;p=245548"},"modified":"2024-03-28T12:20:13","modified_gmt":"2024-03-28T12:20:13","slug":"lopat-aufbauten","status":"publish","type":"product","link":"https:\/\/mci-implants.de\/en\/product\/lopat-aufbauten\/","title":{"rendered":"LoPat structures"},"content":{"rendered":"<p>The LoPat is a comfortable overdenture solution. The LoPat attachment system* is intended for attaching mucous membrane-supported prostheses to at least two implants and, thanks to its very low height, is also suitable for incorporating into existing complete dentures.<\/p>\n<p>For each diameter, heights of 1 mm, 2 mm, 3 mm, 4 mm and 5 mm are available.<\/p>\n<p>Material: Titanium Alloy\/Titanium Nitride Coating<\/p>","protected":false},"excerpt":{"rendered":"<p>Der LoPat ist eine komfortable Deckprothesen-L\u00f6sung. Das LoPat-Attachement-System* ist fu\u0308r die Befestigung von schleimhautgetragenen Prothesen auf mindestens zwei Implantaten bestimmt und durch die sehr niedrige Bauh\u00f6he auch fu\u0308r die Einarbeitung in vorhandene Totalprothesen geeignet. F\u00fcr jeden Durchmesser sind die H\u00f6hen 1 mm, 2 mm, 3 mm, 4 mm und 5 mm erh\u00e4ltlich. Material: Titanlegierung \/ [&hellip;]<\/p>\n","protected":false},"featured_media":245551,"template":"","meta":{"_et_pb_use_builder":"","_et_pb_old_content":"","_et_gb_content_width":""},"product_brand":[],"product_cat":[256,312,109,254],"product_tag":[],"class_list":{"0":"post-245548","1":"product","2":"type-product","3":"status-publish","4":"has-post-thumbnail","6":"product_cat-lopat","7":"product_cat-lopat-aufbauten","8":"product_cat-prothetik","9":"product_cat-vollprothesen","11":"first","12":"instock","13":"taxable","14":"shipping-taxable","15":"product-type-variable"},"yoast_head":"<!-- This site is optimized with the Yoast SEO plugin v27.3 - https:\/\/yoast.com\/product\/yoast-seo-wordpress\/ -->\n<title>LoPat-Aufbauten - MCI Dental Implants<\/title>\n<meta name=\"robots\" content=\"index, follow, max-snippet:-1, max-image-preview:large, max-video-preview:-1\" \/>\n<link rel=\"canonical\" href=\"https:\/\/mci-implants.de\/en\/product\/lopat-aufbauten\/\" \/>\n<meta property=\"og:locale\" content=\"en_GB\" \/>\n<meta property=\"og:type\" content=\"article\" \/>\n<meta property=\"og:title\" content=\"LoPat-Aufbauten - MCI Dental Implants\" \/>\n<meta property=\"og:description\" content=\"Der LoPat ist eine komfortable Deckprothesen-L\u00f6sung. Das LoPat-Attachement-System* ist fu\u0308r die Befestigung von schleimhautgetragenen Prothesen auf mindestens zwei Implantaten bestimmt und durch die sehr niedrige Bauh\u00f6he auch fu\u0308r die Einarbeitung in vorhandene Totalprothesen geeignet. F\u00fcr jeden Durchmesser sind die H\u00f6hen 1 mm, 2 mm, 3 mm, 4 mm und 5 mm erh\u00e4ltlich. Material: Titanlegierung \/ [&hellip;]\" \/>\n<meta property=\"og:url\" content=\"https:\/\/mci-implants.de\/en\/product\/lopat-aufbauten\/\" \/>\n<meta property=\"og:site_name\" content=\"MCI Dental Implants\" \/>\n<meta property=\"article:modified_time\" content=\"2024-03-28T12:20:13+00:00\" \/>\n<meta property=\"og:image\" content=\"https:\/\/mci-implants.de\/wp-content\/uploads\/2021\/12\/LoPat-Aufbauten.jpg\" \/>\n\t<meta property=\"og:image:width\" content=\"800\" \/>\n\t<meta property=\"og:image:height\" content=\"800\" \/>\n\t<meta property=\"og:image:type\" content=\"image\/jpeg\" \/>\n<meta name=\"twitter:label1\" content=\"Estimated reading time\" \/>\n\t<meta name=\"twitter:data1\" content=\"1 minute\" \/>\n<script type=\"application\/ld+json\" class=\"yoast-schema-graph\">{\"@context\":\"https:\\\/\\\/schema.org\",\"@graph\":[{\"@type\":\"WebPage\",\"@id\":\"https:\\\/\\\/mci-implants.de\\\/produkt\\\/lopat-aufbauten\\\/\",\"url\":\"https:\\\/\\\/mci-implants.de\\\/produkt\\\/lopat-aufbauten\\\/\",\"name\":\"LoPat-Aufbauten - MCI Dental Implants\",\"isPartOf\":{\"@id\":\"https:\\\/\\\/mci-implants.de\\\/#website\"},\"primaryImageOfPage\":{\"@id\":\"https:\\\/\\\/mci-implants.de\\\/produkt\\\/lopat-aufbauten\\\/#primaryimage\"},\"image\":{\"@id\":\"https:\\\/\\\/mci-implants.de\\\/produkt\\\/lopat-aufbauten\\\/#primaryimage\"},\"thumbnailUrl\":\"https:\\\/\\\/mci-implants.de\\\/wp-content\\\/uploads\\\/2021\\\/12\\\/LoPat-Aufbauten.jpg\",\"datePublished\":\"2021-12-16T13:21:36+00:00\",\"dateModified\":\"2024-03-28T12:20:13+00:00\",\"breadcrumb\":{\"@id\":\"https:\\\/\\\/mci-implants.de\\\/produkt\\\/lopat-aufbauten\\\/#breadcrumb\"},\"inLanguage\":\"en-GB\",\"potentialAction\":[{\"@type\":\"ReadAction\",\"target\":[\"https:\\\/\\\/mci-implants.de\\\/produkt\\\/lopat-aufbauten\\\/\"]}]},{\"@type\":\"ImageObject\",\"inLanguage\":\"en-GB\",\"@id\":\"https:\\\/\\\/mci-implants.de\\\/produkt\\\/lopat-aufbauten\\\/#primaryimage\",\"url\":\"https:\\\/\\\/mci-implants.de\\\/wp-content\\\/uploads\\\/2021\\\/12\\\/LoPat-Aufbauten.jpg\",\"contentUrl\":\"https:\\\/\\\/mci-implants.de\\\/wp-content\\\/uploads\\\/2021\\\/12\\\/LoPat-Aufbauten.jpg\",\"width\":800,\"height\":800},{\"@type\":\"BreadcrumbList\",\"@id\":\"https:\\\/\\\/mci-implants.de\\\/produkt\\\/lopat-aufbauten\\\/#breadcrumb\",\"itemListElement\":[{\"@type\":\"ListItem\",\"position\":1,\"name\":\"Home\",\"item\":\"https:\\\/\\\/mci-implants.de\\\/\"},{\"@type\":\"ListItem\",\"position\":2,\"name\":\"Shop\",\"item\":\"https:\\\/\\\/mci-implants.de\\\/shop\\\/\"},{\"@type\":\"ListItem\",\"position\":3,\"name\":\"LoPat-Aufbauten\"}]},{\"@type\":\"WebSite\",\"@id\":\"https:\\\/\\\/mci-implants.de\\\/#website\",\"url\":\"https:\\\/\\\/mci-implants.de\\\/\",\"name\":\"MCI Dental Implants\",\"description\":\"\",\"potentialAction\":[{\"@type\":\"SearchAction\",\"target\":{\"@type\":\"EntryPoint\",\"urlTemplate\":\"https:\\\/\\\/mci-implants.de\\\/?s={search_term_string}\"},\"query-input\":{\"@type\":\"PropertyValueSpecification\",\"valueRequired\":true,\"valueName\":\"search_term_string\"}}],\"inLanguage\":\"en-GB\"}]}<\/script>\n<!-- \/ Yoast SEO plugin. -->","yoast_head_json":{"title":"LoPat-Aufbauten - MCI Dental Implants","robots":{"index":"index","follow":"follow","max-snippet":"max-snippet:-1","max-image-preview":"max-image-preview:large","max-video-preview":"max-video-preview:-1"},"canonical":"https:\/\/mci-implants.de\/en\/product\/lopat-aufbauten\/","og_locale":"en_GB","og_type":"article","og_title":"LoPat-Aufbauten - MCI Dental Implants","og_description":"Der LoPat ist eine komfortable Deckprothesen-L\u00f6sung. Das LoPat-Attachement-System* ist fu\u0308r die Befestigung von schleimhautgetragenen Prothesen auf mindestens zwei Implantaten bestimmt und durch die sehr niedrige Bauh\u00f6he auch fu\u0308r die Einarbeitung in vorhandene Totalprothesen geeignet. F\u00fcr jeden Durchmesser sind die H\u00f6hen 1 mm, 2 mm, 3 mm, 4 mm und 5 mm erh\u00e4ltlich. Material: Titanlegierung \/ [&hellip;]","og_url":"https:\/\/mci-implants.de\/en\/product\/lopat-aufbauten\/","og_site_name":"MCI Dental Implants","article_modified_time":"2024-03-28T12:20:13+00:00","og_image":[{"width":800,"height":800,"url":"https:\/\/mci-implants.de\/wp-content\/uploads\/2021\/12\/LoPat-Aufbauten.jpg","type":"image\/jpeg"}],"twitter_misc":{"Estimated reading time":"1 minute"},"schema":{"@context":"https:\/\/schema.org","@graph":[{"@type":"WebPage","@id":"https:\/\/mci-implants.de\/produkt\/lopat-aufbauten\/","url":"https:\/\/mci-implants.de\/produkt\/lopat-aufbauten\/","name":"LoPat-Aufbauten - MCI Dental Implants","isPartOf":{"@id":"https:\/\/mci-implants.de\/#website"},"primaryImageOfPage":{"@id":"https:\/\/mci-implants.de\/produkt\/lopat-aufbauten\/#primaryimage"},"image":{"@id":"https:\/\/mci-implants.de\/produkt\/lopat-aufbauten\/#primaryimage"},"thumbnailUrl":"https:\/\/mci-implants.de\/wp-content\/uploads\/2021\/12\/LoPat-Aufbauten.jpg","datePublished":"2021-12-16T13:21:36+00:00","dateModified":"2024-03-28T12:20:13+00:00","breadcrumb":{"@id":"https:\/\/mci-implants.de\/produkt\/lopat-aufbauten\/#breadcrumb"},"inLanguage":"en-GB","potentialAction":[{"@type":"ReadAction","target":["https:\/\/mci-implants.de\/produkt\/lopat-aufbauten\/"]}]},{"@type":"ImageObject","inLanguage":"en-GB","@id":"https:\/\/mci-implants.de\/produkt\/lopat-aufbauten\/#primaryimage","url":"https:\/\/mci-implants.de\/wp-content\/uploads\/2021\/12\/LoPat-Aufbauten.jpg","contentUrl":"https:\/\/mci-implants.de\/wp-content\/uploads\/2021\/12\/LoPat-Aufbauten.jpg","width":800,"height":800},{"@type":"BreadcrumbList","@id":"https:\/\/mci-implants.de\/produkt\/lopat-aufbauten\/#breadcrumb","itemListElement":[{"@type":"ListItem","position":1,"name":"Home","item":"https:\/\/mci-implants.de\/"},{"@type":"ListItem","position":2,"name":"Shop","item":"https:\/\/mci-implants.de\/shop\/"},{"@type":"ListItem","position":3,"name":"LoPat-Aufbauten"}]},{"@type":"WebSite","@id":"https:\/\/mci-implants.de\/#website","url":"https:\/\/mci-implants.de\/","name":"MCI Dental Implants","description":"","potentialAction":[{"@type":"SearchAction","target":{"@type":"EntryPoint","urlTemplate":"https:\/\/mci-implants.de\/?s={search_term_string}"},"query-input":{"@type":"PropertyValueSpecification","valueRequired":true,"valueName":"search_term_string"}}],"inLanguage":"en-GB"}]}},"_links":{"self":[{"href":"https:\/\/mci-implants.de\/en\/wp-json\/wp\/v2\/product\/245548","targetHints":{"allow":["GET"]}}],"collection":[{"href":"https:\/\/mci-implants.de\/en\/wp-json\/wp\/v2\/product"}],"about":[{"href":"https:\/\/mci-implants.de\/en\/wp-json\/wp\/v2\/types\/product"}],"wp:featuredmedia":[{"embeddable":true,"href":"https:\/\/mci-implants.de\/en\/wp-json\/wp\/v2\/media\/245551"}],"wp:attachment":[{"href":"https:\/\/mci-implants.de\/en\/wp-json\/wp\/v2\/media?parent=245548"}],"wp:term":[{"taxonomy":"product_brand","embeddable":true,"href":"https:\/\/mci-implants.de\/en\/wp-json\/wp\/v2\/product_brand?post=245548"},{"taxonomy":"product_cat","embeddable":true,"href":"https:\/\/mci-implants.de\/en\/wp-json\/wp\/v2\/product_cat?post=245548"},{"taxonomy":"product_tag","embeddable":true,"href":"https:\/\/mci-implants.de\/en\/wp-json\/wp\/v2\/product_tag?post=245548"}],"curies":[{"name":"wp","href":"https:\/\/api.w.org\/{rel}","templated":true}]}}