


{"id":245718,"date":"2021-12-21T10:26:55","date_gmt":"2021-12-21T10:26:55","guid":{"rendered":"https:\/\/mci-implants.de\/dentegris_wp\/?post_type=product&#038;p=245718"},"modified":"2024-03-28T12:20:19","modified_gmt":"2024-03-28T12:20:19","slug":"scanbody","status":"publish","type":"product","link":"https:\/\/mci-implants.de\/en\/product\/scanbody\/","title":{"rendered":"Scanbody"},"content":{"rendered":"<p>The MCI Scanbody is used as a position marker to digitally record the implant position. The scan data captured can be used in the planning programs from 3Shape or Exocad.<\/p>\n<p>Note for inLab users:<\/p>\n<p>Dentsply Sirona scan caps size S are required for 330SirTis and 3841SirTis, and scan caps size L are required for 450SirTis. Dentsply Sirona scanning caps are available from dental retailers.<\/p>","protected":false},"excerpt":{"rendered":"<p>Incl. retaining screw<\/p>\n<p>&nbsp;<\/p>","protected":false},"featured_media":250171,"template":"","meta":{"_et_pb_use_builder":"off","_et_pb_old_content":"Diese Scanbody ist f\u00fcr die Titan-Klebebasen CerTis. Fu\u0308r 330SirTis und 3841SirTis werden Dentsply Sirona Scankappen Gr\u00f6\u00dfe S, fu\u0308r 450SirTis Scankappen Gr\u00f6\u00dfe L ben\u00f6tigt. Dentsply Sirona Scankappen sind im Dentalfachhandel erh\u00e4ltlich (z.B. GERL-Dental).\r\n\r\nInkl. Halteschraube","_et_gb_content_width":""},"product_brand":[],"product_cat":[257,109,259],"product_tag":[],"class_list":{"0":"post-245718","1":"product","2":"type-product","3":"status-publish","4":"has-post-thumbnail","6":"product_cat-cad-cam","7":"product_cat-prothetik","8":"product_cat-scanbody","10":"first","11":"instock","12":"taxable","13":"shipping-taxable","14":"product-type-variable"},"yoast_head":"<!-- This site is optimized with the Yoast SEO plugin v27.4 - https:\/\/yoast.com\/product\/yoast-seo-wordpress\/ -->\n<title>Scanbody - MCI Dental Implants<\/title>\n<meta name=\"robots\" content=\"index, follow, max-snippet:-1, max-image-preview:large, max-video-preview:-1\" \/>\n<link rel=\"canonical\" href=\"https:\/\/mci-implants.de\/en\/product\/scanbody\/\" \/>\n<meta property=\"og:locale\" content=\"en_GB\" \/>\n<meta property=\"og:type\" content=\"article\" \/>\n<meta property=\"og:title\" content=\"Scanbody - MCI Dental Implants\" \/>\n<meta property=\"og:description\" content=\"Inkl. Halteschraube  &nbsp;\" \/>\n<meta property=\"og:url\" content=\"https:\/\/mci-implants.de\/en\/product\/scanbody\/\" \/>\n<meta property=\"og:site_name\" content=\"MCI Dental Implants\" \/>\n<meta property=\"article:modified_time\" content=\"2024-03-28T12:20:19+00:00\" \/>\n<meta property=\"og:image\" content=\"https:\/\/mci-implants.de\/wp-content\/uploads\/2021\/12\/3841Scan.png\" \/>\n\t<meta property=\"og:image:width\" content=\"314\" \/>\n\t<meta property=\"og:image:height\" content=\"631\" \/>\n\t<meta property=\"og:image:type\" content=\"image\/png\" \/>\n<meta name=\"twitter:label1\" content=\"Estimated reading time\" \/>\n\t<meta name=\"twitter:data1\" content=\"1 minute\" \/>\n<script type=\"application\/ld+json\" class=\"yoast-schema-graph\">{\"@context\":\"https:\\\/\\\/schema.org\",\"@graph\":[{\"@type\":\"WebPage\",\"@id\":\"https:\\\/\\\/mci-implants.de\\\/produkt\\\/scanbody\\\/\",\"url\":\"https:\\\/\\\/mci-implants.de\\\/produkt\\\/scanbody\\\/\",\"name\":\"Scanbody - MCI Dental Implants\",\"isPartOf\":{\"@id\":\"https:\\\/\\\/mci-implants.de\\\/#website\"},\"primaryImageOfPage\":{\"@id\":\"https:\\\/\\\/mci-implants.de\\\/produkt\\\/scanbody\\\/#primaryimage\"},\"image\":{\"@id\":\"https:\\\/\\\/mci-implants.de\\\/produkt\\\/scanbody\\\/#primaryimage\"},\"thumbnailUrl\":\"https:\\\/\\\/mci-implants.de\\\/wp-content\\\/uploads\\\/2021\\\/12\\\/3841Scan.png\",\"datePublished\":\"2021-12-21T10:26:55+00:00\",\"dateModified\":\"2024-03-28T12:20:19+00:00\",\"breadcrumb\":{\"@id\":\"https:\\\/\\\/mci-implants.de\\\/produkt\\\/scanbody\\\/#breadcrumb\"},\"inLanguage\":\"en-GB\",\"potentialAction\":[{\"@type\":\"ReadAction\",\"target\":[\"https:\\\/\\\/mci-implants.de\\\/produkt\\\/scanbody\\\/\"]}]},{\"@type\":\"ImageObject\",\"inLanguage\":\"en-GB\",\"@id\":\"https:\\\/\\\/mci-implants.de\\\/produkt\\\/scanbody\\\/#primaryimage\",\"url\":\"https:\\\/\\\/mci-implants.de\\\/wp-content\\\/uploads\\\/2021\\\/12\\\/3841Scan.png\",\"contentUrl\":\"https:\\\/\\\/mci-implants.de\\\/wp-content\\\/uploads\\\/2021\\\/12\\\/3841Scan.png\",\"width\":314,\"height\":631},{\"@type\":\"BreadcrumbList\",\"@id\":\"https:\\\/\\\/mci-implants.de\\\/produkt\\\/scanbody\\\/#breadcrumb\",\"itemListElement\":[{\"@type\":\"ListItem\",\"position\":1,\"name\":\"Home\",\"item\":\"https:\\\/\\\/mci-implants.de\\\/\"},{\"@type\":\"ListItem\",\"position\":2,\"name\":\"Shop\",\"item\":\"https:\\\/\\\/mci-implants.de\\\/shop\\\/\"},{\"@type\":\"ListItem\",\"position\":3,\"name\":\"Scanbody\"}]},{\"@type\":\"WebSite\",\"@id\":\"https:\\\/\\\/mci-implants.de\\\/#website\",\"url\":\"https:\\\/\\\/mci-implants.de\\\/\",\"name\":\"MCI Dental Implants\",\"description\":\"\",\"potentialAction\":[{\"@type\":\"SearchAction\",\"target\":{\"@type\":\"EntryPoint\",\"urlTemplate\":\"https:\\\/\\\/mci-implants.de\\\/?s={search_term_string}\"},\"query-input\":{\"@type\":\"PropertyValueSpecification\",\"valueRequired\":true,\"valueName\":\"search_term_string\"}}],\"inLanguage\":\"en-GB\"}]}<\/script>\n<!-- \/ Yoast SEO plugin. -->","yoast_head_json":{"title":"Scanbody - MCI Dental Implants","robots":{"index":"index","follow":"follow","max-snippet":"max-snippet:-1","max-image-preview":"max-image-preview:large","max-video-preview":"max-video-preview:-1"},"canonical":"https:\/\/mci-implants.de\/en\/product\/scanbody\/","og_locale":"en_GB","og_type":"article","og_title":"Scanbody - MCI Dental Implants","og_description":"Inkl. Halteschraube  &nbsp;","og_url":"https:\/\/mci-implants.de\/en\/product\/scanbody\/","og_site_name":"MCI Dental Implants","article_modified_time":"2024-03-28T12:20:19+00:00","og_image":[{"width":314,"height":631,"url":"https:\/\/mci-implants.de\/wp-content\/uploads\/2021\/12\/3841Scan.png","type":"image\/png"}],"twitter_misc":{"Estimated reading time":"1 minute"},"schema":{"@context":"https:\/\/schema.org","@graph":[{"@type":"WebPage","@id":"https:\/\/mci-implants.de\/produkt\/scanbody\/","url":"https:\/\/mci-implants.de\/produkt\/scanbody\/","name":"Scanbody - MCI Dental Implants","isPartOf":{"@id":"https:\/\/mci-implants.de\/#website"},"primaryImageOfPage":{"@id":"https:\/\/mci-implants.de\/produkt\/scanbody\/#primaryimage"},"image":{"@id":"https:\/\/mci-implants.de\/produkt\/scanbody\/#primaryimage"},"thumbnailUrl":"https:\/\/mci-implants.de\/wp-content\/uploads\/2021\/12\/3841Scan.png","datePublished":"2021-12-21T10:26:55+00:00","dateModified":"2024-03-28T12:20:19+00:00","breadcrumb":{"@id":"https:\/\/mci-implants.de\/produkt\/scanbody\/#breadcrumb"},"inLanguage":"en-GB","potentialAction":[{"@type":"ReadAction","target":["https:\/\/mci-implants.de\/produkt\/scanbody\/"]}]},{"@type":"ImageObject","inLanguage":"en-GB","@id":"https:\/\/mci-implants.de\/produkt\/scanbody\/#primaryimage","url":"https:\/\/mci-implants.de\/wp-content\/uploads\/2021\/12\/3841Scan.png","contentUrl":"https:\/\/mci-implants.de\/wp-content\/uploads\/2021\/12\/3841Scan.png","width":314,"height":631},{"@type":"BreadcrumbList","@id":"https:\/\/mci-implants.de\/produkt\/scanbody\/#breadcrumb","itemListElement":[{"@type":"ListItem","position":1,"name":"Home","item":"https:\/\/mci-implants.de\/"},{"@type":"ListItem","position":2,"name":"Shop","item":"https:\/\/mci-implants.de\/shop\/"},{"@type":"ListItem","position":3,"name":"Scanbody"}]},{"@type":"WebSite","@id":"https:\/\/mci-implants.de\/#website","url":"https:\/\/mci-implants.de\/","name":"MCI Dental Implants","description":"","potentialAction":[{"@type":"SearchAction","target":{"@type":"EntryPoint","urlTemplate":"https:\/\/mci-implants.de\/?s={search_term_string}"},"query-input":{"@type":"PropertyValueSpecification","valueRequired":true,"valueName":"search_term_string"}}],"inLanguage":"en-GB"}]}},"_links":{"self":[{"href":"https:\/\/mci-implants.de\/en\/wp-json\/wp\/v2\/product\/245718","targetHints":{"allow":["GET"]}}],"collection":[{"href":"https:\/\/mci-implants.de\/en\/wp-json\/wp\/v2\/product"}],"about":[{"href":"https:\/\/mci-implants.de\/en\/wp-json\/wp\/v2\/types\/product"}],"wp:featuredmedia":[{"embeddable":true,"href":"https:\/\/mci-implants.de\/en\/wp-json\/wp\/v2\/media\/250171"}],"wp:attachment":[{"href":"https:\/\/mci-implants.de\/en\/wp-json\/wp\/v2\/media?parent=245718"}],"wp:term":[{"taxonomy":"product_brand","embeddable":true,"href":"https:\/\/mci-implants.de\/en\/wp-json\/wp\/v2\/product_brand?post=245718"},{"taxonomy":"product_cat","embeddable":true,"href":"https:\/\/mci-implants.de\/en\/wp-json\/wp\/v2\/product_cat?post=245718"},{"taxonomy":"product_tag","embeddable":true,"href":"https:\/\/mci-implants.de\/en\/wp-json\/wp\/v2\/product_tag?post=245718"}],"curies":[{"name":"wp","href":"https:\/\/api.w.org\/{rel}","templated":true}]}}