


{"id":245725,"date":"2021-12-21T13:22:38","date_gmt":"2021-12-21T13:22:38","guid":{"rendered":"https:\/\/mci-implants.de\/dentegris_wp\/?post_type=product&#038;p=245725"},"modified":"2024-03-28T12:20:18","modified_gmt":"2024-03-28T12:20:18","slug":"halteschrauben","status":"publish","type":"product","link":"https:\/\/mci-implants.de\/en\/product\/halteschrauben\/","title":{"rendered":"Retaining screws laboratory screw (pack of 4)"},"content":{"rendered":"<p>Our laboratory screws are suitable for use with diameters of 3.3mm, 3.8mm, 4.1mm and 4.5mm. They offer a cost-effective alternative to the definitive retaining screws for work during the fabrication of dentures in the laboratory. Laboratory screws for \u00d8 5.5mm are not available.<\/p>","protected":false},"excerpt":{"rendered":"<p>Our laboratory screws are suitable for use with diameters of 3.3mm, 3.8mm, 4.1mm and 4.5mm. They offer a cost-effective alternative to the definitive retaining screws for work during the fabrication of dentures in the laboratory. Laboratory screws for \u00d8 5.5mm are not available.<\/p>","protected":false},"featured_media":247161,"template":"","meta":{"_et_pb_use_builder":"","_et_pb_old_content":"","_et_gb_content_width":""},"product_brand":[],"product_cat":[267,109],"product_tag":[],"class_list":{"0":"post-245725","1":"product","2":"type-product","3":"status-publish","4":"has-post-thumbnail","6":"product_cat-halteschrauben","7":"product_cat-prothetik","9":"first","10":"instock","11":"taxable","12":"shipping-taxable","13":"product-type-simple"},"yoast_head":"<!-- This site is optimized with the Yoast SEO plugin v27.3 - https:\/\/yoast.com\/product\/yoast-seo-wordpress\/ -->\n<title>Halteschrauben Laborschraube (4er Pack) - MCI Dental Implants<\/title>\n<meta name=\"robots\" content=\"index, follow, max-snippet:-1, max-image-preview:large, max-video-preview:-1\" \/>\n<link rel=\"canonical\" href=\"https:\/\/mci-implants.de\/en\/product\/halteschrauben\/\" \/>\n<meta property=\"og:locale\" content=\"en_GB\" \/>\n<meta property=\"og:type\" content=\"article\" \/>\n<meta property=\"og:title\" content=\"Halteschrauben Laborschraube (4er Pack) - MCI Dental Implants\" \/>\n<meta property=\"og:description\" content=\"Unsere Laborschrauben sind f\u00fcr die Verwendung mit den Durchmessern 3,3mm, 3,8mm, 4,1mm und 4,5mm geeignet. Sie bieten eine kosteng\u00fcnstige Alternative zu den definitiven Halteschrauben f\u00fcr die Arbeit w\u00e4hrend der\u00a0 Anfertigung vom Zahnersatz im Labor. Laborschrauben f\u00fcr \u00d8 5,5mm sind nicht erh\u00e4ltlich.\" \/>\n<meta property=\"og:url\" content=\"https:\/\/mci-implants.de\/en\/product\/halteschrauben\/\" \/>\n<meta property=\"og:site_name\" content=\"MCI Dental Implants\" \/>\n<meta property=\"article:modified_time\" content=\"2024-03-28T12:20:18+00:00\" \/>\n<meta property=\"og:image\" content=\"https:\/\/mci-implants.de\/wp-content\/uploads\/2021\/12\/LAB18.jpg\" \/>\n\t<meta property=\"og:image:width\" content=\"800\" \/>\n\t<meta property=\"og:image:height\" content=\"800\" \/>\n\t<meta property=\"og:image:type\" content=\"image\/jpeg\" \/>\n<meta name=\"twitter:label1\" content=\"Estimated reading time\" \/>\n\t<meta name=\"twitter:data1\" content=\"1 minute\" \/>\n<script type=\"application\/ld+json\" class=\"yoast-schema-graph\">{\"@context\":\"https:\\\/\\\/schema.org\",\"@graph\":[{\"@type\":\"WebPage\",\"@id\":\"https:\\\/\\\/mci-implants.de\\\/produkt\\\/halteschrauben\\\/\",\"url\":\"https:\\\/\\\/mci-implants.de\\\/produkt\\\/halteschrauben\\\/\",\"name\":\"Halteschrauben Laborschraube (4er Pack) - MCI Dental Implants\",\"isPartOf\":{\"@id\":\"https:\\\/\\\/mci-implants.de\\\/#website\"},\"primaryImageOfPage\":{\"@id\":\"https:\\\/\\\/mci-implants.de\\\/produkt\\\/halteschrauben\\\/#primaryimage\"},\"image\":{\"@id\":\"https:\\\/\\\/mci-implants.de\\\/produkt\\\/halteschrauben\\\/#primaryimage\"},\"thumbnailUrl\":\"https:\\\/\\\/mci-implants.de\\\/wp-content\\\/uploads\\\/2021\\\/12\\\/LAB18.jpg\",\"datePublished\":\"2021-12-21T13:22:38+00:00\",\"dateModified\":\"2024-03-28T12:20:18+00:00\",\"breadcrumb\":{\"@id\":\"https:\\\/\\\/mci-implants.de\\\/produkt\\\/halteschrauben\\\/#breadcrumb\"},\"inLanguage\":\"en-GB\",\"potentialAction\":[{\"@type\":\"ReadAction\",\"target\":[\"https:\\\/\\\/mci-implants.de\\\/produkt\\\/halteschrauben\\\/\"]}]},{\"@type\":\"ImageObject\",\"inLanguage\":\"en-GB\",\"@id\":\"https:\\\/\\\/mci-implants.de\\\/produkt\\\/halteschrauben\\\/#primaryimage\",\"url\":\"https:\\\/\\\/mci-implants.de\\\/wp-content\\\/uploads\\\/2021\\\/12\\\/LAB18.jpg\",\"contentUrl\":\"https:\\\/\\\/mci-implants.de\\\/wp-content\\\/uploads\\\/2021\\\/12\\\/LAB18.jpg\",\"width\":800,\"height\":800},{\"@type\":\"BreadcrumbList\",\"@id\":\"https:\\\/\\\/mci-implants.de\\\/produkt\\\/halteschrauben\\\/#breadcrumb\",\"itemListElement\":[{\"@type\":\"ListItem\",\"position\":1,\"name\":\"Home\",\"item\":\"https:\\\/\\\/mci-implants.de\\\/\"},{\"@type\":\"ListItem\",\"position\":2,\"name\":\"Shop\",\"item\":\"https:\\\/\\\/mci-implants.de\\\/shop\\\/\"},{\"@type\":\"ListItem\",\"position\":3,\"name\":\"Halteschrauben Laborschraube (4er Pack)\"}]},{\"@type\":\"WebSite\",\"@id\":\"https:\\\/\\\/mci-implants.de\\\/#website\",\"url\":\"https:\\\/\\\/mci-implants.de\\\/\",\"name\":\"MCI Dental Implants\",\"description\":\"\",\"potentialAction\":[{\"@type\":\"SearchAction\",\"target\":{\"@type\":\"EntryPoint\",\"urlTemplate\":\"https:\\\/\\\/mci-implants.de\\\/?s={search_term_string}\"},\"query-input\":{\"@type\":\"PropertyValueSpecification\",\"valueRequired\":true,\"valueName\":\"search_term_string\"}}],\"inLanguage\":\"en-GB\"}]}<\/script>\n<!-- \/ Yoast SEO plugin. -->","yoast_head_json":{"title":"Halteschrauben Laborschraube (4er Pack) - MCI Dental Implants","robots":{"index":"index","follow":"follow","max-snippet":"max-snippet:-1","max-image-preview":"max-image-preview:large","max-video-preview":"max-video-preview:-1"},"canonical":"https:\/\/mci-implants.de\/en\/product\/halteschrauben\/","og_locale":"en_GB","og_type":"article","og_title":"Halteschrauben Laborschraube (4er Pack) - MCI Dental Implants","og_description":"Unsere Laborschrauben sind f\u00fcr die Verwendung mit den Durchmessern 3,3mm, 3,8mm, 4,1mm und 4,5mm geeignet. Sie bieten eine kosteng\u00fcnstige Alternative zu den definitiven Halteschrauben f\u00fcr die Arbeit w\u00e4hrend der\u00a0 Anfertigung vom Zahnersatz im Labor. Laborschrauben f\u00fcr \u00d8 5,5mm sind nicht erh\u00e4ltlich.","og_url":"https:\/\/mci-implants.de\/en\/product\/halteschrauben\/","og_site_name":"MCI Dental Implants","article_modified_time":"2024-03-28T12:20:18+00:00","og_image":[{"width":800,"height":800,"url":"https:\/\/mci-implants.de\/wp-content\/uploads\/2021\/12\/LAB18.jpg","type":"image\/jpeg"}],"twitter_misc":{"Estimated reading time":"1 minute"},"schema":{"@context":"https:\/\/schema.org","@graph":[{"@type":"WebPage","@id":"https:\/\/mci-implants.de\/produkt\/halteschrauben\/","url":"https:\/\/mci-implants.de\/produkt\/halteschrauben\/","name":"Halteschrauben Laborschraube (4er Pack) - MCI Dental Implants","isPartOf":{"@id":"https:\/\/mci-implants.de\/#website"},"primaryImageOfPage":{"@id":"https:\/\/mci-implants.de\/produkt\/halteschrauben\/#primaryimage"},"image":{"@id":"https:\/\/mci-implants.de\/produkt\/halteschrauben\/#primaryimage"},"thumbnailUrl":"https:\/\/mci-implants.de\/wp-content\/uploads\/2021\/12\/LAB18.jpg","datePublished":"2021-12-21T13:22:38+00:00","dateModified":"2024-03-28T12:20:18+00:00","breadcrumb":{"@id":"https:\/\/mci-implants.de\/produkt\/halteschrauben\/#breadcrumb"},"inLanguage":"en-GB","potentialAction":[{"@type":"ReadAction","target":["https:\/\/mci-implants.de\/produkt\/halteschrauben\/"]}]},{"@type":"ImageObject","inLanguage":"en-GB","@id":"https:\/\/mci-implants.de\/produkt\/halteschrauben\/#primaryimage","url":"https:\/\/mci-implants.de\/wp-content\/uploads\/2021\/12\/LAB18.jpg","contentUrl":"https:\/\/mci-implants.de\/wp-content\/uploads\/2021\/12\/LAB18.jpg","width":800,"height":800},{"@type":"BreadcrumbList","@id":"https:\/\/mci-implants.de\/produkt\/halteschrauben\/#breadcrumb","itemListElement":[{"@type":"ListItem","position":1,"name":"Home","item":"https:\/\/mci-implants.de\/"},{"@type":"ListItem","position":2,"name":"Shop","item":"https:\/\/mci-implants.de\/shop\/"},{"@type":"ListItem","position":3,"name":"Halteschrauben Laborschraube (4er Pack)"}]},{"@type":"WebSite","@id":"https:\/\/mci-implants.de\/#website","url":"https:\/\/mci-implants.de\/","name":"MCI Dental Implants","description":"","potentialAction":[{"@type":"SearchAction","target":{"@type":"EntryPoint","urlTemplate":"https:\/\/mci-implants.de\/?s={search_term_string}"},"query-input":{"@type":"PropertyValueSpecification","valueRequired":true,"valueName":"search_term_string"}}],"inLanguage":"en-GB"}]}},"_links":{"self":[{"href":"https:\/\/mci-implants.de\/en\/wp-json\/wp\/v2\/product\/245725","targetHints":{"allow":["GET"]}}],"collection":[{"href":"https:\/\/mci-implants.de\/en\/wp-json\/wp\/v2\/product"}],"about":[{"href":"https:\/\/mci-implants.de\/en\/wp-json\/wp\/v2\/types\/product"}],"wp:featuredmedia":[{"embeddable":true,"href":"https:\/\/mci-implants.de\/en\/wp-json\/wp\/v2\/media\/247161"}],"wp:attachment":[{"href":"https:\/\/mci-implants.de\/en\/wp-json\/wp\/v2\/media?parent=245725"}],"wp:term":[{"taxonomy":"product_brand","embeddable":true,"href":"https:\/\/mci-implants.de\/en\/wp-json\/wp\/v2\/product_brand?post=245725"},{"taxonomy":"product_cat","embeddable":true,"href":"https:\/\/mci-implants.de\/en\/wp-json\/wp\/v2\/product_cat?post=245725"},{"taxonomy":"product_tag","embeddable":true,"href":"https:\/\/mci-implants.de\/en\/wp-json\/wp\/v2\/product_tag?post=245725"}],"curies":[{"name":"wp","href":"https:\/\/api.w.org\/{rel}","templated":true}]}}