


{"id":246457,"date":"2022-02-08T08:14:41","date_gmt":"2022-02-08T08:14:41","guid":{"rendered":"https:\/\/mci-implants.de\/dentegris_wp\/?post_type=product&#038;p=246457"},"modified":"2024-03-28T12:20:20","modified_gmt":"2024-03-28T12:20:20","slug":"gewindeschneider-sls-straight","status":"publish","type":"product","link":"https:\/\/mci-implants.de\/en\/product\/gewindeschneider-sls-straight\/","title":{"rendered":"Thread cutter SLS-Straight"},"content":{"rendered":"<p>The use of taps is recommended for bone qualities of D1 &amp; D2. With D3, use is at the discretion of the surgeon!<\/p>\n<p>The thread cutters are suitable for both mechanical and manual use.<\/p>\n<p>The laser markings ensure a good overview during implantation and always show you the current depth. Please read our surgical instructions.<\/p>\n<p>Material: stainless steel<\/p>","protected":false},"excerpt":{"rendered":"<p>Der Einsatz von Gewindeschneidern wird bei Knochenqualit\u00e4ten von D1 &amp; D2 empfohlen. Bei D3 liegt die Anwendung im Ermessen des Operateurs! Die Gewindeschneider eignen sich sowohl zur maschinellen als auch zur manuellen Anwendung. Die Lasermarkierungen sorgen f\u00fcr eine gute \u00dcbersicht w\u00e4hrend der Implantation und zeigen Ihnen stets die aktuelle Tiefe an. Bitte lesen Sie hierzu [&hellip;]<\/p>\n","protected":false},"featured_media":247184,"template":"","meta":{"_et_pb_use_builder":"","_et_pb_old_content":"","_et_gb_content_width":""},"product_brand":[],"product_cat":[282,271,88],"product_tag":[],"class_list":{"0":"post-246457","1":"product","2":"type-product","3":"status-publish","4":"has-post-thumbnail","6":"product_cat-chirurgie","7":"product_cat-gewindeschneider","8":"product_cat-instrumentarium","10":"first","11":"instock","12":"taxable","13":"shipping-taxable","14":"product-type-variable"},"yoast_head":"<!-- This site is optimized with the Yoast SEO plugin v27.3 - https:\/\/yoast.com\/product\/yoast-seo-wordpress\/ -->\n<title>Gewindeschneider SLS-Straight - MCI Dental Implants<\/title>\n<meta name=\"robots\" content=\"index, follow, max-snippet:-1, max-image-preview:large, max-video-preview:-1\" \/>\n<link rel=\"canonical\" href=\"https:\/\/mci-implants.de\/en\/product\/gewindeschneider-sls-straight\/\" \/>\n<meta property=\"og:locale\" content=\"en_GB\" \/>\n<meta property=\"og:type\" content=\"article\" \/>\n<meta property=\"og:title\" content=\"Gewindeschneider SLS-Straight - MCI Dental Implants\" \/>\n<meta property=\"og:description\" content=\"Der Einsatz von Gewindeschneidern wird bei Knochenqualit\u00e4ten von D1 &amp; D2 empfohlen. Bei D3 liegt die Anwendung im Ermessen des Operateurs! Die Gewindeschneider eignen sich sowohl zur maschinellen als auch zur manuellen Anwendung. Die Lasermarkierungen sorgen f\u00fcr eine gute \u00dcbersicht w\u00e4hrend der Implantation und zeigen Ihnen stets die aktuelle Tiefe an. Bitte lesen Sie hierzu [&hellip;]\" \/>\n<meta property=\"og:url\" content=\"https:\/\/mci-implants.de\/en\/product\/gewindeschneider-sls-straight\/\" \/>\n<meta property=\"og:site_name\" content=\"MCI Dental Implants\" \/>\n<meta property=\"article:modified_time\" content=\"2024-03-28T12:20:20+00:00\" \/>\n<meta property=\"og:image\" content=\"https:\/\/mci-implants.de\/wp-content\/uploads\/2022\/02\/SG-Gewindeschneider-Straight.jpg\" \/>\n\t<meta property=\"og:image:width\" content=\"800\" \/>\n\t<meta property=\"og:image:height\" content=\"800\" \/>\n\t<meta property=\"og:image:type\" content=\"image\/jpeg\" \/>\n<script type=\"application\/ld+json\" class=\"yoast-schema-graph\">{\"@context\":\"https:\\\/\\\/schema.org\",\"@graph\":[{\"@type\":\"WebPage\",\"@id\":\"https:\\\/\\\/mci-implants.de\\\/produkt\\\/gewindeschneider-sls-straight\\\/\",\"url\":\"https:\\\/\\\/mci-implants.de\\\/produkt\\\/gewindeschneider-sls-straight\\\/\",\"name\":\"Gewindeschneider SLS-Straight - MCI Dental Implants\",\"isPartOf\":{\"@id\":\"https:\\\/\\\/mci-implants.de\\\/#website\"},\"primaryImageOfPage\":{\"@id\":\"https:\\\/\\\/mci-implants.de\\\/produkt\\\/gewindeschneider-sls-straight\\\/#primaryimage\"},\"image\":{\"@id\":\"https:\\\/\\\/mci-implants.de\\\/produkt\\\/gewindeschneider-sls-straight\\\/#primaryimage\"},\"thumbnailUrl\":\"https:\\\/\\\/mci-implants.de\\\/wp-content\\\/uploads\\\/2022\\\/02\\\/SG-Gewindeschneider-Straight.jpg\",\"datePublished\":\"2022-02-08T08:14:41+00:00\",\"dateModified\":\"2024-03-28T12:20:20+00:00\",\"breadcrumb\":{\"@id\":\"https:\\\/\\\/mci-implants.de\\\/produkt\\\/gewindeschneider-sls-straight\\\/#breadcrumb\"},\"inLanguage\":\"en-GB\",\"potentialAction\":[{\"@type\":\"ReadAction\",\"target\":[\"https:\\\/\\\/mci-implants.de\\\/produkt\\\/gewindeschneider-sls-straight\\\/\"]}]},{\"@type\":\"ImageObject\",\"inLanguage\":\"en-GB\",\"@id\":\"https:\\\/\\\/mci-implants.de\\\/produkt\\\/gewindeschneider-sls-straight\\\/#primaryimage\",\"url\":\"https:\\\/\\\/mci-implants.de\\\/wp-content\\\/uploads\\\/2022\\\/02\\\/SG-Gewindeschneider-Straight.jpg\",\"contentUrl\":\"https:\\\/\\\/mci-implants.de\\\/wp-content\\\/uploads\\\/2022\\\/02\\\/SG-Gewindeschneider-Straight.jpg\",\"width\":800,\"height\":800},{\"@type\":\"BreadcrumbList\",\"@id\":\"https:\\\/\\\/mci-implants.de\\\/produkt\\\/gewindeschneider-sls-straight\\\/#breadcrumb\",\"itemListElement\":[{\"@type\":\"ListItem\",\"position\":1,\"name\":\"Home\",\"item\":\"https:\\\/\\\/mci-implants.de\\\/\"},{\"@type\":\"ListItem\",\"position\":2,\"name\":\"Shop\",\"item\":\"https:\\\/\\\/mci-implants.de\\\/shop\\\/\"},{\"@type\":\"ListItem\",\"position\":3,\"name\":\"Gewindeschneider SLS-Straight\"}]},{\"@type\":\"WebSite\",\"@id\":\"https:\\\/\\\/mci-implants.de\\\/#website\",\"url\":\"https:\\\/\\\/mci-implants.de\\\/\",\"name\":\"MCI Dental Implants\",\"description\":\"\",\"potentialAction\":[{\"@type\":\"SearchAction\",\"target\":{\"@type\":\"EntryPoint\",\"urlTemplate\":\"https:\\\/\\\/mci-implants.de\\\/?s={search_term_string}\"},\"query-input\":{\"@type\":\"PropertyValueSpecification\",\"valueRequired\":true,\"valueName\":\"search_term_string\"}}],\"inLanguage\":\"en-GB\"}]}<\/script>\n<!-- \/ Yoast SEO plugin. -->","yoast_head_json":{"title":"Gewindeschneider SLS-Straight - MCI Dental Implants","robots":{"index":"index","follow":"follow","max-snippet":"max-snippet:-1","max-image-preview":"max-image-preview:large","max-video-preview":"max-video-preview:-1"},"canonical":"https:\/\/mci-implants.de\/en\/product\/gewindeschneider-sls-straight\/","og_locale":"en_GB","og_type":"article","og_title":"Gewindeschneider SLS-Straight - MCI Dental Implants","og_description":"Der Einsatz von Gewindeschneidern wird bei Knochenqualit\u00e4ten von D1 &amp; D2 empfohlen. Bei D3 liegt die Anwendung im Ermessen des Operateurs! Die Gewindeschneider eignen sich sowohl zur maschinellen als auch zur manuellen Anwendung. Die Lasermarkierungen sorgen f\u00fcr eine gute \u00dcbersicht w\u00e4hrend der Implantation und zeigen Ihnen stets die aktuelle Tiefe an. Bitte lesen Sie hierzu [&hellip;]","og_url":"https:\/\/mci-implants.de\/en\/product\/gewindeschneider-sls-straight\/","og_site_name":"MCI Dental Implants","article_modified_time":"2024-03-28T12:20:20+00:00","og_image":[{"width":800,"height":800,"url":"https:\/\/mci-implants.de\/wp-content\/uploads\/2022\/02\/SG-Gewindeschneider-Straight.jpg","type":"image\/jpeg"}],"schema":{"@context":"https:\/\/schema.org","@graph":[{"@type":"WebPage","@id":"https:\/\/mci-implants.de\/produkt\/gewindeschneider-sls-straight\/","url":"https:\/\/mci-implants.de\/produkt\/gewindeschneider-sls-straight\/","name":"Gewindeschneider SLS-Straight - MCI Dental Implants","isPartOf":{"@id":"https:\/\/mci-implants.de\/#website"},"primaryImageOfPage":{"@id":"https:\/\/mci-implants.de\/produkt\/gewindeschneider-sls-straight\/#primaryimage"},"image":{"@id":"https:\/\/mci-implants.de\/produkt\/gewindeschneider-sls-straight\/#primaryimage"},"thumbnailUrl":"https:\/\/mci-implants.de\/wp-content\/uploads\/2022\/02\/SG-Gewindeschneider-Straight.jpg","datePublished":"2022-02-08T08:14:41+00:00","dateModified":"2024-03-28T12:20:20+00:00","breadcrumb":{"@id":"https:\/\/mci-implants.de\/produkt\/gewindeschneider-sls-straight\/#breadcrumb"},"inLanguage":"en-GB","potentialAction":[{"@type":"ReadAction","target":["https:\/\/mci-implants.de\/produkt\/gewindeschneider-sls-straight\/"]}]},{"@type":"ImageObject","inLanguage":"en-GB","@id":"https:\/\/mci-implants.de\/produkt\/gewindeschneider-sls-straight\/#primaryimage","url":"https:\/\/mci-implants.de\/wp-content\/uploads\/2022\/02\/SG-Gewindeschneider-Straight.jpg","contentUrl":"https:\/\/mci-implants.de\/wp-content\/uploads\/2022\/02\/SG-Gewindeschneider-Straight.jpg","width":800,"height":800},{"@type":"BreadcrumbList","@id":"https:\/\/mci-implants.de\/produkt\/gewindeschneider-sls-straight\/#breadcrumb","itemListElement":[{"@type":"ListItem","position":1,"name":"Home","item":"https:\/\/mci-implants.de\/"},{"@type":"ListItem","position":2,"name":"Shop","item":"https:\/\/mci-implants.de\/shop\/"},{"@type":"ListItem","position":3,"name":"Gewindeschneider SLS-Straight"}]},{"@type":"WebSite","@id":"https:\/\/mci-implants.de\/#website","url":"https:\/\/mci-implants.de\/","name":"MCI Dental Implants","description":"","potentialAction":[{"@type":"SearchAction","target":{"@type":"EntryPoint","urlTemplate":"https:\/\/mci-implants.de\/?s={search_term_string}"},"query-input":{"@type":"PropertyValueSpecification","valueRequired":true,"valueName":"search_term_string"}}],"inLanguage":"en-GB"}]}},"_links":{"self":[{"href":"https:\/\/mci-implants.de\/en\/wp-json\/wp\/v2\/product\/246457","targetHints":{"allow":["GET"]}}],"collection":[{"href":"https:\/\/mci-implants.de\/en\/wp-json\/wp\/v2\/product"}],"about":[{"href":"https:\/\/mci-implants.de\/en\/wp-json\/wp\/v2\/types\/product"}],"wp:featuredmedia":[{"embeddable":true,"href":"https:\/\/mci-implants.de\/en\/wp-json\/wp\/v2\/media\/247184"}],"wp:attachment":[{"href":"https:\/\/mci-implants.de\/en\/wp-json\/wp\/v2\/media?parent=246457"}],"wp:term":[{"taxonomy":"product_brand","embeddable":true,"href":"https:\/\/mci-implants.de\/en\/wp-json\/wp\/v2\/product_brand?post=246457"},{"taxonomy":"product_cat","embeddable":true,"href":"https:\/\/mci-implants.de\/en\/wp-json\/wp\/v2\/product_cat?post=246457"},{"taxonomy":"product_tag","embeddable":true,"href":"https:\/\/mci-implants.de\/en\/wp-json\/wp\/v2\/product_tag?post=246457"}],"curies":[{"name":"wp","href":"https:\/\/api.w.org\/{rel}","templated":true}]}}