


{"id":246466,"date":"2022-02-08T09:27:28","date_gmt":"2022-02-08T09:27:28","guid":{"rendered":"https:\/\/mci-implants.de\/dentegris_wp\/?post_type=product&#038;p=246466"},"modified":"2024-03-28T12:20:22","modified_gmt":"2024-03-28T12:20:22","slug":"safety-stopp-straightbohrer-sls-straight","status":"publish","type":"product","link":"https:\/\/mci-implants.de\/en\/product\/safety-stopp-straightbohrer-sls-straight\/","title":{"rendered":"Safety stop drill SLS-Straight"},"content":{"rendered":"<p>Safety stop drills for SLS-Straight implants offer a high level of comfort and maximum application safety. With the help of the depth stops, you have full control over the drilling depth at all times, even in risk zones, and can work stress-free. The removable depth stops make depth correction up to 1.5 mm possible.<\/p>\n<p>Please select the desired diameter and length. If you need an 8 mm drill, you can use our 8 mm depth stop with the 10 mm drill.<\/p>\n<p>Material: stainless steel<\/p>","protected":false},"excerpt":{"rendered":"<p>Safety Stopp Bohrer f\u00fcr SLS-Straight Implantate bieten einen hohen Komfort und maximale Anwendungssicherheit. Mit Hilfe der Tiefenstopps haben Sie, auch in Risikozonen, jederzeit die volle Kontrolle \u00fcber die Bohrtiefe und k\u00f6nnen stressfrei Arbeiten. Die abziehbaren Tiefenstopps machen eine Tiefenkorrektur bis zu 1,5 mm m\u00f6glich. Bitte w\u00e4hlen Sie den gew\u00fcnschten Durchmesser und L\u00e4nge aus. Sollten Sie [&hellip;]<\/p>\n","protected":false},"featured_media":247179,"template":"","meta":{"_et_pb_use_builder":"","_et_pb_old_content":"","_et_gb_content_width":""},"product_brand":[],"product_cat":[270,282,88],"product_tag":[],"class_list":{"0":"post-246466","1":"product","2":"type-product","3":"status-publish","4":"has-post-thumbnail","6":"product_cat-bohrer","7":"product_cat-chirurgie","8":"product_cat-instrumentarium","10":"first","11":"instock","12":"taxable","13":"shipping-taxable","14":"product-type-variable"},"yoast_head":"<!-- This site is optimized with the Yoast SEO plugin v27.3 - https:\/\/yoast.com\/product\/yoast-seo-wordpress\/ -->\n<title>Safety Stopp Bohrer SLS-Straight - MCI Dental Implants<\/title>\n<meta name=\"robots\" content=\"index, follow, max-snippet:-1, max-image-preview:large, max-video-preview:-1\" \/>\n<link rel=\"canonical\" href=\"https:\/\/mci-implants.de\/en\/product\/safety-stopp-straightbohrer-sls-straight\/\" \/>\n<meta property=\"og:locale\" content=\"en_GB\" \/>\n<meta property=\"og:type\" content=\"article\" \/>\n<meta property=\"og:title\" content=\"Safety Stopp Bohrer SLS-Straight - MCI Dental Implants\" \/>\n<meta property=\"og:description\" content=\"Safety Stopp Bohrer f\u00fcr SLS-Straight Implantate bieten einen hohen Komfort und maximale Anwendungssicherheit. Mit Hilfe der Tiefenstopps haben Sie, auch in Risikozonen, jederzeit die volle Kontrolle \u00fcber die Bohrtiefe und k\u00f6nnen stressfrei Arbeiten. Die abziehbaren Tiefenstopps machen eine Tiefenkorrektur bis zu 1,5 mm m\u00f6glich. Bitte w\u00e4hlen Sie den gew\u00fcnschten Durchmesser und L\u00e4nge aus. Sollten Sie [&hellip;]\" \/>\n<meta property=\"og:url\" content=\"https:\/\/mci-implants.de\/en\/product\/safety-stopp-straightbohrer-sls-straight\/\" \/>\n<meta property=\"og:site_name\" content=\"MCI Dental Implants\" \/>\n<meta property=\"article:modified_time\" content=\"2024-03-28T12:20:22+00:00\" \/>\n<meta property=\"og:image\" content=\"https:\/\/mci-implants.de\/wp-content\/uploads\/2022\/02\/SB-Bohrer.jpg\" \/>\n\t<meta property=\"og:image:width\" content=\"800\" \/>\n\t<meta property=\"og:image:height\" content=\"800\" \/>\n\t<meta property=\"og:image:type\" content=\"image\/jpeg\" \/>\n<script type=\"application\/ld+json\" class=\"yoast-schema-graph\">{\"@context\":\"https:\\\/\\\/schema.org\",\"@graph\":[{\"@type\":\"WebPage\",\"@id\":\"https:\\\/\\\/mci-implants.de\\\/produkt\\\/safety-stopp-straightbohrer-sls-straight\\\/\",\"url\":\"https:\\\/\\\/mci-implants.de\\\/produkt\\\/safety-stopp-straightbohrer-sls-straight\\\/\",\"name\":\"Safety Stopp Bohrer SLS-Straight - MCI Dental Implants\",\"isPartOf\":{\"@id\":\"https:\\\/\\\/mci-implants.de\\\/#website\"},\"primaryImageOfPage\":{\"@id\":\"https:\\\/\\\/mci-implants.de\\\/produkt\\\/safety-stopp-straightbohrer-sls-straight\\\/#primaryimage\"},\"image\":{\"@id\":\"https:\\\/\\\/mci-implants.de\\\/produkt\\\/safety-stopp-straightbohrer-sls-straight\\\/#primaryimage\"},\"thumbnailUrl\":\"https:\\\/\\\/mci-implants.de\\\/wp-content\\\/uploads\\\/2022\\\/02\\\/SB-Bohrer.jpg\",\"datePublished\":\"2022-02-08T09:27:28+00:00\",\"dateModified\":\"2024-03-28T12:20:22+00:00\",\"breadcrumb\":{\"@id\":\"https:\\\/\\\/mci-implants.de\\\/produkt\\\/safety-stopp-straightbohrer-sls-straight\\\/#breadcrumb\"},\"inLanguage\":\"en-GB\",\"potentialAction\":[{\"@type\":\"ReadAction\",\"target\":[\"https:\\\/\\\/mci-implants.de\\\/produkt\\\/safety-stopp-straightbohrer-sls-straight\\\/\"]}]},{\"@type\":\"ImageObject\",\"inLanguage\":\"en-GB\",\"@id\":\"https:\\\/\\\/mci-implants.de\\\/produkt\\\/safety-stopp-straightbohrer-sls-straight\\\/#primaryimage\",\"url\":\"https:\\\/\\\/mci-implants.de\\\/wp-content\\\/uploads\\\/2022\\\/02\\\/SB-Bohrer.jpg\",\"contentUrl\":\"https:\\\/\\\/mci-implants.de\\\/wp-content\\\/uploads\\\/2022\\\/02\\\/SB-Bohrer.jpg\",\"width\":800,\"height\":800},{\"@type\":\"BreadcrumbList\",\"@id\":\"https:\\\/\\\/mci-implants.de\\\/produkt\\\/safety-stopp-straightbohrer-sls-straight\\\/#breadcrumb\",\"itemListElement\":[{\"@type\":\"ListItem\",\"position\":1,\"name\":\"Home\",\"item\":\"https:\\\/\\\/mci-implants.de\\\/\"},{\"@type\":\"ListItem\",\"position\":2,\"name\":\"Shop\",\"item\":\"https:\\\/\\\/mci-implants.de\\\/shop\\\/\"},{\"@type\":\"ListItem\",\"position\":3,\"name\":\"Safety Stopp Bohrer SLS-Straight\"}]},{\"@type\":\"WebSite\",\"@id\":\"https:\\\/\\\/mci-implants.de\\\/#website\",\"url\":\"https:\\\/\\\/mci-implants.de\\\/\",\"name\":\"MCI Dental Implants\",\"description\":\"\",\"potentialAction\":[{\"@type\":\"SearchAction\",\"target\":{\"@type\":\"EntryPoint\",\"urlTemplate\":\"https:\\\/\\\/mci-implants.de\\\/?s={search_term_string}\"},\"query-input\":{\"@type\":\"PropertyValueSpecification\",\"valueRequired\":true,\"valueName\":\"search_term_string\"}}],\"inLanguage\":\"en-GB\"}]}<\/script>\n<!-- \/ Yoast SEO plugin. -->","yoast_head_json":{"title":"Safety Stopp Bohrer SLS-Straight - MCI Dental Implants","robots":{"index":"index","follow":"follow","max-snippet":"max-snippet:-1","max-image-preview":"max-image-preview:large","max-video-preview":"max-video-preview:-1"},"canonical":"https:\/\/mci-implants.de\/en\/product\/safety-stopp-straightbohrer-sls-straight\/","og_locale":"en_GB","og_type":"article","og_title":"Safety Stopp Bohrer SLS-Straight - MCI Dental Implants","og_description":"Safety Stopp Bohrer f\u00fcr SLS-Straight Implantate bieten einen hohen Komfort und maximale Anwendungssicherheit. Mit Hilfe der Tiefenstopps haben Sie, auch in Risikozonen, jederzeit die volle Kontrolle \u00fcber die Bohrtiefe und k\u00f6nnen stressfrei Arbeiten. Die abziehbaren Tiefenstopps machen eine Tiefenkorrektur bis zu 1,5 mm m\u00f6glich. Bitte w\u00e4hlen Sie den gew\u00fcnschten Durchmesser und L\u00e4nge aus. Sollten Sie [&hellip;]","og_url":"https:\/\/mci-implants.de\/en\/product\/safety-stopp-straightbohrer-sls-straight\/","og_site_name":"MCI Dental Implants","article_modified_time":"2024-03-28T12:20:22+00:00","og_image":[{"width":800,"height":800,"url":"https:\/\/mci-implants.de\/wp-content\/uploads\/2022\/02\/SB-Bohrer.jpg","type":"image\/jpeg"}],"schema":{"@context":"https:\/\/schema.org","@graph":[{"@type":"WebPage","@id":"https:\/\/mci-implants.de\/produkt\/safety-stopp-straightbohrer-sls-straight\/","url":"https:\/\/mci-implants.de\/produkt\/safety-stopp-straightbohrer-sls-straight\/","name":"Safety Stopp Bohrer SLS-Straight - MCI Dental Implants","isPartOf":{"@id":"https:\/\/mci-implants.de\/#website"},"primaryImageOfPage":{"@id":"https:\/\/mci-implants.de\/produkt\/safety-stopp-straightbohrer-sls-straight\/#primaryimage"},"image":{"@id":"https:\/\/mci-implants.de\/produkt\/safety-stopp-straightbohrer-sls-straight\/#primaryimage"},"thumbnailUrl":"https:\/\/mci-implants.de\/wp-content\/uploads\/2022\/02\/SB-Bohrer.jpg","datePublished":"2022-02-08T09:27:28+00:00","dateModified":"2024-03-28T12:20:22+00:00","breadcrumb":{"@id":"https:\/\/mci-implants.de\/produkt\/safety-stopp-straightbohrer-sls-straight\/#breadcrumb"},"inLanguage":"en-GB","potentialAction":[{"@type":"ReadAction","target":["https:\/\/mci-implants.de\/produkt\/safety-stopp-straightbohrer-sls-straight\/"]}]},{"@type":"ImageObject","inLanguage":"en-GB","@id":"https:\/\/mci-implants.de\/produkt\/safety-stopp-straightbohrer-sls-straight\/#primaryimage","url":"https:\/\/mci-implants.de\/wp-content\/uploads\/2022\/02\/SB-Bohrer.jpg","contentUrl":"https:\/\/mci-implants.de\/wp-content\/uploads\/2022\/02\/SB-Bohrer.jpg","width":800,"height":800},{"@type":"BreadcrumbList","@id":"https:\/\/mci-implants.de\/produkt\/safety-stopp-straightbohrer-sls-straight\/#breadcrumb","itemListElement":[{"@type":"ListItem","position":1,"name":"Home","item":"https:\/\/mci-implants.de\/"},{"@type":"ListItem","position":2,"name":"Shop","item":"https:\/\/mci-implants.de\/shop\/"},{"@type":"ListItem","position":3,"name":"Safety Stopp Bohrer SLS-Straight"}]},{"@type":"WebSite","@id":"https:\/\/mci-implants.de\/#website","url":"https:\/\/mci-implants.de\/","name":"MCI Dental Implants","description":"","potentialAction":[{"@type":"SearchAction","target":{"@type":"EntryPoint","urlTemplate":"https:\/\/mci-implants.de\/?s={search_term_string}"},"query-input":{"@type":"PropertyValueSpecification","valueRequired":true,"valueName":"search_term_string"}}],"inLanguage":"en-GB"}]}},"_links":{"self":[{"href":"https:\/\/mci-implants.de\/en\/wp-json\/wp\/v2\/product\/246466","targetHints":{"allow":["GET"]}}],"collection":[{"href":"https:\/\/mci-implants.de\/en\/wp-json\/wp\/v2\/product"}],"about":[{"href":"https:\/\/mci-implants.de\/en\/wp-json\/wp\/v2\/types\/product"}],"wp:featuredmedia":[{"embeddable":true,"href":"https:\/\/mci-implants.de\/en\/wp-json\/wp\/v2\/media\/247179"}],"wp:attachment":[{"href":"https:\/\/mci-implants.de\/en\/wp-json\/wp\/v2\/media?parent=246466"}],"wp:term":[{"taxonomy":"product_brand","embeddable":true,"href":"https:\/\/mci-implants.de\/en\/wp-json\/wp\/v2\/product_brand?post=246466"},{"taxonomy":"product_cat","embeddable":true,"href":"https:\/\/mci-implants.de\/en\/wp-json\/wp\/v2\/product_cat?post=246466"},{"taxonomy":"product_tag","embeddable":true,"href":"https:\/\/mci-implants.de\/en\/wp-json\/wp\/v2\/product_tag?post=246466"}],"curies":[{"name":"wp","href":"https:\/\/api.w.org\/{rel}","templated":true}]}}