


{"id":246916,"date":"2022-03-04T11:33:20","date_gmt":"2022-03-04T11:33:20","guid":{"rendered":"https:\/\/mci-implants.de\/dentegris_wp\/?post_type=product&#038;p=246916"},"modified":"2024-03-28T12:20:31","modified_gmt":"2024-03-28T12:20:31","slug":"daas-aufbau-gerade","status":"publish","type":"product","link":"https:\/\/mci-implants.de\/en\/product\/daas-aufbau-gerade\/","title":{"rendered":"DAAS construction currently"},"content":{"rendered":"<p>DAAS is a prosthetic solution with screw-retained bridges on four (maxillary) or six (maxillary) implants for the edentulous jaw. DAAS meets the desire of many patients for quick, seamless care with fixed dentures to prevent toothlessness.<\/p>\n<p><strong>The advantages of DAAS:<\/strong><\/p>\n<ul>\n<li>Reduced treatment time\/treatment appointments<\/li>\n<li>Reduced surgical effort<\/li>\n<li>Standardized surgical protocol<\/li>\n<li>Predictable treatment costs<\/li>\n<li>No annoying palate plate<\/li>\n<\/ul>\n<p>The material used is grade 4 pure titanium, an unalloyed titanium with increased oxygen content. It is characterized by high strength and simultaneous biocompatibility. The structure is delivered including screws.<\/p>","protected":false},"excerpt":{"rendered":"<p>DAAS ist eine prothetische L\u00f6sung mit verschraubten Br\u00fccken auf vier (UK) oder sechs (OK) Implantaten f\u00fcr den zahnlosen Kiefer. DAAS entspricht dem Wunsch vieler Patienten nach einer schnellen,\u00a0 \u00fcbergangslosen Versorgung mit fest sitzendem Zahnersatz zur Vermeidung von Zahnlosigkeit. Die Vorteile von DAAS: Reduzierte Behandlungszeit \/ Behandlungstermine Reduzierter chirurgischer Aufwand Standardisiertes OP-Protokoll Voraussagbare Behandlungskosten Keine st\u00f6rende [&hellip;]<\/p>\n","protected":false},"featured_media":247160,"template":"","meta":{"_et_pb_use_builder":"","_et_pb_old_content":"","_et_gb_content_width":""},"product_brand":[],"product_cat":[263,262,109],"product_tag":[],"class_list":{"0":"post-246916","1":"product","2":"type-product","3":"status-publish","4":"has-post-thumbnail","6":"product_cat-daas","7":"product_cat-dentales-anguliertes-abutment-system","8":"product_cat-prothetik","10":"first","11":"instock","12":"taxable","13":"shipping-taxable","14":"product-type-variable"},"yoast_head":"<!-- This site is optimized with the Yoast SEO plugin v27.3 - https:\/\/yoast.com\/product\/yoast-seo-wordpress\/ -->\n<title>DAAS Aufbau gerade - MCI Dental Implants<\/title>\n<meta name=\"robots\" content=\"index, follow, max-snippet:-1, max-image-preview:large, max-video-preview:-1\" \/>\n<link rel=\"canonical\" href=\"https:\/\/mci-implants.de\/en\/product\/daas-aufbau-gerade\/\" \/>\n<meta property=\"og:locale\" content=\"en_GB\" \/>\n<meta property=\"og:type\" content=\"article\" \/>\n<meta property=\"og:title\" content=\"DAAS Aufbau gerade - MCI Dental Implants\" \/>\n<meta property=\"og:description\" content=\"DAAS ist eine prothetische L\u00f6sung mit verschraubten Br\u00fccken auf vier (UK) oder sechs (OK) Implantaten f\u00fcr den zahnlosen Kiefer. DAAS entspricht dem Wunsch vieler Patienten nach einer schnellen,\u00a0 \u00fcbergangslosen Versorgung mit fest sitzendem Zahnersatz zur Vermeidung von Zahnlosigkeit. Die Vorteile von DAAS: Reduzierte Behandlungszeit \/ Behandlungstermine Reduzierter chirurgischer Aufwand Standardisiertes OP-Protokoll Voraussagbare Behandlungskosten Keine st\u00f6rende [&hellip;]\" \/>\n<meta property=\"og:url\" content=\"https:\/\/mci-implants.de\/en\/product\/daas-aufbau-gerade\/\" \/>\n<meta property=\"og:site_name\" content=\"MCI Dental Implants\" \/>\n<meta property=\"article:modified_time\" content=\"2024-03-28T12:20:31+00:00\" \/>\n<meta property=\"og:image\" content=\"https:\/\/mci-implants.de\/wp-content\/uploads\/2021\/12\/DAAS40.jpg\" \/>\n\t<meta property=\"og:image:width\" content=\"800\" \/>\n\t<meta property=\"og:image:height\" content=\"800\" \/>\n\t<meta property=\"og:image:type\" content=\"image\/jpeg\" \/>\n<meta name=\"twitter:label1\" content=\"Estimated reading time\" \/>\n\t<meta name=\"twitter:data1\" content=\"1 minute\" \/>\n<script type=\"application\/ld+json\" class=\"yoast-schema-graph\">{\"@context\":\"https:\\\/\\\/schema.org\",\"@graph\":[{\"@type\":\"WebPage\",\"@id\":\"https:\\\/\\\/mci-implants.de\\\/produkt\\\/daas-aufbau-gerade\\\/\",\"url\":\"https:\\\/\\\/mci-implants.de\\\/produkt\\\/daas-aufbau-gerade\\\/\",\"name\":\"DAAS Aufbau gerade - MCI Dental Implants\",\"isPartOf\":{\"@id\":\"https:\\\/\\\/mci-implants.de\\\/#website\"},\"primaryImageOfPage\":{\"@id\":\"https:\\\/\\\/mci-implants.de\\\/produkt\\\/daas-aufbau-gerade\\\/#primaryimage\"},\"image\":{\"@id\":\"https:\\\/\\\/mci-implants.de\\\/produkt\\\/daas-aufbau-gerade\\\/#primaryimage\"},\"thumbnailUrl\":\"https:\\\/\\\/mci-implants.de\\\/wp-content\\\/uploads\\\/2021\\\/12\\\/DAAS40.jpg\",\"datePublished\":\"2022-03-04T11:33:20+00:00\",\"dateModified\":\"2024-03-28T12:20:31+00:00\",\"breadcrumb\":{\"@id\":\"https:\\\/\\\/mci-implants.de\\\/produkt\\\/daas-aufbau-gerade\\\/#breadcrumb\"},\"inLanguage\":\"en-GB\",\"potentialAction\":[{\"@type\":\"ReadAction\",\"target\":[\"https:\\\/\\\/mci-implants.de\\\/produkt\\\/daas-aufbau-gerade\\\/\"]}]},{\"@type\":\"ImageObject\",\"inLanguage\":\"en-GB\",\"@id\":\"https:\\\/\\\/mci-implants.de\\\/produkt\\\/daas-aufbau-gerade\\\/#primaryimage\",\"url\":\"https:\\\/\\\/mci-implants.de\\\/wp-content\\\/uploads\\\/2021\\\/12\\\/DAAS40.jpg\",\"contentUrl\":\"https:\\\/\\\/mci-implants.de\\\/wp-content\\\/uploads\\\/2021\\\/12\\\/DAAS40.jpg\",\"width\":800,\"height\":800},{\"@type\":\"BreadcrumbList\",\"@id\":\"https:\\\/\\\/mci-implants.de\\\/produkt\\\/daas-aufbau-gerade\\\/#breadcrumb\",\"itemListElement\":[{\"@type\":\"ListItem\",\"position\":1,\"name\":\"Home\",\"item\":\"https:\\\/\\\/mci-implants.de\\\/\"},{\"@type\":\"ListItem\",\"position\":2,\"name\":\"Shop\",\"item\":\"https:\\\/\\\/mci-implants.de\\\/shop\\\/\"},{\"@type\":\"ListItem\",\"position\":3,\"name\":\"DAAS Aufbau gerade\"}]},{\"@type\":\"WebSite\",\"@id\":\"https:\\\/\\\/mci-implants.de\\\/#website\",\"url\":\"https:\\\/\\\/mci-implants.de\\\/\",\"name\":\"MCI Dental Implants\",\"description\":\"\",\"potentialAction\":[{\"@type\":\"SearchAction\",\"target\":{\"@type\":\"EntryPoint\",\"urlTemplate\":\"https:\\\/\\\/mci-implants.de\\\/?s={search_term_string}\"},\"query-input\":{\"@type\":\"PropertyValueSpecification\",\"valueRequired\":true,\"valueName\":\"search_term_string\"}}],\"inLanguage\":\"en-GB\"}]}<\/script>\n<!-- \/ Yoast SEO plugin. -->","yoast_head_json":{"title":"DAAS Aufbau gerade - MCI Dental Implants","robots":{"index":"index","follow":"follow","max-snippet":"max-snippet:-1","max-image-preview":"max-image-preview:large","max-video-preview":"max-video-preview:-1"},"canonical":"https:\/\/mci-implants.de\/en\/product\/daas-aufbau-gerade\/","og_locale":"en_GB","og_type":"article","og_title":"DAAS Aufbau gerade - MCI Dental Implants","og_description":"DAAS ist eine prothetische L\u00f6sung mit verschraubten Br\u00fccken auf vier (UK) oder sechs (OK) Implantaten f\u00fcr den zahnlosen Kiefer. DAAS entspricht dem Wunsch vieler Patienten nach einer schnellen,\u00a0 \u00fcbergangslosen Versorgung mit fest sitzendem Zahnersatz zur Vermeidung von Zahnlosigkeit. Die Vorteile von DAAS: Reduzierte Behandlungszeit \/ Behandlungstermine Reduzierter chirurgischer Aufwand Standardisiertes OP-Protokoll Voraussagbare Behandlungskosten Keine st\u00f6rende [&hellip;]","og_url":"https:\/\/mci-implants.de\/en\/product\/daas-aufbau-gerade\/","og_site_name":"MCI Dental Implants","article_modified_time":"2024-03-28T12:20:31+00:00","og_image":[{"width":800,"height":800,"url":"https:\/\/mci-implants.de\/wp-content\/uploads\/2021\/12\/DAAS40.jpg","type":"image\/jpeg"}],"twitter_misc":{"Estimated reading time":"1 minute"},"schema":{"@context":"https:\/\/schema.org","@graph":[{"@type":"WebPage","@id":"https:\/\/mci-implants.de\/produkt\/daas-aufbau-gerade\/","url":"https:\/\/mci-implants.de\/produkt\/daas-aufbau-gerade\/","name":"DAAS Aufbau gerade - MCI Dental Implants","isPartOf":{"@id":"https:\/\/mci-implants.de\/#website"},"primaryImageOfPage":{"@id":"https:\/\/mci-implants.de\/produkt\/daas-aufbau-gerade\/#primaryimage"},"image":{"@id":"https:\/\/mci-implants.de\/produkt\/daas-aufbau-gerade\/#primaryimage"},"thumbnailUrl":"https:\/\/mci-implants.de\/wp-content\/uploads\/2021\/12\/DAAS40.jpg","datePublished":"2022-03-04T11:33:20+00:00","dateModified":"2024-03-28T12:20:31+00:00","breadcrumb":{"@id":"https:\/\/mci-implants.de\/produkt\/daas-aufbau-gerade\/#breadcrumb"},"inLanguage":"en-GB","potentialAction":[{"@type":"ReadAction","target":["https:\/\/mci-implants.de\/produkt\/daas-aufbau-gerade\/"]}]},{"@type":"ImageObject","inLanguage":"en-GB","@id":"https:\/\/mci-implants.de\/produkt\/daas-aufbau-gerade\/#primaryimage","url":"https:\/\/mci-implants.de\/wp-content\/uploads\/2021\/12\/DAAS40.jpg","contentUrl":"https:\/\/mci-implants.de\/wp-content\/uploads\/2021\/12\/DAAS40.jpg","width":800,"height":800},{"@type":"BreadcrumbList","@id":"https:\/\/mci-implants.de\/produkt\/daas-aufbau-gerade\/#breadcrumb","itemListElement":[{"@type":"ListItem","position":1,"name":"Home","item":"https:\/\/mci-implants.de\/"},{"@type":"ListItem","position":2,"name":"Shop","item":"https:\/\/mci-implants.de\/shop\/"},{"@type":"ListItem","position":3,"name":"DAAS Aufbau gerade"}]},{"@type":"WebSite","@id":"https:\/\/mci-implants.de\/#website","url":"https:\/\/mci-implants.de\/","name":"MCI Dental Implants","description":"","potentialAction":[{"@type":"SearchAction","target":{"@type":"EntryPoint","urlTemplate":"https:\/\/mci-implants.de\/?s={search_term_string}"},"query-input":{"@type":"PropertyValueSpecification","valueRequired":true,"valueName":"search_term_string"}}],"inLanguage":"en-GB"}]}},"_links":{"self":[{"href":"https:\/\/mci-implants.de\/en\/wp-json\/wp\/v2\/product\/246916","targetHints":{"allow":["GET"]}}],"collection":[{"href":"https:\/\/mci-implants.de\/en\/wp-json\/wp\/v2\/product"}],"about":[{"href":"https:\/\/mci-implants.de\/en\/wp-json\/wp\/v2\/types\/product"}],"wp:featuredmedia":[{"embeddable":true,"href":"https:\/\/mci-implants.de\/en\/wp-json\/wp\/v2\/media\/247160"}],"wp:attachment":[{"href":"https:\/\/mci-implants.de\/en\/wp-json\/wp\/v2\/media?parent=246916"}],"wp:term":[{"taxonomy":"product_brand","embeddable":true,"href":"https:\/\/mci-implants.de\/en\/wp-json\/wp\/v2\/product_brand?post=246916"},{"taxonomy":"product_cat","embeddable":true,"href":"https:\/\/mci-implants.de\/en\/wp-json\/wp\/v2\/product_cat?post=246916"},{"taxonomy":"product_tag","embeddable":true,"href":"https:\/\/mci-implants.de\/en\/wp-json\/wp\/v2\/product_tag?post=246916"}],"curies":[{"name":"wp","href":"https:\/\/api.w.org\/{rel}","templated":true}]}}