


{"id":247194,"date":"2022-03-16T13:17:24","date_gmt":"2022-03-16T13:17:24","guid":{"rendered":"https:\/\/mci-implants.de\/dentegris_wp\/?post_type=product&#038;p=247194"},"modified":"2026-04-09T14:18:03","modified_gmt":"2026-04-09T14:18:03","slug":"st-implantat-durchmesser-33-mm","status":"publish","type":"product","link":"https:\/\/mci-implants.de\/en\/product\/st-implantat-durchmesser-33-mm\/","title":{"rendered":"S&amp;T implant diameter 3.3 mm"},"content":{"rendered":"<p>The S&amp;T implant is an implant with a reduced diameter and a conical universal shape and is designed for use in cases where bone availability is reduced or space is limited.<br \/>\nIts clinical application is exclusively in the area of the upper, lateral incisors or the lower incisors.<\/p>\n<ul>\n<li>Connection type: conical connection with hexagon socket<\/li>\n<li>Material: Grade 4 titanium<\/li>\n<li>Surface: blasted and etched<\/li>\n<li>Compatible with MCI prosthetics<\/li>\n<\/ul>","protected":false},"excerpt":{"rendered":"<p>The S&amp;T implant is a reduced diameter implant with a conical universal shape and is designed for use in cases of reduced bone availability or confined space. It is only used clinically in the area of the upper, lateral incisors or the lower incisors. Connection type: conical connection with hexagon socket Material: titanium grade 4 Surface: blasted and etched Compatible with MCI prosthetics<\/p>","protected":false},"featured_media":247064,"template":"","meta":{"_et_pb_use_builder":"","_et_pb_old_content":"","_et_gb_content_width":""},"product_brand":[],"product_cat":[108,304],"product_tag":[],"class_list":{"0":"post-247194","1":"product","2":"type-product","3":"status-publish","4":"has-post-thumbnail","6":"product_cat-implantate","7":"product_cat-st-implantat","9":"first","10":"instock","11":"taxable","12":"shipping-taxable","13":"product-type-variable"},"yoast_head":"<!-- This site is optimized with the Yoast SEO plugin v27.4 - https:\/\/yoast.com\/product\/yoast-seo-wordpress\/ -->\n<title>S&amp;T Implantat Durchmesser 3,3 mm - MCI Dental Implants<\/title>\n<meta name=\"robots\" content=\"index, follow, max-snippet:-1, max-image-preview:large, max-video-preview:-1\" \/>\n<link rel=\"canonical\" href=\"https:\/\/mci-implants.de\/en\/product\/st-implantat-durchmesser-33-mm\/\" \/>\n<meta property=\"og:locale\" content=\"en_GB\" \/>\n<meta property=\"og:type\" content=\"article\" \/>\n<meta property=\"og:title\" content=\"S&amp;T Implantat Durchmesser 3,3 mm - MCI Dental Implants\" \/>\n<meta property=\"og:description\" content=\"Das S&amp;T Implantat ist ein im Durchmesser reduziertes Implantat mit konischer Universalform und konzipiert f\u00fcr den Einsatz bei reduziertem Knochenangebot oder beengten Platzverh\u00e4ltnissen. Seine klinische Anwendung findet es ausschlie\u00dflich im Bereich der oberen, seitlichen Inzisiven oder der unteren Inzisiven. Verbindungstyp: konische Verbindung mit Innensechskant Material: Titan-Grad 4 Oberfl\u00e4che: gestrahlt und ge\u00e4tzt Kompatibel mit MCI Prothetik\" \/>\n<meta property=\"og:url\" content=\"https:\/\/mci-implants.de\/en\/product\/st-implantat-durchmesser-33-mm\/\" \/>\n<meta property=\"og:site_name\" content=\"MCI Dental Implants\" \/>\n<meta property=\"article:modified_time\" content=\"2026-04-09T14:18:03+00:00\" \/>\n<meta property=\"og:image\" content=\"https:\/\/mci-implants.de\/wp-content\/uploads\/2021\/12\/ST-Implantat.jpg\" \/>\n\t<meta property=\"og:image:width\" content=\"800\" \/>\n\t<meta property=\"og:image:height\" content=\"800\" \/>\n\t<meta property=\"og:image:type\" content=\"image\/jpeg\" \/>\n<meta name=\"twitter:label1\" content=\"Estimated reading time\" \/>\n\t<meta name=\"twitter:data1\" content=\"1 minute\" \/>\n<script type=\"application\/ld+json\" class=\"yoast-schema-graph\">{\"@context\":\"https:\\\/\\\/schema.org\",\"@graph\":[{\"@type\":\"WebPage\",\"@id\":\"https:\\\/\\\/mci-implants.de\\\/produkt\\\/st-implantat-durchmesser-33-mm\\\/\",\"url\":\"https:\\\/\\\/mci-implants.de\\\/produkt\\\/st-implantat-durchmesser-33-mm\\\/\",\"name\":\"S&amp;T Implantat Durchmesser 3,3 mm - MCI Dental Implants\",\"isPartOf\":{\"@id\":\"https:\\\/\\\/mci-implants.de\\\/#website\"},\"primaryImageOfPage\":{\"@id\":\"https:\\\/\\\/mci-implants.de\\\/produkt\\\/st-implantat-durchmesser-33-mm\\\/#primaryimage\"},\"image\":{\"@id\":\"https:\\\/\\\/mci-implants.de\\\/produkt\\\/st-implantat-durchmesser-33-mm\\\/#primaryimage\"},\"thumbnailUrl\":\"https:\\\/\\\/mci-implants.de\\\/wp-content\\\/uploads\\\/2021\\\/12\\\/ST-Implantat.jpg\",\"datePublished\":\"2022-03-16T13:17:24+00:00\",\"dateModified\":\"2026-04-09T14:18:03+00:00\",\"breadcrumb\":{\"@id\":\"https:\\\/\\\/mci-implants.de\\\/produkt\\\/st-implantat-durchmesser-33-mm\\\/#breadcrumb\"},\"inLanguage\":\"en-GB\",\"potentialAction\":[{\"@type\":\"ReadAction\",\"target\":[\"https:\\\/\\\/mci-implants.de\\\/produkt\\\/st-implantat-durchmesser-33-mm\\\/\"]}]},{\"@type\":\"ImageObject\",\"inLanguage\":\"en-GB\",\"@id\":\"https:\\\/\\\/mci-implants.de\\\/produkt\\\/st-implantat-durchmesser-33-mm\\\/#primaryimage\",\"url\":\"https:\\\/\\\/mci-implants.de\\\/wp-content\\\/uploads\\\/2021\\\/12\\\/ST-Implantat.jpg\",\"contentUrl\":\"https:\\\/\\\/mci-implants.de\\\/wp-content\\\/uploads\\\/2021\\\/12\\\/ST-Implantat.jpg\",\"width\":800,\"height\":800},{\"@type\":\"BreadcrumbList\",\"@id\":\"https:\\\/\\\/mci-implants.de\\\/produkt\\\/st-implantat-durchmesser-33-mm\\\/#breadcrumb\",\"itemListElement\":[{\"@type\":\"ListItem\",\"position\":1,\"name\":\"Home\",\"item\":\"https:\\\/\\\/mci-implants.de\\\/\"},{\"@type\":\"ListItem\",\"position\":2,\"name\":\"Shop\",\"item\":\"https:\\\/\\\/mci-implants.de\\\/shop\\\/\"},{\"@type\":\"ListItem\",\"position\":3,\"name\":\"S&amp;T Implantat Durchmesser 3,3 mm\"}]},{\"@type\":\"WebSite\",\"@id\":\"https:\\\/\\\/mci-implants.de\\\/#website\",\"url\":\"https:\\\/\\\/mci-implants.de\\\/\",\"name\":\"MCI Dental Implants\",\"description\":\"\",\"potentialAction\":[{\"@type\":\"SearchAction\",\"target\":{\"@type\":\"EntryPoint\",\"urlTemplate\":\"https:\\\/\\\/mci-implants.de\\\/?s={search_term_string}\"},\"query-input\":{\"@type\":\"PropertyValueSpecification\",\"valueRequired\":true,\"valueName\":\"search_term_string\"}}],\"inLanguage\":\"en-GB\"}]}<\/script>\n<!-- \/ Yoast SEO plugin. -->","yoast_head_json":{"title":"S&amp;T Implantat Durchmesser 3,3 mm - MCI Dental Implants","robots":{"index":"index","follow":"follow","max-snippet":"max-snippet:-1","max-image-preview":"max-image-preview:large","max-video-preview":"max-video-preview:-1"},"canonical":"https:\/\/mci-implants.de\/en\/product\/st-implantat-durchmesser-33-mm\/","og_locale":"en_GB","og_type":"article","og_title":"S&amp;T Implantat Durchmesser 3,3 mm - MCI Dental Implants","og_description":"Das S&amp;T Implantat ist ein im Durchmesser reduziertes Implantat mit konischer Universalform und konzipiert f\u00fcr den Einsatz bei reduziertem Knochenangebot oder beengten Platzverh\u00e4ltnissen. Seine klinische Anwendung findet es ausschlie\u00dflich im Bereich der oberen, seitlichen Inzisiven oder der unteren Inzisiven. Verbindungstyp: konische Verbindung mit Innensechskant Material: Titan-Grad 4 Oberfl\u00e4che: gestrahlt und ge\u00e4tzt Kompatibel mit MCI Prothetik","og_url":"https:\/\/mci-implants.de\/en\/product\/st-implantat-durchmesser-33-mm\/","og_site_name":"MCI Dental Implants","article_modified_time":"2026-04-09T14:18:03+00:00","og_image":[{"width":800,"height":800,"url":"https:\/\/mci-implants.de\/wp-content\/uploads\/2021\/12\/ST-Implantat.jpg","type":"image\/jpeg"}],"twitter_misc":{"Estimated reading time":"1 minute"},"schema":{"@context":"https:\/\/schema.org","@graph":[{"@type":"WebPage","@id":"https:\/\/mci-implants.de\/produkt\/st-implantat-durchmesser-33-mm\/","url":"https:\/\/mci-implants.de\/produkt\/st-implantat-durchmesser-33-mm\/","name":"S&amp;T Implantat Durchmesser 3,3 mm - MCI Dental Implants","isPartOf":{"@id":"https:\/\/mci-implants.de\/#website"},"primaryImageOfPage":{"@id":"https:\/\/mci-implants.de\/produkt\/st-implantat-durchmesser-33-mm\/#primaryimage"},"image":{"@id":"https:\/\/mci-implants.de\/produkt\/st-implantat-durchmesser-33-mm\/#primaryimage"},"thumbnailUrl":"https:\/\/mci-implants.de\/wp-content\/uploads\/2021\/12\/ST-Implantat.jpg","datePublished":"2022-03-16T13:17:24+00:00","dateModified":"2026-04-09T14:18:03+00:00","breadcrumb":{"@id":"https:\/\/mci-implants.de\/produkt\/st-implantat-durchmesser-33-mm\/#breadcrumb"},"inLanguage":"en-GB","potentialAction":[{"@type":"ReadAction","target":["https:\/\/mci-implants.de\/produkt\/st-implantat-durchmesser-33-mm\/"]}]},{"@type":"ImageObject","inLanguage":"en-GB","@id":"https:\/\/mci-implants.de\/produkt\/st-implantat-durchmesser-33-mm\/#primaryimage","url":"https:\/\/mci-implants.de\/wp-content\/uploads\/2021\/12\/ST-Implantat.jpg","contentUrl":"https:\/\/mci-implants.de\/wp-content\/uploads\/2021\/12\/ST-Implantat.jpg","width":800,"height":800},{"@type":"BreadcrumbList","@id":"https:\/\/mci-implants.de\/produkt\/st-implantat-durchmesser-33-mm\/#breadcrumb","itemListElement":[{"@type":"ListItem","position":1,"name":"Home","item":"https:\/\/mci-implants.de\/"},{"@type":"ListItem","position":2,"name":"Shop","item":"https:\/\/mci-implants.de\/shop\/"},{"@type":"ListItem","position":3,"name":"S&amp;T Implantat Durchmesser 3,3 mm"}]},{"@type":"WebSite","@id":"https:\/\/mci-implants.de\/#website","url":"https:\/\/mci-implants.de\/","name":"MCI Dental Implants","description":"","potentialAction":[{"@type":"SearchAction","target":{"@type":"EntryPoint","urlTemplate":"https:\/\/mci-implants.de\/?s={search_term_string}"},"query-input":{"@type":"PropertyValueSpecification","valueRequired":true,"valueName":"search_term_string"}}],"inLanguage":"en-GB"}]}},"_links":{"self":[{"href":"https:\/\/mci-implants.de\/en\/wp-json\/wp\/v2\/product\/247194","targetHints":{"allow":["GET"]}}],"collection":[{"href":"https:\/\/mci-implants.de\/en\/wp-json\/wp\/v2\/product"}],"about":[{"href":"https:\/\/mci-implants.de\/en\/wp-json\/wp\/v2\/types\/product"}],"wp:featuredmedia":[{"embeddable":true,"href":"https:\/\/mci-implants.de\/en\/wp-json\/wp\/v2\/media\/247064"}],"wp:attachment":[{"href":"https:\/\/mci-implants.de\/en\/wp-json\/wp\/v2\/media?parent=247194"}],"wp:term":[{"taxonomy":"product_brand","embeddable":true,"href":"https:\/\/mci-implants.de\/en\/wp-json\/wp\/v2\/product_brand?post=247194"},{"taxonomy":"product_cat","embeddable":true,"href":"https:\/\/mci-implants.de\/en\/wp-json\/wp\/v2\/product_cat?post=247194"},{"taxonomy":"product_tag","embeddable":true,"href":"https:\/\/mci-implants.de\/en\/wp-json\/wp\/v2\/product_tag?post=247194"}],"curies":[{"name":"wp","href":"https:\/\/api.w.org\/{rel}","templated":true}]}}