


{"id":247331,"date":"2022-03-23T09:42:40","date_gmt":"2022-03-23T09:42:40","guid":{"rendered":"https:\/\/mci-implants.de\/dentegris_wp\/?post_type=product&#038;p=247331"},"modified":"2024-03-28T12:20:35","modified_gmt":"2024-03-28T12:20:35","slug":"halteschrauben-abdruckpfosten-pick-up-4er-pack","status":"publish","type":"product","link":"https:\/\/mci-implants.de\/en\/product\/halteschrauben-abdruckpfosten-pick-up-4er-pack\/","title":{"rendered":"Retaining screws impression post pick-up (pack of 4)"},"content":{"rendered":"<p>The retaining screws for diameters 3.3mm, 3.8mm, 4.1mm and 4.5mm are identical. Only 5.5mm has another screw. Please select the appropriate screw.<\/p>\n<p>Note that this is the matching screw for the impression post with cap for 5mm and 7.5mm (AGP + AGPL).<\/p>","protected":false},"excerpt":{"rendered":"<p>The retaining screws for diameters 3.3mm, 3.8mm, 4.1mm and 4.5mm are identical. Only 5.5mm has a different screw. Please select the appropriate screw. Note that this is the appropriate screw for the impression post with cap for 5mm and 7.5mm (AGP + AGPL).<\/p>","protected":false},"featured_media":247162,"template":"","meta":{"_et_pb_use_builder":"","_et_pb_old_content":"","_et_gb_content_width":""},"product_brand":[],"product_cat":[245,244,267,109],"product_tag":[],"class_list":{"0":"post-247331","1":"product","2":"type-product","3":"status-publish","4":"has-post-thumbnail","6":"product_cat-abdruckpfosten","7":"product_cat-abformung","8":"product_cat-halteschrauben","9":"product_cat-prothetik","11":"first","12":"instock","13":"taxable","14":"shipping-taxable","15":"product-type-variable"},"yoast_head":"<!-- This site is optimized with the Yoast SEO plugin v27.3 - https:\/\/yoast.com\/product\/yoast-seo-wordpress\/ -->\n<title>Halteschrauben Abdruckpfosten Pick-Up (4er Pack) - MCI Dental Implants<\/title>\n<meta name=\"robots\" content=\"index, follow, max-snippet:-1, max-image-preview:large, max-video-preview:-1\" \/>\n<link rel=\"canonical\" href=\"https:\/\/mci-implants.de\/en\/product\/halteschrauben-abdruckpfosten-pick-up-4er-pack\/\" \/>\n<meta property=\"og:locale\" content=\"en_GB\" \/>\n<meta property=\"og:type\" content=\"article\" \/>\n<meta property=\"og:title\" content=\"Halteschrauben Abdruckpfosten Pick-Up (4er Pack) - MCI Dental Implants\" \/>\n<meta property=\"og:description\" content=\"Die Halteschrauben f\u00fcr die Durchmesser 3,3mm, 3,8mm, 4,1mm und 4,5mm sind identisch. Einzig 5,5mm hat eine andere Schraube. Bitte w\u00e4hlen Sie die entsprechende Schraube aus. Beachten Sie, dass dies die passende Schraube f\u00fcr den Abdruckpfosten mit Kappe f\u00fcr 5mm und 7,5mm ist (AGP + AGPL).\" \/>\n<meta property=\"og:url\" content=\"https:\/\/mci-implants.de\/en\/product\/halteschrauben-abdruckpfosten-pick-up-4er-pack\/\" \/>\n<meta property=\"og:site_name\" content=\"MCI Dental Implants\" \/>\n<meta property=\"article:modified_time\" content=\"2024-03-28T12:20:35+00:00\" \/>\n<meta property=\"og:image\" content=\"https:\/\/mci-implants.de\/wp-content\/uploads\/2021\/12\/34AS.jpg\" \/>\n\t<meta property=\"og:image:width\" content=\"800\" \/>\n\t<meta property=\"og:image:height\" content=\"800\" \/>\n\t<meta property=\"og:image:type\" content=\"image\/jpeg\" \/>\n<script type=\"application\/ld+json\" class=\"yoast-schema-graph\">{\"@context\":\"https:\\\/\\\/schema.org\",\"@graph\":[{\"@type\":\"WebPage\",\"@id\":\"https:\\\/\\\/mci-implants.de\\\/produkt\\\/halteschrauben-abdruckpfosten-pick-up-4er-pack\\\/\",\"url\":\"https:\\\/\\\/mci-implants.de\\\/produkt\\\/halteschrauben-abdruckpfosten-pick-up-4er-pack\\\/\",\"name\":\"Halteschrauben Abdruckpfosten Pick-Up (4er Pack) - MCI Dental Implants\",\"isPartOf\":{\"@id\":\"https:\\\/\\\/mci-implants.de\\\/#website\"},\"primaryImageOfPage\":{\"@id\":\"https:\\\/\\\/mci-implants.de\\\/produkt\\\/halteschrauben-abdruckpfosten-pick-up-4er-pack\\\/#primaryimage\"},\"image\":{\"@id\":\"https:\\\/\\\/mci-implants.de\\\/produkt\\\/halteschrauben-abdruckpfosten-pick-up-4er-pack\\\/#primaryimage\"},\"thumbnailUrl\":\"https:\\\/\\\/mci-implants.de\\\/wp-content\\\/uploads\\\/2021\\\/12\\\/34AS.jpg\",\"datePublished\":\"2022-03-23T09:42:40+00:00\",\"dateModified\":\"2024-03-28T12:20:35+00:00\",\"breadcrumb\":{\"@id\":\"https:\\\/\\\/mci-implants.de\\\/produkt\\\/halteschrauben-abdruckpfosten-pick-up-4er-pack\\\/#breadcrumb\"},\"inLanguage\":\"en-GB\",\"potentialAction\":[{\"@type\":\"ReadAction\",\"target\":[\"https:\\\/\\\/mci-implants.de\\\/produkt\\\/halteschrauben-abdruckpfosten-pick-up-4er-pack\\\/\"]}]},{\"@type\":\"ImageObject\",\"inLanguage\":\"en-GB\",\"@id\":\"https:\\\/\\\/mci-implants.de\\\/produkt\\\/halteschrauben-abdruckpfosten-pick-up-4er-pack\\\/#primaryimage\",\"url\":\"https:\\\/\\\/mci-implants.de\\\/wp-content\\\/uploads\\\/2021\\\/12\\\/34AS.jpg\",\"contentUrl\":\"https:\\\/\\\/mci-implants.de\\\/wp-content\\\/uploads\\\/2021\\\/12\\\/34AS.jpg\",\"width\":800,\"height\":800},{\"@type\":\"BreadcrumbList\",\"@id\":\"https:\\\/\\\/mci-implants.de\\\/produkt\\\/halteschrauben-abdruckpfosten-pick-up-4er-pack\\\/#breadcrumb\",\"itemListElement\":[{\"@type\":\"ListItem\",\"position\":1,\"name\":\"Home\",\"item\":\"https:\\\/\\\/mci-implants.de\\\/\"},{\"@type\":\"ListItem\",\"position\":2,\"name\":\"Shop\",\"item\":\"https:\\\/\\\/mci-implants.de\\\/shop\\\/\"},{\"@type\":\"ListItem\",\"position\":3,\"name\":\"Halteschrauben Abdruckpfosten Pick-Up (4er Pack)\"}]},{\"@type\":\"WebSite\",\"@id\":\"https:\\\/\\\/mci-implants.de\\\/#website\",\"url\":\"https:\\\/\\\/mci-implants.de\\\/\",\"name\":\"MCI Dental Implants\",\"description\":\"\",\"potentialAction\":[{\"@type\":\"SearchAction\",\"target\":{\"@type\":\"EntryPoint\",\"urlTemplate\":\"https:\\\/\\\/mci-implants.de\\\/?s={search_term_string}\"},\"query-input\":{\"@type\":\"PropertyValueSpecification\",\"valueRequired\":true,\"valueName\":\"search_term_string\"}}],\"inLanguage\":\"en-GB\"}]}<\/script>\n<!-- \/ Yoast SEO plugin. -->","yoast_head_json":{"title":"Halteschrauben Abdruckpfosten Pick-Up (4er Pack) - MCI Dental Implants","robots":{"index":"index","follow":"follow","max-snippet":"max-snippet:-1","max-image-preview":"max-image-preview:large","max-video-preview":"max-video-preview:-1"},"canonical":"https:\/\/mci-implants.de\/en\/product\/halteschrauben-abdruckpfosten-pick-up-4er-pack\/","og_locale":"en_GB","og_type":"article","og_title":"Halteschrauben Abdruckpfosten Pick-Up (4er Pack) - MCI Dental Implants","og_description":"Die Halteschrauben f\u00fcr die Durchmesser 3,3mm, 3,8mm, 4,1mm und 4,5mm sind identisch. Einzig 5,5mm hat eine andere Schraube. Bitte w\u00e4hlen Sie die entsprechende Schraube aus. Beachten Sie, dass dies die passende Schraube f\u00fcr den Abdruckpfosten mit Kappe f\u00fcr 5mm und 7,5mm ist (AGP + AGPL).","og_url":"https:\/\/mci-implants.de\/en\/product\/halteschrauben-abdruckpfosten-pick-up-4er-pack\/","og_site_name":"MCI Dental Implants","article_modified_time":"2024-03-28T12:20:35+00:00","og_image":[{"width":800,"height":800,"url":"https:\/\/mci-implants.de\/wp-content\/uploads\/2021\/12\/34AS.jpg","type":"image\/jpeg"}],"schema":{"@context":"https:\/\/schema.org","@graph":[{"@type":"WebPage","@id":"https:\/\/mci-implants.de\/produkt\/halteschrauben-abdruckpfosten-pick-up-4er-pack\/","url":"https:\/\/mci-implants.de\/produkt\/halteschrauben-abdruckpfosten-pick-up-4er-pack\/","name":"Halteschrauben Abdruckpfosten Pick-Up (4er Pack) - MCI Dental Implants","isPartOf":{"@id":"https:\/\/mci-implants.de\/#website"},"primaryImageOfPage":{"@id":"https:\/\/mci-implants.de\/produkt\/halteschrauben-abdruckpfosten-pick-up-4er-pack\/#primaryimage"},"image":{"@id":"https:\/\/mci-implants.de\/produkt\/halteschrauben-abdruckpfosten-pick-up-4er-pack\/#primaryimage"},"thumbnailUrl":"https:\/\/mci-implants.de\/wp-content\/uploads\/2021\/12\/34AS.jpg","datePublished":"2022-03-23T09:42:40+00:00","dateModified":"2024-03-28T12:20:35+00:00","breadcrumb":{"@id":"https:\/\/mci-implants.de\/produkt\/halteschrauben-abdruckpfosten-pick-up-4er-pack\/#breadcrumb"},"inLanguage":"en-GB","potentialAction":[{"@type":"ReadAction","target":["https:\/\/mci-implants.de\/produkt\/halteschrauben-abdruckpfosten-pick-up-4er-pack\/"]}]},{"@type":"ImageObject","inLanguage":"en-GB","@id":"https:\/\/mci-implants.de\/produkt\/halteschrauben-abdruckpfosten-pick-up-4er-pack\/#primaryimage","url":"https:\/\/mci-implants.de\/wp-content\/uploads\/2021\/12\/34AS.jpg","contentUrl":"https:\/\/mci-implants.de\/wp-content\/uploads\/2021\/12\/34AS.jpg","width":800,"height":800},{"@type":"BreadcrumbList","@id":"https:\/\/mci-implants.de\/produkt\/halteschrauben-abdruckpfosten-pick-up-4er-pack\/#breadcrumb","itemListElement":[{"@type":"ListItem","position":1,"name":"Home","item":"https:\/\/mci-implants.de\/"},{"@type":"ListItem","position":2,"name":"Shop","item":"https:\/\/mci-implants.de\/shop\/"},{"@type":"ListItem","position":3,"name":"Halteschrauben Abdruckpfosten Pick-Up (4er Pack)"}]},{"@type":"WebSite","@id":"https:\/\/mci-implants.de\/#website","url":"https:\/\/mci-implants.de\/","name":"MCI Dental Implants","description":"","potentialAction":[{"@type":"SearchAction","target":{"@type":"EntryPoint","urlTemplate":"https:\/\/mci-implants.de\/?s={search_term_string}"},"query-input":{"@type":"PropertyValueSpecification","valueRequired":true,"valueName":"search_term_string"}}],"inLanguage":"en-GB"}]}},"_links":{"self":[{"href":"https:\/\/mci-implants.de\/en\/wp-json\/wp\/v2\/product\/247331","targetHints":{"allow":["GET"]}}],"collection":[{"href":"https:\/\/mci-implants.de\/en\/wp-json\/wp\/v2\/product"}],"about":[{"href":"https:\/\/mci-implants.de\/en\/wp-json\/wp\/v2\/types\/product"}],"wp:featuredmedia":[{"embeddable":true,"href":"https:\/\/mci-implants.de\/en\/wp-json\/wp\/v2\/media\/247162"}],"wp:attachment":[{"href":"https:\/\/mci-implants.de\/en\/wp-json\/wp\/v2\/media?parent=247331"}],"wp:term":[{"taxonomy":"product_brand","embeddable":true,"href":"https:\/\/mci-implants.de\/en\/wp-json\/wp\/v2\/product_brand?post=247331"},{"taxonomy":"product_cat","embeddable":true,"href":"https:\/\/mci-implants.de\/en\/wp-json\/wp\/v2\/product_cat?post=247331"},{"taxonomy":"product_tag","embeddable":true,"href":"https:\/\/mci-implants.de\/en\/wp-json\/wp\/v2\/product_tag?post=247331"}],"curies":[{"name":"wp","href":"https:\/\/api.w.org\/{rel}","templated":true}]}}