


{"id":251005,"date":"2025-07-15T08:26:05","date_gmt":"2025-07-15T08:26:05","guid":{"rendered":"https:\/\/mci-implants.de\/?post_type=product&#038;p=251005"},"modified":"2026-04-09T08:13:17","modified_gmt":"2026-04-09T08:13:17","slug":"boneprotect-membrane-2","status":"publish","type":"product","link":"https:\/\/mci-implants.de\/en\/product\/boneprotect-membrane-2\/","title":{"rendered":"BoneProtect\u00ae Membrane+"},"content":{"rendered":"<p><strong>Pericardium Kollagenmembran<\/strong><\/p>\n<p>BoneProtect<sup style=\"font-size: .6em; line-height: 1em;\">\u00ae<\/sup> membrane<sup style=\"font-size: .6em; line-height: 1em;\">+<\/sup> ist eine resorbierbare Dentalmembran, die f\u00fcr die gesteuerte Knochenregeneration (GBR) entwickelt wurde. Sie besteht aus gereinigtem Kollagen, das ohne k\u00fcnstliche Quervernetzung oder chemische Behandlung prozessiert wird.<\/p>\n<p>Die Membran zeichnet sich durch ihre hohe Zugfestigkeit aus, welche die mechanische Stabilit\u00e4t w\u00e4hrend chirurgischer Eingriffe erh\u00f6ht. Ihre exzellente Formstabilit\u00e4t und Flexibilit\u00e4t werden durch eine schnelle Hydratation nach dem Kontakt mit physiologischen Fl\u00fcssigkeiten erreicht, was eine pr\u00e4zise Anpassung an die Oberfl\u00e4chenkonturen des Defektbereichs erm\u00f6glicht.<\/p>\n<p>BoneProtect<sup style=\"font-size: .6em; line-height: 1em;\">\u00ae<\/sup> membrane<sup style=\"font-size: .6em; line-height: 1em;\">+<\/sup> dient als resorbierbare Barriere, die einen stabilen Platzhaltereffekt \u00fcber einen l\u00e4ngeren Zeitraum gew\u00e4hrleistet. Das Material unterliegt einem biologischen Abbau und wird typischerweise innerhalb von 24 Wochen nach der Implantation vollst\u00e4ndig resorbiert.<\/p>\n<p>Die mikrostrukturierte Oberfl\u00e4che der BoneProtect<sup style=\"font-size: .6em; line-height: 1em;\">\u00ae<\/sup> membrane<sup style=\"font-size: .6em; line-height: 1em;\">+<\/sup> weist eine hohe Porosit\u00e4t und eine erh\u00f6hte spezifische Oberfl\u00e4che auf. Diese Eigenschaften f\u00f6rdern eine optimale Vaskularisierung und unterst\u00fctzen die Integration von Blutbestandteilen, was essenziell f\u00fcr die Osteogenese und die Regeneration von Weichgewebe ist.<\/p>\n<p><strong>Vorteile<\/strong><\/p>\n<ul>\n<li>Besonders d\u00fcnne Membran<\/li>\n<li>Einfaches und ausgezeichnetes Handling<\/li>\n<li>H\u00e4mostatische Wirkung<\/li>\n<li>Schnelle Hydratation<\/li>\n<li>Die por\u00f6se Struktur erm\u00f6glicht eine schnelle Vaskularisierung<\/li>\n<li>Hervorragende Anpassung an Defektoberfl\u00e4che<\/li>\n<li>Einsetzbar trocken sowie feucht<\/li>\n<li>Kein unerw\u00fcnschtes Aneinanderkleben nach Rehydratation<\/li>\n<li>Ausgezeichnete hohe Zugfestigkeit und Resistenz gegen Zerrei\u00dfen<\/li>\n<li>Beidseitig einsetzbar<\/li>\n<li>Vorhersagbare Barrierefunktion von 3 bis 5 Monaten<\/li>\n<\/ul>\n<p>&nbsp;<\/p>\n<p><strong>Indications: Implantology, periodontology, maxillofacial surgery<\/strong><\/p>\n<ul>\n<li>Auff\u00fcllung von Extraktionsalveolen und parodontalen Defekten<\/li>\n<li>Behandlung nach Zahnextraktion<\/li>\n<li>Vertikale Augmentation<\/li>\n<li>Horizontale Augmentation<\/li>\n<li>Dehiszenzdefekte<\/li>\n<li>Sinusbodenelevation<\/li>\n<li>Intraoss\u00e4re Defekte<\/li>\n<li>Kieferkamm-Aufbau zur Implantatbettvorbereitung und zeitgleich bei Implantationen<\/li>\n<li>Erhalt des Alveolar-\/Kieferkammes (Ridge Preservation, Socket Preservation)<\/li>\n<\/ul>","protected":false},"excerpt":{"rendered":"<p>Contents 1 piece<\/p>","protected":false},"featured_media":250986,"template":"","meta":{"_et_pb_use_builder":"","_et_pb_old_content":"","_et_gb_content_width":""},"product_brand":[],"product_cat":[110,269],"product_tag":[],"class_list":{"0":"post-251005","1":"product","2":"type-product","3":"status-publish","4":"has-post-thumbnail","6":"product_cat-biomaterialien","7":"product_cat-weichgewebe","9":"first","10":"instock","11":"taxable","12":"shipping-taxable","13":"product-type-variable"},"yoast_head":"<!-- This site is optimized with the Yoast SEO plugin v27.4 - https:\/\/yoast.com\/product\/yoast-seo-wordpress\/ -->\n<title>BoneProtect\u00ae Membrane+ - MCI Dental Implants<\/title>\n<meta name=\"robots\" content=\"index, follow, max-snippet:-1, max-image-preview:large, max-video-preview:-1\" \/>\n<link rel=\"canonical\" href=\"https:\/\/mci-implants.de\/en\/product\/boneprotect-membrane-2\/\" \/>\n<meta property=\"og:locale\" content=\"en_GB\" \/>\n<meta property=\"og:type\" content=\"article\" \/>\n<meta property=\"og:title\" content=\"BoneProtect\u00ae Membrane+ - MCI Dental Implants\" \/>\n<meta property=\"og:description\" content=\"Inhalt 1 St\u00fcck\" \/>\n<meta property=\"og:url\" content=\"https:\/\/mci-implants.de\/en\/product\/boneprotect-membrane-2\/\" \/>\n<meta property=\"og:site_name\" content=\"MCI Dental Implants\" \/>\n<meta property=\"article:modified_time\" content=\"2026-04-09T08:13:17+00:00\" \/>\n<meta property=\"og:image\" content=\"https:\/\/mci-implants.de\/wp-content\/uploads\/2025\/07\/BP_Membrane_2025-scaled.png\" \/>\n\t<meta property=\"og:image:width\" content=\"2560\" \/>\n\t<meta property=\"og:image:height\" content=\"1920\" \/>\n\t<meta property=\"og:image:type\" content=\"image\/png\" \/>\n<meta name=\"twitter:label1\" content=\"Estimated reading time\" \/>\n\t<meta name=\"twitter:data1\" content=\"2 minutes\" \/>\n<script type=\"application\/ld+json\" class=\"yoast-schema-graph\">{\"@context\":\"https:\\\/\\\/schema.org\",\"@graph\":[{\"@type\":\"WebPage\",\"@id\":\"https:\\\/\\\/mci-implants.de\\\/produkt\\\/boneprotect-membrane-2\\\/\",\"url\":\"https:\\\/\\\/mci-implants.de\\\/produkt\\\/boneprotect-membrane-2\\\/\",\"name\":\"BoneProtect\u00ae Membrane+ - MCI Dental Implants\",\"isPartOf\":{\"@id\":\"https:\\\/\\\/mci-implants.de\\\/#website\"},\"primaryImageOfPage\":{\"@id\":\"https:\\\/\\\/mci-implants.de\\\/produkt\\\/boneprotect-membrane-2\\\/#primaryimage\"},\"image\":{\"@id\":\"https:\\\/\\\/mci-implants.de\\\/produkt\\\/boneprotect-membrane-2\\\/#primaryimage\"},\"thumbnailUrl\":\"https:\\\/\\\/mci-implants.de\\\/wp-content\\\/uploads\\\/2025\\\/07\\\/BP_Membrane_2025-scaled.png\",\"datePublished\":\"2025-07-15T08:26:05+00:00\",\"dateModified\":\"2026-04-09T08:13:17+00:00\",\"breadcrumb\":{\"@id\":\"https:\\\/\\\/mci-implants.de\\\/produkt\\\/boneprotect-membrane-2\\\/#breadcrumb\"},\"inLanguage\":\"en-GB\",\"potentialAction\":[{\"@type\":\"ReadAction\",\"target\":[\"https:\\\/\\\/mci-implants.de\\\/produkt\\\/boneprotect-membrane-2\\\/\"]}]},{\"@type\":\"ImageObject\",\"inLanguage\":\"en-GB\",\"@id\":\"https:\\\/\\\/mci-implants.de\\\/produkt\\\/boneprotect-membrane-2\\\/#primaryimage\",\"url\":\"https:\\\/\\\/mci-implants.de\\\/wp-content\\\/uploads\\\/2025\\\/07\\\/BP_Membrane_2025-scaled.png\",\"contentUrl\":\"https:\\\/\\\/mci-implants.de\\\/wp-content\\\/uploads\\\/2025\\\/07\\\/BP_Membrane_2025-scaled.png\",\"width\":2560,\"height\":1920},{\"@type\":\"BreadcrumbList\",\"@id\":\"https:\\\/\\\/mci-implants.de\\\/produkt\\\/boneprotect-membrane-2\\\/#breadcrumb\",\"itemListElement\":[{\"@type\":\"ListItem\",\"position\":1,\"name\":\"Home\",\"item\":\"https:\\\/\\\/mci-implants.de\\\/\"},{\"@type\":\"ListItem\",\"position\":2,\"name\":\"Shop\",\"item\":\"https:\\\/\\\/mci-implants.de\\\/shop\\\/\"},{\"@type\":\"ListItem\",\"position\":3,\"name\":\"BoneProtect\u00ae Membrane+\"}]},{\"@type\":\"WebSite\",\"@id\":\"https:\\\/\\\/mci-implants.de\\\/#website\",\"url\":\"https:\\\/\\\/mci-implants.de\\\/\",\"name\":\"MCI Dental Implants\",\"description\":\"\",\"potentialAction\":[{\"@type\":\"SearchAction\",\"target\":{\"@type\":\"EntryPoint\",\"urlTemplate\":\"https:\\\/\\\/mci-implants.de\\\/?s={search_term_string}\"},\"query-input\":{\"@type\":\"PropertyValueSpecification\",\"valueRequired\":true,\"valueName\":\"search_term_string\"}}],\"inLanguage\":\"en-GB\"}]}<\/script>\n<!-- \/ Yoast SEO plugin. -->","yoast_head_json":{"title":"BoneProtect\u00ae Membrane+ - MCI Dental Implants","robots":{"index":"index","follow":"follow","max-snippet":"max-snippet:-1","max-image-preview":"max-image-preview:large","max-video-preview":"max-video-preview:-1"},"canonical":"https:\/\/mci-implants.de\/en\/product\/boneprotect-membrane-2\/","og_locale":"en_GB","og_type":"article","og_title":"BoneProtect\u00ae Membrane+ - MCI Dental Implants","og_description":"Inhalt 1 St\u00fcck","og_url":"https:\/\/mci-implants.de\/en\/product\/boneprotect-membrane-2\/","og_site_name":"MCI Dental Implants","article_modified_time":"2026-04-09T08:13:17+00:00","og_image":[{"width":2560,"height":1920,"url":"https:\/\/mci-implants.de\/wp-content\/uploads\/2025\/07\/BP_Membrane_2025-scaled.png","type":"image\/png"}],"twitter_misc":{"Estimated reading time":"2 minutes"},"schema":{"@context":"https:\/\/schema.org","@graph":[{"@type":"WebPage","@id":"https:\/\/mci-implants.de\/produkt\/boneprotect-membrane-2\/","url":"https:\/\/mci-implants.de\/produkt\/boneprotect-membrane-2\/","name":"BoneProtect\u00ae Membrane+ - MCI Dental Implants","isPartOf":{"@id":"https:\/\/mci-implants.de\/#website"},"primaryImageOfPage":{"@id":"https:\/\/mci-implants.de\/produkt\/boneprotect-membrane-2\/#primaryimage"},"image":{"@id":"https:\/\/mci-implants.de\/produkt\/boneprotect-membrane-2\/#primaryimage"},"thumbnailUrl":"https:\/\/mci-implants.de\/wp-content\/uploads\/2025\/07\/BP_Membrane_2025-scaled.png","datePublished":"2025-07-15T08:26:05+00:00","dateModified":"2026-04-09T08:13:17+00:00","breadcrumb":{"@id":"https:\/\/mci-implants.de\/produkt\/boneprotect-membrane-2\/#breadcrumb"},"inLanguage":"en-GB","potentialAction":[{"@type":"ReadAction","target":["https:\/\/mci-implants.de\/produkt\/boneprotect-membrane-2\/"]}]},{"@type":"ImageObject","inLanguage":"en-GB","@id":"https:\/\/mci-implants.de\/produkt\/boneprotect-membrane-2\/#primaryimage","url":"https:\/\/mci-implants.de\/wp-content\/uploads\/2025\/07\/BP_Membrane_2025-scaled.png","contentUrl":"https:\/\/mci-implants.de\/wp-content\/uploads\/2025\/07\/BP_Membrane_2025-scaled.png","width":2560,"height":1920},{"@type":"BreadcrumbList","@id":"https:\/\/mci-implants.de\/produkt\/boneprotect-membrane-2\/#breadcrumb","itemListElement":[{"@type":"ListItem","position":1,"name":"Home","item":"https:\/\/mci-implants.de\/"},{"@type":"ListItem","position":2,"name":"Shop","item":"https:\/\/mci-implants.de\/shop\/"},{"@type":"ListItem","position":3,"name":"BoneProtect\u00ae Membrane+"}]},{"@type":"WebSite","@id":"https:\/\/mci-implants.de\/#website","url":"https:\/\/mci-implants.de\/","name":"MCI Dental Implants","description":"","potentialAction":[{"@type":"SearchAction","target":{"@type":"EntryPoint","urlTemplate":"https:\/\/mci-implants.de\/?s={search_term_string}"},"query-input":{"@type":"PropertyValueSpecification","valueRequired":true,"valueName":"search_term_string"}}],"inLanguage":"en-GB"}]}},"_links":{"self":[{"href":"https:\/\/mci-implants.de\/en\/wp-json\/wp\/v2\/product\/251005","targetHints":{"allow":["GET"]}}],"collection":[{"href":"https:\/\/mci-implants.de\/en\/wp-json\/wp\/v2\/product"}],"about":[{"href":"https:\/\/mci-implants.de\/en\/wp-json\/wp\/v2\/types\/product"}],"wp:featuredmedia":[{"embeddable":true,"href":"https:\/\/mci-implants.de\/en\/wp-json\/wp\/v2\/media\/250986"}],"wp:attachment":[{"href":"https:\/\/mci-implants.de\/en\/wp-json\/wp\/v2\/media?parent=251005"}],"wp:term":[{"taxonomy":"product_brand","embeddable":true,"href":"https:\/\/mci-implants.de\/en\/wp-json\/wp\/v2\/product_brand?post=251005"},{"taxonomy":"product_cat","embeddable":true,"href":"https:\/\/mci-implants.de\/en\/wp-json\/wp\/v2\/product_cat?post=251005"},{"taxonomy":"product_tag","embeddable":true,"href":"https:\/\/mci-implants.de\/en\/wp-json\/wp\/v2\/product_tag?post=251005"}],"curies":[{"name":"wp","href":"https:\/\/api.w.org\/{rel}","templated":true}]}}